{"id":709210,"date":"2025-08-27T16:22:47","date_gmt":"2025-08-27T13:22:47","guid":{"rendered":"https:\/\/roveyayinevi.com.tr\/index.php\/urun\/mutlulugun-otesinde-kadinlar-is-hayati-ve-iyi-hissetme\/"},"modified":"2026-04-16T02:17:59","modified_gmt":"2026-04-15T23:17:59","slug":"mutlulugun-otesinde-kadinlar-is-hayati-ve-iyi-hissetme","status":"publish","type":"product","link":"https:\/\/roveyayinevi.com.tr\/index.php\/urun\/mutlulugun-otesinde-kadinlar-is-hayati-ve-iyi-hissetme\/","title":{"rendered":"Mutlulu\u011fun \u00d6tesinde-Kad\u0131nlar, \u0130\u015f Hayat\u0131 ve \u0130yi Hissetme"},"content":{"rendered":"<p>\u0130\u015f d\u00fcnyas\u0131nda ba\u015far\u0131 ve kariyer, s\u00f6z konusu kad\u0131nlar oldu\u011funda, ilk basama\u011f\u0131n\u0131 hayattaki ba\u015fka \u015feylerden feragat etme mecburiyetinin olu\u015fturdu\u011fu y\u00fcksek bir merdiven gibi g\u00f6r\u00fcl\u00fcr. Kad\u0131nlar\u0131n kariyer ve ba\u015far\u0131 i\u00e7in vazge\u00e7mesi \u015fartm\u0131\u015f gibi yans\u0131t\u0131lan \u015feylerin ba\u015f\u0131nda da aile, \u00e7ocuklar ve sosyal ili\u015fkiler gelmektedir. Bunlar olmadan ya\u015fanan bir hayat\u0131n beraberinde mutsuzlu\u011fu getirmesi ise ka\u00e7\u0131n\u0131lmaz son gibidir. Oysa tam aksine, kad\u0131nlar i\u00e7in hem ba\u015far\u0131l\u0131 bir kariyer y\u00f6netimi hem de aile ili\u015fkileri-sosyal ya\u015famda canl\u0131 ve mutlu olmak m\u00fcmk\u00fcnd\u00fcr. \u0130\u015f ve \u00f6zel hayat sorumluluklar\u0131 aras\u0131nda kurulan denge, kad\u0131nlar\u0131n ya\u015fam\u0131n\u0131 daha aktif ve anlaml\u0131 hale getirecektir. Mutlulu\u011fun \u00d6tesinde, i\u015f d\u00fcnyas\u0131n\u0131n, ba\u015far\u0131l\u0131 bir kariyeri ve mutlu bir \u00f6zel ya\u015fam\u0131 ayn\u0131 anda hak eden \u2013hem de fazlas\u0131yla hak eden\u2013 kad\u0131nlar\u0131na, bu amaca ula\u015fmalar\u0131 i\u00e7in uygulayabilecekleri stratejileri a\u00e7\u0131klay\u0131c\u0131 bir dille ve \u00f6rneklerle anlat\u0131yor. <\/p>\n","protected":false},"excerpt":{"rendered":"<p>\u0130\u015f d\u00fcnyas\u0131nda ba\u015far\u0131 ve kariyer, s\u00f6z konusu kad\u0131nlar oldu\u011funda, ilk basama\u011f\u0131n\u0131 hayattaki ba\u015fka \u015feylerden feragat etme mecburiyetinin olu\u015fturdu\u011fu y\u00fcksek bir merdiven gibi g\u00f6r\u00fcl\u00fcr. Kad\u0131nlar\u0131n kariyer ve<span class=\"excerpt-hellip\"> [\u2026]<\/span><\/p>\n","protected":false},"featured_media":0,"template":"","meta":{"_monsterinsights_skip_tracking":false,"_monsterinsights_sitenote_active":false,"_monsterinsights_sitenote_note":"","_monsterinsights_sitenote_category":0},"product_brand":[],"product_cat":[13043,17647],"product_tag":[],"class_list":{"0":"post-709210","1":"product","2":"type-product","3":"status-publish","5":"product_cat-ekonomi","6":"product_cat-is-dunyasi","7":"pa_cilt-ciltsiz","8":"pa_tur-kitap","9":"pa_yayinevi-nemesis-kitap","10":"pa_yazar-beth-cabrera","12":"first","13":"instock","14":"sale","15":"shipping-taxable","16":"purchasable","17":"product-type-simple"},"_links":{"self":[{"href":"https:\/\/roveyayinevi.com.tr\/index.php\/wp-json\/wp\/v2\/product\/709210","targetHints":{"allow":["GET"]}}],"collection":[{"href":"https:\/\/roveyayinevi.com.tr\/index.php\/wp-json\/wp\/v2\/product"}],"about":[{"href":"https:\/\/roveyayinevi.com.tr\/index.php\/wp-json\/wp\/v2\/types\/product"}],"wp:attachment":[{"href":"https:\/\/roveyayinevi.com.tr\/index.php\/wp-json\/wp\/v2\/media?parent=709210"}],"wp:term":[{"taxonomy":"product_brand","embeddable":true,"href":"https:\/\/roveyayinevi.com.tr\/index.php\/wp-json\/wp\/v2\/product_brand?post=709210"},{"taxonomy":"product_cat","embeddable":true,"href":"https:\/\/roveyayinevi.com.tr\/index.php\/wp-json\/wp\/v2\/product_cat?post=709210"},{"taxonomy":"product_tag","embeddable":true,"href":"https:\/\/roveyayinevi.com.tr\/index.php\/wp-json\/wp\/v2\/product_tag?post=709210"}],"curies":[{"name":"wp","href":"https:\/\/api.w.org\/{rel}","templated":true}]}}