{"id":709208,"date":"2025-08-27T16:22:46","date_gmt":"2025-08-27T13:22:46","guid":{"rendered":"https:\/\/roveyayinevi.com.tr\/index.php\/urun\/siki-dostlar-kurbaga-ve-murbaga\/"},"modified":"2026-04-16T02:17:59","modified_gmt":"2026-04-15T23:17:59","slug":"siki-dostlar-kurbaga-ve-murbaga","status":"publish","type":"product","link":"https:\/\/roveyayinevi.com.tr\/index.php\/urun\/siki-dostlar-kurbaga-ve-murbaga\/","title":{"rendered":"S\u0131k\u0131 Dostlar Kurba\u011fa ve Murba\u011fa"},"content":{"rendered":"<p>Birbirlerine mektup yazmaktan tutun da, birlikte y\u00fczmeye, birbirlerine hik\u00e2yeler anlatmaya, kay\u0131p d\u00fc\u011fmeleri birlikte bulmaya kadar her \u015feyde, Kurba\u011fa ve Murba\u011fa hep birlikte \u2013 tam da en yak\u0131n arkada\u015flar\u0131n olmas\u0131 gerekti\u011fi gibi.   &#8220;Kurba\u011fa ve Murba\u011fa verandada oturup birlikte \u00fcz\u00fcld\u00fcler.&#8217; yaz\u0131yor bu hikayede. Belki b\u00f6yle dostluk hikayeleri okumad\u0131n\u0131z. Onlar hep birlikteler; her sorunu birbirlerine yard\u0131m ederek \u00e7\u00f6z\u00fcyorlar, birlikte e\u011fleniyorlar&#8230; En \u00f6nemlisi, birlikte \u00fcz\u00fcl\u00fcyorlar. Kurba\u011fa ve Murba\u011fa, okul \u00f6ncesi \u00e7a\u011fdan ba\u015flayarak \u00e7ocu\u011funuza okumaya ba\u015flayaca\u011f\u0131n\u0131z hikayelerin kahramanlar\u0131&#8230; \u00c7ocuklar ger\u00e7ek dostlu\u011fu, yard\u0131mla\u015fmay\u0131 bu hikayelerden \u00f6\u011frenebilirler&#8230;Kimbilir, i\u00e7inde bize tan\u0131d\u0131k gelenler de vard\u0131r!&#8221;  Gaye Serdal \u2013 K\u00fct\u00fcphane \u00d6\u011fretmeni<\/p>\n","protected":false},"excerpt":{"rendered":"<p>Birbirlerine mektup yazmaktan tutun da, birlikte y\u00fczmeye, birbirlerine hik\u00e2yeler anlatmaya, kay\u0131p d\u00fc\u011fmeleri birlikte bulmaya kadar her \u015feyde, Kurba\u011fa ve Murba\u011fa hep birlikte \u2013 tam da en<span class=\"excerpt-hellip\"> [\u2026]<\/span><\/p>\n","protected":false},"featured_media":0,"template":"","meta":{"_monsterinsights_skip_tracking":false,"_monsterinsights_sitenote_active":false,"_monsterinsights_sitenote_note":"","_monsterinsights_sitenote_category":0},"product_brand":[],"product_cat":[12275,12274],"product_tag":[],"class_list":{"0":"post-709208","1":"product","2":"type-product","3":"status-publish","5":"product_cat-6-12-yas-kitaplari","6":"product_cat-cocuk-ve-genclik-kitaplari","7":"pa_cilt-ciltsiz","8":"pa_tur-kitap","9":"pa_yayinevi-kelime-yayinlari","10":"pa_yazar-arnold-lobel","12":"first","13":"instock","14":"sale","15":"shipping-taxable","16":"purchasable","17":"product-type-simple"},"_links":{"self":[{"href":"https:\/\/roveyayinevi.com.tr\/index.php\/wp-json\/wp\/v2\/product\/709208","targetHints":{"allow":["GET"]}}],"collection":[{"href":"https:\/\/roveyayinevi.com.tr\/index.php\/wp-json\/wp\/v2\/product"}],"about":[{"href":"https:\/\/roveyayinevi.com.tr\/index.php\/wp-json\/wp\/v2\/types\/product"}],"wp:attachment":[{"href":"https:\/\/roveyayinevi.com.tr\/index.php\/wp-json\/wp\/v2\/media?parent=709208"}],"wp:term":[{"taxonomy":"product_brand","embeddable":true,"href":"https:\/\/roveyayinevi.com.tr\/index.php\/wp-json\/wp\/v2\/product_brand?post=709208"},{"taxonomy":"product_cat","embeddable":true,"href":"https:\/\/roveyayinevi.com.tr\/index.php\/wp-json\/wp\/v2\/product_cat?post=709208"},{"taxonomy":"product_tag","embeddable":true,"href":"https:\/\/roveyayinevi.com.tr\/index.php\/wp-json\/wp\/v2\/product_tag?post=709208"}],"curies":[{"name":"wp","href":"https:\/\/api.w.org\/{rel}","templated":true}]}}