{"id":709206,"date":"2025-08-27T16:22:45","date_gmt":"2025-08-27T13:22:45","guid":{"rendered":"https:\/\/roveyayinevi.com.tr\/index.php\/urun\/cizmeli-gicir\/"},"modified":"2026-04-16T02:17:59","modified_gmt":"2026-04-15T23:17:59","slug":"cizmeli-gicir","status":"publish","type":"product","link":"https:\/\/roveyayinevi.com.tr\/index.php\/urun\/cizmeli-gicir\/","title":{"rendered":"\u00c7izmeli G\u0131c\u0131r"},"content":{"rendered":"<p>Yasemin ve bez bebe\u011fi Lavanta&#8217;n\u0131n yak\u0131n arkada\u015fl\u0131\u011f\u0131na s\u00fcrpriz bir isim kat\u0131l\u0131yor. \u00dcnl\u00fc \u00c7izmeli Kedi&#8217;nin torunu, \u00c7izmeli G\u0131c\u0131r! Yasemin&#8217;in s\u0131ra arkada\u015f\u0131 \u015eule, hastalan\u0131nca okuldan uzak kal\u0131r. Yasemin de arkada\u015f\u0131n\u0131 sevindirmek ister. Bir gece hepsi birden \u00c7izmeli G\u0131c\u0131r&#8217;\u0131n pe\u015fine tak\u0131l\u0131r ve buzdolab\u0131n\u0131n kapa\u011f\u0131n\u0131 a\u00e7t\u0131klar\u0131nda, ummad\u0131klar\u0131 bir \u015feyle kar\u015f\u0131la\u015f\u0131rlar. Yoksa, bu bir r\u00fcya m\u0131d\u0131r?.. \ufffcTan\u0131t\u0131m Metni<\/p>\n","protected":false},"excerpt":{"rendered":"<p>Yasemin ve bez bebe\u011fi Lavanta&#8217;n\u0131n yak\u0131n arkada\u015fl\u0131\u011f\u0131na s\u00fcrpriz bir isim kat\u0131l\u0131yor. \u00dcnl\u00fc \u00c7izmeli Kedi&#8217;nin torunu, \u00c7izmeli G\u0131c\u0131r! Yasemin&#8217;in s\u0131ra arkada\u015f\u0131 \u015eule, hastalan\u0131nca okuldan uzak kal\u0131r. Yasemin<span class=\"excerpt-hellip\"> [\u2026]<\/span><\/p>\n","protected":false},"featured_media":0,"template":"","meta":{"_monsterinsights_skip_tracking":false,"_monsterinsights_sitenote_active":false,"_monsterinsights_sitenote_note":"","_monsterinsights_sitenote_category":0},"product_brand":[],"product_cat":[12275,12274],"product_tag":[],"class_list":{"0":"post-709206","1":"product","2":"type-product","3":"status-publish","5":"product_cat-6-12-yas-kitaplari","6":"product_cat-cocuk-ve-genclik-kitaplari","7":"pa_cilt-ciltsiz","8":"pa_tur-kitap","9":"pa_yayinevi-gunisigi-kitapligi","10":"pa_yazar-sevgi-saygi","12":"first","13":"instock","14":"sale","15":"shipping-taxable","16":"purchasable","17":"product-type-simple"},"_links":{"self":[{"href":"https:\/\/roveyayinevi.com.tr\/index.php\/wp-json\/wp\/v2\/product\/709206","targetHints":{"allow":["GET"]}}],"collection":[{"href":"https:\/\/roveyayinevi.com.tr\/index.php\/wp-json\/wp\/v2\/product"}],"about":[{"href":"https:\/\/roveyayinevi.com.tr\/index.php\/wp-json\/wp\/v2\/types\/product"}],"wp:attachment":[{"href":"https:\/\/roveyayinevi.com.tr\/index.php\/wp-json\/wp\/v2\/media?parent=709206"}],"wp:term":[{"taxonomy":"product_brand","embeddable":true,"href":"https:\/\/roveyayinevi.com.tr\/index.php\/wp-json\/wp\/v2\/product_brand?post=709206"},{"taxonomy":"product_cat","embeddable":true,"href":"https:\/\/roveyayinevi.com.tr\/index.php\/wp-json\/wp\/v2\/product_cat?post=709206"},{"taxonomy":"product_tag","embeddable":true,"href":"https:\/\/roveyayinevi.com.tr\/index.php\/wp-json\/wp\/v2\/product_tag?post=709206"}],"curies":[{"name":"wp","href":"https:\/\/api.w.org\/{rel}","templated":true}]}}