{"id":709205,"date":"2025-08-27T16:22:45","date_gmt":"2025-08-27T13:22:45","guid":{"rendered":"https:\/\/roveyayinevi.com.tr\/index.php\/urun\/yasemin-ve-lavanta\/"},"modified":"2026-04-16T02:17:59","modified_gmt":"2026-04-15T23:17:59","slug":"yasemin-ve-lavanta","status":"publish","type":"product","link":"https:\/\/roveyayinevi.com.tr\/index.php\/urun\/yasemin-ve-lavanta\/","title":{"rendered":"Yasemin ve Lavanta"},"content":{"rendered":"<p>Yasemin, yar\u0131y\u0131l tatilini babaannesinin yan\u0131nda ge\u00e7irecektir. Ama yolculuk s\u0131ras\u0131nda \u00e7ok sevdi\u011fi oyuncak bebe\u011fini kaybeder, \u00fcst\u00fcne \u00fcstl\u00fck ate\u015flenir. G\u00f6zlerini a\u00e7t\u0131\u011f\u0131ndaysa yan\u0131 ba\u015f\u0131nda bir s\u00fcrpriz bulur. Eski giysilerinden dikilen bu mor sa\u00e7l\u0131 bez bebe\u011fe Lavanta ad\u0131 verilir. K\u0131sa s\u00fcrede ayr\u0131lmaz ikili haline gelen Yasemin ve Lavanta&#8217;y\u0131 birbirinden ilgin\u00e7 maceralar beklemektedir\u2026 \ufffcTan\u0131t\u0131m Metni<\/p>\n","protected":false},"excerpt":{"rendered":"<p>Yasemin, yar\u0131y\u0131l tatilini babaannesinin yan\u0131nda ge\u00e7irecektir. Ama yolculuk s\u0131ras\u0131nda \u00e7ok sevdi\u011fi oyuncak bebe\u011fini kaybeder, \u00fcst\u00fcne \u00fcstl\u00fck ate\u015flenir. G\u00f6zlerini a\u00e7t\u0131\u011f\u0131ndaysa yan\u0131 ba\u015f\u0131nda bir s\u00fcrpriz bulur. Eski giysilerinden<span class=\"excerpt-hellip\"> [\u2026]<\/span><\/p>\n","protected":false},"featured_media":0,"template":"","meta":{"_monsterinsights_skip_tracking":false,"_monsterinsights_sitenote_active":false,"_monsterinsights_sitenote_note":"","_monsterinsights_sitenote_category":0},"product_brand":[],"product_cat":[12275,12274],"product_tag":[],"class_list":{"0":"post-709205","1":"product","2":"type-product","3":"status-publish","5":"product_cat-6-12-yas-kitaplari","6":"product_cat-cocuk-ve-genclik-kitaplari","7":"pa_cilt-ciltsiz","8":"pa_tur-kitap","9":"pa_yayinevi-gunisigi-kitapligi","10":"pa_yazar-sevgi-saygi","12":"first","13":"instock","14":"sale","15":"shipping-taxable","16":"purchasable","17":"product-type-simple"},"_links":{"self":[{"href":"https:\/\/roveyayinevi.com.tr\/index.php\/wp-json\/wp\/v2\/product\/709205","targetHints":{"allow":["GET"]}}],"collection":[{"href":"https:\/\/roveyayinevi.com.tr\/index.php\/wp-json\/wp\/v2\/product"}],"about":[{"href":"https:\/\/roveyayinevi.com.tr\/index.php\/wp-json\/wp\/v2\/types\/product"}],"wp:attachment":[{"href":"https:\/\/roveyayinevi.com.tr\/index.php\/wp-json\/wp\/v2\/media?parent=709205"}],"wp:term":[{"taxonomy":"product_brand","embeddable":true,"href":"https:\/\/roveyayinevi.com.tr\/index.php\/wp-json\/wp\/v2\/product_brand?post=709205"},{"taxonomy":"product_cat","embeddable":true,"href":"https:\/\/roveyayinevi.com.tr\/index.php\/wp-json\/wp\/v2\/product_cat?post=709205"},{"taxonomy":"product_tag","embeddable":true,"href":"https:\/\/roveyayinevi.com.tr\/index.php\/wp-json\/wp\/v2\/product_tag?post=709205"}],"curies":[{"name":"wp","href":"https:\/\/api.w.org\/{rel}","templated":true}]}}