{"id":709204,"date":"2025-08-27T16:22:44","date_gmt":"2025-08-27T13:22:44","guid":{"rendered":"https:\/\/roveyayinevi.com.tr\/index.php\/urun\/vebal\/"},"modified":"2026-04-16T02:17:59","modified_gmt":"2026-04-15T23:17:59","slug":"vebal","status":"publish","type":"product","link":"https:\/\/roveyayinevi.com.tr\/index.php\/urun\/vebal\/","title":{"rendered":"Vebal"},"content":{"rendered":"<p>T\u00fcrkiye Cumhuriyeti Devleti ve toplumunun yak\u0131n d\u00f6nemde ya\u015fad\u0131\u011f\u0131 en \u00f6nemli s\u0131k\u0131nt\u0131l\u0131 mesele ideolojik \u00e7at\u0131\u015fmad\u0131r. \u00d6zellikle 1974-1980 aras\u0131 \u00fclkenin s\u00fcr\u00fcklendi\u011fi keskin ideolojik \u00e7at\u0131\u015fma silahl\u0131 \u00e7at\u0131\u015fmaya d\u00f6n\u00fc\u015fm\u00fc\u015f, bu da \u00fclkeyi b\u00fcy\u00fck bir buhrana s\u00fcr\u00fcklemi\u015ftir. Bug\u00fcnk\u00fc ter\u00f6r olaylar\u0131 o g\u00fcnlerden kalan k\u00f6t\u00fc bir mirast\u0131r. \u0130\u015fte bu olaylar\u0131n arka plan\u0131ndaki ger\u00e7ek sebepleri ele alan bir roman elimizde. Roman \u015fu anda gen\u00e7lerimizin ve kamuoyunun ayd\u0131nlanmas\u0131na \u0131\u015f\u0131k tutacak bir arka plan \u00e7al\u0131\u015fmas\u0131. Yazar\u0131 Zati \u00dcrer\u2019i tebrik ediyoruz. 15 Ocak 2017 Prof.Dr. Refik Turan T\u00fcrk Tarih Kurumu Ba\u015fkan\u0131 B\u0130R DEVR\u0130N ROMANI Ba\u015far\u0131l\u0131 bir \u00f6\u011fretmen olarak tan\u0131d\u0131\u011f\u0131m Zati \u00dcrer, \u015fimdi de yazd\u0131\u011f\u0131 roman ile yak\u0131n tarihe \u0131\u015f\u0131k tutuyor.Yak\u0131n tarihimizde ya\u015fad\u0131\u011f\u0131m\u0131z olaylar\u0131 konu alan Vebal, toplum haf\u0131zas\u0131n\u0131 canl\u0131 tutmam\u0131za yard\u0131mc\u0131 oluyor. Gen\u00e7 ku\u015faklar\u0131n bir devrin roman\u0131 olan Vebal\u2019i okumalar\u0131, ayn\u0131 yanl\u0131\u015flara d\u00fc\u015f\u00fclmesini \u00f6nleyecektir. \u201cBiz bu filmi g\u00f6rm\u00fc\u015ft\u00fck!\u201d dememek i\u00e7in ya\u015fananlardan ders almal\u0131\u2026 Prof. Dr. \u015e\u00fckr\u00fc Hal\u00fbk AKALIN T\u00fcrk Dil Kurumu Ba\u015fkan\u0131 (2001-2012) Vebal roman\u0131, T\u00fcrkiye\u2019de 1980 \u00f6ncesinin tarihini dile getirmi\u015ftir. Bu c\u00fcmleden olarak toplumun bizzat kendi tarihini bilmesi gerekir. Onun i\u00e7in de bu t\u00fcr eserlerin \u00e7o\u011falmas\u0131 gerekir. Yazar\u0131n\u0131 tebrik eder, ba\u015far\u0131lar dilerim. 10 Ocak 2017 Prof. Dr. Abdurrahman G\u00fczel \u00dcniversite \u00d6\u011fretim \u00dcyesi \u0130nsan\u0131n ac\u0131lar\u0131n\u0131 \u015fiire d\u00f6kmeye \u00e7al\u0131\u015ft\u0131m hep. Vebal roman\u0131yla yak\u0131n tarihin ac\u0131lar\u0131na dikkat \u00e7eken dostum Zati \u00dcrer\u2019in bu eserinde de \u015fiirlerimin yer almas\u0131na onay vermekten onur duydum. 01 May\u0131s 2013 Dursun Ali Ak\u0131net Halk \u015eairi Yak\u0131n tarihimize tan\u0131k Vebal roman\u0131n\u0131n daha \u00e7ok insana ula\u015fmas\u0131 i\u00e7in bas\u0131m \u00e7al\u0131\u015fmalar\u0131na katk\u0131 yapmaktan onur ve mutluluk duyar\u0131z. \u00c7ok okunmas\u0131 dileklerimizle\u2026 18 Mart 2017 Orhan \u00dcnsal \u00dcnsal Group Y\u00f6netim Kurulu Ba\u015fkan\u0131 Do\u011fdu\u011fum y\u0131llar\u0131n tarihinin dersi Vebal roman\u0131n\u0131 okumak heyecan verici, gelece\u011fimize de \u0131\u015f\u0131k tutuyor. 22 Mart 2017 Fizyoterapist ve Refleksolog Yard. Do\u00e7.Dr. Gamze \u015eenbursa Ya\u015famkent an\u0130ma Rapha Fizyoterapi Klini\u011fi Sahibi <\/p>\n","protected":false},"excerpt":{"rendered":"<p>T\u00fcrkiye Cumhuriyeti Devleti ve toplumunun yak\u0131n d\u00f6nemde ya\u015fad\u0131\u011f\u0131 en \u00f6nemli s\u0131k\u0131nt\u0131l\u0131 mesele ideolojik \u00e7at\u0131\u015fmad\u0131r. \u00d6zellikle 1974-1980 aras\u0131 \u00fclkenin s\u00fcr\u00fcklendi\u011fi keskin ideolojik \u00e7at\u0131\u015fma silahl\u0131 \u00e7at\u0131\u015fmaya d\u00f6n\u00fc\u015fm\u00fc\u015f, bu<span class=\"excerpt-hellip\"> [\u2026]<\/span><\/p>\n","protected":false},"featured_media":0,"template":"","meta":{"_monsterinsights_skip_tracking":false,"_monsterinsights_sitenote_active":false,"_monsterinsights_sitenote_note":"","_monsterinsights_sitenote_category":0},"product_brand":[],"product_cat":[12291,12745],"product_tag":[],"class_list":{"0":"post-709204","1":"product","2":"type-product","3":"status-publish","5":"product_cat-edebiyat","6":"product_cat-tarihi-roman","7":"pa_cilt-ciltsiz","8":"pa_tur-kitap","9":"pa_yayinevi-baris-kitap","10":"pa_yazar-zati-urer","12":"first","13":"instock","14":"sale","15":"shipping-taxable","16":"purchasable","17":"product-type-simple"},"_links":{"self":[{"href":"https:\/\/roveyayinevi.com.tr\/index.php\/wp-json\/wp\/v2\/product\/709204","targetHints":{"allow":["GET"]}}],"collection":[{"href":"https:\/\/roveyayinevi.com.tr\/index.php\/wp-json\/wp\/v2\/product"}],"about":[{"href":"https:\/\/roveyayinevi.com.tr\/index.php\/wp-json\/wp\/v2\/types\/product"}],"wp:attachment":[{"href":"https:\/\/roveyayinevi.com.tr\/index.php\/wp-json\/wp\/v2\/media?parent=709204"}],"wp:term":[{"taxonomy":"product_brand","embeddable":true,"href":"https:\/\/roveyayinevi.com.tr\/index.php\/wp-json\/wp\/v2\/product_brand?post=709204"},{"taxonomy":"product_cat","embeddable":true,"href":"https:\/\/roveyayinevi.com.tr\/index.php\/wp-json\/wp\/v2\/product_cat?post=709204"},{"taxonomy":"product_tag","embeddable":true,"href":"https:\/\/roveyayinevi.com.tr\/index.php\/wp-json\/wp\/v2\/product_tag?post=709204"}],"curies":[{"name":"wp","href":"https:\/\/api.w.org\/{rel}","templated":true}]}}