{"id":709203,"date":"2025-08-27T16:22:43","date_gmt":"2025-08-27T13:22:43","guid":{"rendered":"https:\/\/roveyayinevi.com.tr\/index.php\/urun\/kafatasi-tahti-iblis-dongusu-4\/"},"modified":"2026-04-16T02:17:59","modified_gmt":"2026-04-15T23:17:59","slug":"kafatasi-tahti-iblis-dongusu-4","status":"publish","type":"product","link":"https:\/\/roveyayinevi.com.tr\/index.php\/urun\/kafatasi-tahti-iblis-dongusu-4\/","title":{"rendered":"Kafatas\u0131 Taht\u0131 \u0130blis D\u00f6ng\u00fcs\u00fc 4"},"content":{"rendered":"<p>George R. R. Martin ile Robert Jordan\u2019\u0131n ihti\u015faml\u0131 gelene\u011fini s\u00fcrd\u00fcren Sunday Times\u2019\u0131n \u00e7ok satan yazar\u0131 Peter V. Brett, b\u00fcy\u00fck be\u011feni toplayan \u0130blis D\u00f6ng\u00fcs\u00fc\u2019ne Kafatas\u0131 Taht\u0131 ile devam ediyor.Krasia\u2019n\u0131n Kafatas\u0131 Taht\u0131 sahipsiz kalm\u0131\u015ft\u0131r. \u00d6len generaller ve iblis prenslerin kafataslar\u0131ndan yap\u0131lan taht, kadim ve g\u00fc\u00e7l\u00fc bir sihir bar\u0131nd\u0131ran ve n\u00fcvelikleri uzakta tutan y\u00fcce bir iktidar sembol\u00fcd\u00fcr. O taht\u0131n tepesinden, Ahmann Jardir\u2019in d\u00fcnyay\u0131 fethetmesi, birbirlerinden kopan halklar\u0131 bir araya getirip iblis sava\u015f\u0131n\u0131 sonsuza kadar bitirecek bir ordu kurmas\u0131 gerekmektedir. Ama D\u00f6vmeli Adam, Arlen Bales buna engel olur ve onur meselesi yap\u0131p reddedemeyece\u011fini bildi\u011fi bir d\u00fcelloyla Jardir\u2019e meydan okur. Yenilgi riskini almaktansa, Arlen ikisini de bir u\u00e7urumdan a\u015fa\u011f\u0131 at\u0131p d\u00fcnyay\u0131 kurtar\u0131c\u0131s\u0131z b\u0131rak\u0131r ve Thesa\u2019n\u0131n \u00d6zg\u00fcr \u015eehirleri\u2019ni par\u00e7alamakla tehdit eden bir iktidar m\u00fccadelesi ba\u015flat\u0131r. <\/p>\n","protected":false},"excerpt":{"rendered":"<p>George R. R. Martin ile Robert Jordan\u2019\u0131n ihti\u015faml\u0131 gelene\u011fini s\u00fcrd\u00fcren Sunday Times\u2019\u0131n \u00e7ok satan yazar\u0131 Peter V. Brett, b\u00fcy\u00fck be\u011feni toplayan \u0130blis D\u00f6ng\u00fcs\u00fc\u2019ne Kafatas\u0131 Taht\u0131 ile<span class=\"excerpt-hellip\"> [\u2026]<\/span><\/p>\n","protected":false},"featured_media":0,"template":"","meta":{"_monsterinsights_skip_tracking":false,"_monsterinsights_sitenote_active":false,"_monsterinsights_sitenote_note":"","_monsterinsights_sitenote_category":0},"product_brand":[],"product_cat":[12540,12291],"product_tag":[],"class_list":{"0":"post-709203","1":"product","2":"type-product","3":"status-publish","5":"product_cat-bilim-kurgu","6":"product_cat-edebiyat","7":"pa_cilt-ciltsiz","8":"pa_tur-kitap","9":"pa_yayinevi-epsilon-yayinlari","10":"pa_yazar-peter-v-brett","12":"first","13":"instock","14":"sale","15":"shipping-taxable","16":"purchasable","17":"product-type-simple"},"_links":{"self":[{"href":"https:\/\/roveyayinevi.com.tr\/index.php\/wp-json\/wp\/v2\/product\/709203","targetHints":{"allow":["GET"]}}],"collection":[{"href":"https:\/\/roveyayinevi.com.tr\/index.php\/wp-json\/wp\/v2\/product"}],"about":[{"href":"https:\/\/roveyayinevi.com.tr\/index.php\/wp-json\/wp\/v2\/types\/product"}],"wp:attachment":[{"href":"https:\/\/roveyayinevi.com.tr\/index.php\/wp-json\/wp\/v2\/media?parent=709203"}],"wp:term":[{"taxonomy":"product_brand","embeddable":true,"href":"https:\/\/roveyayinevi.com.tr\/index.php\/wp-json\/wp\/v2\/product_brand?post=709203"},{"taxonomy":"product_cat","embeddable":true,"href":"https:\/\/roveyayinevi.com.tr\/index.php\/wp-json\/wp\/v2\/product_cat?post=709203"},{"taxonomy":"product_tag","embeddable":true,"href":"https:\/\/roveyayinevi.com.tr\/index.php\/wp-json\/wp\/v2\/product_tag?post=709203"}],"curies":[{"name":"wp","href":"https:\/\/api.w.org\/{rel}","templated":true}]}}