{"id":709201,"date":"2025-08-27T16:22:43","date_gmt":"2025-08-27T13:22:43","guid":{"rendered":"https:\/\/roveyayinevi.com.tr\/index.php\/urun\/anne-baba-egitimi\/"},"modified":"2026-04-16T02:17:58","modified_gmt":"2026-04-15T23:17:58","slug":"anne-baba-egitimi","status":"publish","type":"product","link":"https:\/\/roveyayinevi.com.tr\/index.php\/urun\/anne-baba-egitimi\/","title":{"rendered":"Anne &#8211; Baba E\u011fitimi"},"content":{"rendered":"<p>E\u011fitim, do\u011fumla birlikte ba\u015flay\u0131p ya\u015fam boyu devam eden bir s\u00fcre\u00e7tir. E\u011fitimin do\u011fumla birlikte ba\u015flamas\u0131, \u00e7ocu\u011fun e\u011fitiminde Anne-baban\u0131n etkisinin \u00f6nemini ortaya koymaktad\u0131r. Anne-baban\u0131n, \u00e7ocuk \u00fczerindeki etkisi, do\u011fum \u00f6ncesi d\u00f6nemden ba\u015flayarak ya\u015fam boyunca devam eder. \u00d6zellikle erken \u00e7ocukluk d\u00f6nemi ya da okul\u00f6ncesi e\u011fitim d\u00f6nemi olarak adland\u0131r\u0131lan 0-6 ya\u015f, \u00e7ocu\u011fun geli\u015fiminde kritik bir \u00f6nem arz eder. Bu d\u00f6nem geli\u015fimin en h\u0131zl\u0131 oldu\u011fu, \u00e7evresel etkenlerden en fazla etkilenen, kazan\u0131lan tav\u0131r, davran\u0131\u015f ve al\u0131\u015fkanl\u0131klar\u0131n ileriki y\u0131llarda da devam etme olas\u0131l\u0131\u011f\u0131n\u0131n olduk\u00e7a fazla oldu\u011fu ve \u00f6\u011frenmenin en h\u0131zl\u0131 oldu\u011fu bir d\u00f6nemdir. \u00c7ocu\u011fun e\u011fitiminde kritik \u00f6nem arz eden okul\u00f6ncesi e\u011fitim d\u00f6nemi zorunlu e\u011fitimin kapsam\u0131 d\u0131\u015f\u0131ndad\u0131r. E\u011fitimde kaliteyi yakalama aray\u0131\u015f\u0131 daha \u00e7ok mevcut olan e\u011fitim y\u0131llar\u0131na yenilerini ekleme y\u00f6n\u00fcndedir. Temele do\u011fru inerek okul\u00f6ncesi d\u00f6nemin de zorunlu e\u011fitimin kapsam\u0131na al\u0131nmas\u0131 i\u00e7in \u00fclkemizde yap\u0131lan \u00e7al\u0131\u015fmalar olduk\u00e7a yetersiz kalmaktad\u0131r. \u00dclkemizde okul\u00f6ncesi e\u011fitim kurumlar\u0131n\u0131n yetersiz olmas\u0131 ve bu \u00e7a\u011f\u0131n zorunlu e\u011fitimin d\u0131\u015f\u0131nda b\u0131rak\u0131lmas\u0131, bu \u00e7a\u011f \u00e7ocuklar\u0131n\u0131n e\u011fitimini Anne-babaya b\u0131rakmaktad\u0131r. Ancak Anne-babalara bu konuda her hangi bir e\u011fitim verilmemektedir.Anne-babal\u0131k tav\u0131r ve davran\u0131\u015flar\u0131 tamamen do\u011fu\u015ftan getirilen bir yeti ya da yetenek de\u011fildir. Bu konuda yap\u0131lan bilimsel \u00e7al\u0131\u015fmalar Anne-babal\u0131k duygu, tav\u0131r ve davran\u0131\u015flar\u0131n\u0131n b\u00fcy\u00fck \u00f6l\u00e7\u00fcde sonradan kazan\u0131ld\u0131\u011f\u0131n\u0131 ortaya koymaktad\u0131r. Ancak Anne-babalara, \u00e7ocuklar\u0131n\u0131n bak\u0131m\u0131 ve e\u011fitimine y\u00f6nelik bir e\u011fitim verilmemektedir. Oysa b\u00fct\u00fcn meslekler belli bir e\u011fitimden sonra kazan\u0131lmaktad\u0131r. Bunun i\u00e7in zaman, emek ve para harcanmaktad\u0131r. Oysa Anne-babalar\u0131n, \u00e7ocuklar\u0131na kar\u015f\u0131 olumlu tutum ve davran\u0131\u015f geli\u015ftirmeleri, Anne-baba olman\u0131n \u00f6nemi, \u00e7ocuklar\u0131 ile sa\u011fl\u0131kl\u0131 ileti\u015fim kurmalar\u0131 ve \u00e7ocu\u011fun e\u011fitiminde etkin rol oynayabilmeleri belli bir program dahilinde e\u011fitilmeleri ile m\u00fcmk\u00fcnd\u00fcr. \u00dclkemizde Anne-babalar\u0131 bu alanda e\u011fitmeye y\u00f6nelik baz\u0131 e\u011fitim programlar\u0131 uygulanmaktad\u0131r. Ancak bu e\u011fitimden t\u00fcm Anne-babalar\u0131n gere\u011fi kadar yararland\u0131\u011f\u0131 s\u00f6ylenemez. Oysa Anne-babalar\u0131n bedensel ve ruhsal y\u00f6nden sa\u011fl\u0131kl\u0131, yap\u0131c\u0131, yarat\u0131c\u0131, sorumluluk duygusu geli\u015fmi\u015f, duygu ve d\u00fc\u015f\u00fcncelerini \u00f6zg\u00fcrce ifade edebilen, \u00f6zg\u00fcvene sahip, ba\u015fkalar\u0131 ile olumlu ili\u015fkiler kurabilen ve sosyal becerileri geli\u015fmi\u015f \u00e7ocuklar yeti\u015ftirebilmeleri bu konuda e\u011fitilmeleri ile m\u00fcmk\u00fcnd\u00fcrBu kitap Anne-babalar\u0131n, Anne-baba e\u011fitiminin \u00f6nemini kavrayabilmeleri, \u00fclkemizde ve yurtd\u0131\u015f\u0131nda uygulanmakta olan anne baba e\u011fitim programlar\u0131n\u0131 tan\u0131malar\u0131, \u00e7ocuklar\u0131na kar\u015f\u0131 olumlu tutum ve davran\u0131\u015f geli\u015ftirebilmeleri, \u00e7ocuklar\u0131 ile sa\u011fl\u0131kl\u0131 ileti\u015fim kurabilmeleri, \u00e7ocuklar\u0131nda olumlu davran\u0131\u015flar geli\u015ftirebilmeleri, k\u0131saca etkin bir Anne-baba olabilmeleri amac\u0131 ile haz\u0131rlanm\u0131\u015ft\u0131r. Anne-baba e\u011fitimi Anne-babalar kadar okul\u00f6ncesi e\u011fitim kurumlar\u0131nda \u00e7al\u0131\u015fan \u00f6\u011fretmen ve \u00f6\u011fretmen adaylar\u0131 i\u00e7in de \u00f6nemlidir. \u00c7\u00fcnk\u00fc okul\u00f6ncesi e\u011fitim kurumlar\u0131n\u0131n sadece \u00e7ocuklar\u0131 e\u011fiten kurumlar olarak de\u011ferlendirilme anlay\u0131\u015f\u0131 olduk\u00e7a gerilerde kalm\u0131\u015ft\u0131r. G\u00fcn\u00fcm\u00fczde okul\u00f6ncesi e\u011fitim kurumlar\u0131 sadece \u00e7ocu\u011fu e\u011fiten kurulu\u015flar de\u011fil, \u00e7ocukla birlikte Anne-babay\u0131 da e\u011fitmeye \u00e7al\u0131\u015fan kurumlar olarak de\u011ferlendirilmektedir. Okul\u00f6ncesi e\u011fitim kurumlar\u0131nda aile\/\u00e7ocuk merkezli programlar yayg\u0131nla\u015ft\u0131r\u0131lmaya \u00e7al\u0131\u015f\u0131lmaktad\u0131r. Bu nedenle bu program\u0131 uygulayacak okul\u00f6ncesi e\u011fitim kurumu \u00f6\u011fretmenleri ve \u00f6\u011fretmen adaylar\u0131na kitab\u0131n yararl\u0131 olaca\u011f\u0131 ve \u00e7ocuklar\u0131n e\u011fitimine katk\u0131 sa\u011flayaca\u011f\u0131 d\u00fc\u015f\u00fcn\u00fclm\u00fc\u015ft\u00fcrKitap on bir b\u00f6l\u00fcmden olu\u015fmaktad\u0131r. Birinci b\u00f6l\u00fcmde, Anne-baba E\u011fitimi ve Anne-baba E\u011fitimine \u0130li\u015fkin Farkl\u0131 Yakla\u015f\u0131mlar; \u0130kinci B\u00f6l\u00fcmde, T\u00fcrkiye\u2019de Okul\u00f6ncesi \u00c7ocukluk D\u00f6nemine Y\u00f6nelik Anne-baba E\u011fitim Programlar\u0131; \u00dc\u00e7\u00fcnc\u00fc B\u00f6l\u00fcmde, Yurt D\u0131\u015f\u0131nda Yap\u0131lan Aile E\u011fitim Programlar\u0131; D\u00f6rd\u00fcnc\u00fc B\u00f6l\u00fcmde, Okul\u00f6ncesi E\u011fitim ve Okul\u00f6ncesi E\u011fitimde Aile Kat\u0131l\u0131m\u0131; Be\u015finci B\u00f6l\u00fcmde, Anne-baba-\u00c7ocuk \u0130li\u015fkisi; Alt\u0131nc\u0131 B\u00f6l\u00fcmde, Anne-baba-\u00c7ocuk \u0130leti\u015fimi; Yedinci B\u00f6l\u00fcmde, Da\u011f\u0131lm\u0131\u015f Aile ve \u00c7ocuk; Sekizinci B\u00f6l\u00fcmde, Anne-baba Tutumlar\u0131; Dokuzuncu B\u00f6l\u00fcmde, \u00c7ocuk E\u011fitiminde Disiplin; Onuncu B\u00f6l\u00fcmde, Geli\u015fim D\u00f6nemleri ile \u0130lgili Patolojik Davran\u0131\u015flar; Onbirinci B\u00f6l\u00fcmde, \u00c7ocukta Davran\u0131\u015f Bozuklu\u011funun Tedavisi konular\u0131 i\u015flenmektedir. <\/p>\n","protected":false},"excerpt":{"rendered":"<p>E\u011fitim, do\u011fumla birlikte ba\u015flay\u0131p ya\u015fam boyu devam eden bir s\u00fcre\u00e7tir. E\u011fitimin do\u011fumla birlikte ba\u015flamas\u0131, \u00e7ocu\u011fun e\u011fitiminde Anne-baban\u0131n etkisinin \u00f6nemini ortaya koymaktad\u0131r. Anne-baban\u0131n, \u00e7ocuk \u00fczerindeki etkisi, do\u011fum<span class=\"excerpt-hellip\"> [\u2026]<\/span><\/p>\n","protected":false},"featured_media":0,"template":"","meta":{"_monsterinsights_skip_tracking":false,"_monsterinsights_sitenote_active":false,"_monsterinsights_sitenote_note":"","_monsterinsights_sitenote_category":0},"product_brand":[],"product_cat":[12573,12566],"product_tag":[],"class_list":{"0":"post-709201","1":"product","2":"type-product","3":"status-publish","5":"product_cat-akademik-kitaplar","6":"product_cat-egitim","7":"pa_cilt-ciltsiz","8":"pa_tur-kitap","9":"pa_yayinevi-egiten-kitap","10":"pa_yazar-aysel-cagdas-zarife-sahin-secer","12":"first","13":"instock","14":"sale","15":"shipping-taxable","16":"purchasable","17":"product-type-simple"},"_links":{"self":[{"href":"https:\/\/roveyayinevi.com.tr\/index.php\/wp-json\/wp\/v2\/product\/709201","targetHints":{"allow":["GET"]}}],"collection":[{"href":"https:\/\/roveyayinevi.com.tr\/index.php\/wp-json\/wp\/v2\/product"}],"about":[{"href":"https:\/\/roveyayinevi.com.tr\/index.php\/wp-json\/wp\/v2\/types\/product"}],"wp:attachment":[{"href":"https:\/\/roveyayinevi.com.tr\/index.php\/wp-json\/wp\/v2\/media?parent=709201"}],"wp:term":[{"taxonomy":"product_brand","embeddable":true,"href":"https:\/\/roveyayinevi.com.tr\/index.php\/wp-json\/wp\/v2\/product_brand?post=709201"},{"taxonomy":"product_cat","embeddable":true,"href":"https:\/\/roveyayinevi.com.tr\/index.php\/wp-json\/wp\/v2\/product_cat?post=709201"},{"taxonomy":"product_tag","embeddable":true,"href":"https:\/\/roveyayinevi.com.tr\/index.php\/wp-json\/wp\/v2\/product_tag?post=709201"}],"curies":[{"name":"wp","href":"https:\/\/api.w.org\/{rel}","templated":true}]}}