{"id":709200,"date":"2025-08-27T16:22:42","date_gmt":"2025-08-27T13:22:42","guid":{"rendered":"https:\/\/roveyayinevi.com.tr\/index.php\/urun\/iletisim-sozlugu\/"},"modified":"2026-01-29T02:32:08","modified_gmt":"2026-01-28T23:32:08","slug":"iletisim-sozlugu","status":"publish","type":"product","link":"https:\/\/roveyayinevi.com.tr\/index.php\/urun\/iletisim-sozlugu\/","title":{"rendered":"\u0130leti\u015fim S\u00f6zl\u00fc\u011f\u00fc"},"content":{"rendered":"<p>Bir yerlere bir yerlerden m\u00fcdahale etme amac\u0131, bu s\u00f6zl\u00fc\u011f\u00fcn olu\u015fturulmas\u0131ndaki temel motivasyon kayna\u011f\u0131md\u0131 belki, ama tek kaynak de\u011fildi. \u0130leti\u015fim \u00fczerine bunca \u00e7ok laf\u0131n edildi\u011fi, bas\u0131n-yay\u0131n okullar\u0131n\u0131n \u201cileti\u015fim fak\u00fclteleri\u201dne d\u00f6n\u00fc\u015ft\u00fcr\u00fcld\u00fc\u011f\u00fc, i\u015fleri ileti\u015fimin \u015fu ya da bu y\u00f6n\u00fcyle ilgili insanlar\u0131n devasa say\u0131lara ula\u015ft\u0131\u011f\u0131 bir \u00fclkede, laf ve eylem \u00fcretmede yol-iz g\u00f6sterici temel metinlerden yana bunca fakir olmaya, entelekt\u00fcel ve mesleki ilgilerim bak\u0131m\u0131ndan g\u00f6nl\u00fcm hi\u00e7 raz\u0131 de\u011fildi. Bu d\u00fc\u015f\u00fcnceler \u00e7er\u00e7evesinde, metnin tamamlanm\u0131\u015f haline bakt\u0131\u011f\u0131m zaman, t\u00fcm eksiklerine kar\u015f\u0131n \u201c\u0130leti\u015fim S\u00f6zl\u00fc\u011f\u00fc\u201dn\u00fcn bu fukaral\u0131\u011f\u0131n giderilmesi yolunda T\u00fcrkiye\u2019deki ciddi ilklerden oldu\u011funu s\u00f6yleyebiliyorum. Ayr\u0131ca ileti\u015fimin t\u00fcm entelekt\u00fcel etkinlikleri kesen mahiyetinden dolay\u0131, di\u011fer pek \u00e7ok alanda; toplumbilimde, psikolojide, siyaset biliminde, felsefede, hatta ekonomide ter ak\u0131tanlar\u0131n da bu s\u00f6zl\u00fckte kendileri i\u00e7in bir \u015feyler bulabileceklerini san\u0131yorum. <\/p>\n","protected":false},"excerpt":{"rendered":"<p>Bir yerlere bir yerlerden m\u00fcdahale etme amac\u0131, bu s\u00f6zl\u00fc\u011f\u00fcn olu\u015fturulmas\u0131ndaki temel motivasyon kayna\u011f\u0131md\u0131 belki, ama tek kaynak de\u011fildi. \u0130leti\u015fim \u00fczerine bunca \u00e7ok laf\u0131n edildi\u011fi, bas\u0131n-yay\u0131n okullar\u0131n\u0131n<span class=\"excerpt-hellip\"> [\u2026]<\/span><\/p>\n","protected":false},"featured_media":0,"template":"","meta":{"_monsterinsights_skip_tracking":false,"_monsterinsights_sitenote_active":false,"_monsterinsights_sitenote_note":"","_monsterinsights_sitenote_category":0},"product_brand":[],"product_cat":[15983,13488],"product_tag":[],"class_list":{"0":"post-709200","1":"product","2":"type-product","3":"status-publish","5":"product_cat-iletisim-ve-medya","6":"product_cat-toplum-ve-insan","7":"pa_cilt-ciltsiz","8":"pa_tur-kitap","9":"pa_yayinevi-utopya-yayinevi","10":"pa_yazar-erol-mutlu","12":"first","13":"instock","14":"sale","15":"shipping-taxable","16":"purchasable","17":"product-type-simple"},"_links":{"self":[{"href":"https:\/\/roveyayinevi.com.tr\/index.php\/wp-json\/wp\/v2\/product\/709200","targetHints":{"allow":["GET"]}}],"collection":[{"href":"https:\/\/roveyayinevi.com.tr\/index.php\/wp-json\/wp\/v2\/product"}],"about":[{"href":"https:\/\/roveyayinevi.com.tr\/index.php\/wp-json\/wp\/v2\/types\/product"}],"wp:attachment":[{"href":"https:\/\/roveyayinevi.com.tr\/index.php\/wp-json\/wp\/v2\/media?parent=709200"}],"wp:term":[{"taxonomy":"product_brand","embeddable":true,"href":"https:\/\/roveyayinevi.com.tr\/index.php\/wp-json\/wp\/v2\/product_brand?post=709200"},{"taxonomy":"product_cat","embeddable":true,"href":"https:\/\/roveyayinevi.com.tr\/index.php\/wp-json\/wp\/v2\/product_cat?post=709200"},{"taxonomy":"product_tag","embeddable":true,"href":"https:\/\/roveyayinevi.com.tr\/index.php\/wp-json\/wp\/v2\/product_tag?post=709200"}],"curies":[{"name":"wp","href":"https:\/\/api.w.org\/{rel}","templated":true}]}}