{"id":709198,"date":"2025-08-27T16:22:41","date_gmt":"2025-08-27T13:22:41","guid":{"rendered":"https:\/\/roveyayinevi.com.tr\/index.php\/urun\/yetenek-kasifi-dogru-insani-ise-al\/"},"modified":"2026-04-16T02:17:58","modified_gmt":"2026-04-15T23:17:58","slug":"yetenek-kasifi-dogru-insani-ise-al","status":"publish","type":"product","link":"https:\/\/roveyayinevi.com.tr\/index.php\/urun\/yetenek-kasifi-dogru-insani-ise-al\/","title":{"rendered":"Yetenek Ka\u015fifi &#8211; Do\u011fru \u0130nsan\u0131 \u0130\u015fe Al"},"content":{"rendered":"<p>Yetenek Ka\u015fifi &#8211; Do\u011fru \u0130nsan\u0131 \u0130\u015fe Al <\/p>\n","protected":false},"excerpt":{"rendered":"<p>Yetenek Ka\u015fifi &#8211; Do\u011fru \u0130nsan\u0131 \u0130\u015fe Al<\/p>\n","protected":false},"featured_media":0,"template":"","meta":{"_monsterinsights_skip_tracking":false,"_monsterinsights_sitenote_active":false,"_monsterinsights_sitenote_note":"","_monsterinsights_sitenote_category":0},"product_brand":[],"product_cat":[13043,17647],"product_tag":[],"class_list":{"0":"post-709198","1":"product","2":"type-product","3":"status-publish","5":"product_cat-ekonomi","6":"product_cat-is-dunyasi","7":"pa_cilt-ciltsiz","8":"pa_tur-kitap","9":"pa_yayinevi-elma-yayinevi","10":"pa_yazar-ozan-dagdeviren","12":"first","13":"instock","14":"sale","15":"shipping-taxable","16":"purchasable","17":"product-type-simple"},"_links":{"self":[{"href":"https:\/\/roveyayinevi.com.tr\/index.php\/wp-json\/wp\/v2\/product\/709198","targetHints":{"allow":["GET"]}}],"collection":[{"href":"https:\/\/roveyayinevi.com.tr\/index.php\/wp-json\/wp\/v2\/product"}],"about":[{"href":"https:\/\/roveyayinevi.com.tr\/index.php\/wp-json\/wp\/v2\/types\/product"}],"wp:attachment":[{"href":"https:\/\/roveyayinevi.com.tr\/index.php\/wp-json\/wp\/v2\/media?parent=709198"}],"wp:term":[{"taxonomy":"product_brand","embeddable":true,"href":"https:\/\/roveyayinevi.com.tr\/index.php\/wp-json\/wp\/v2\/product_brand?post=709198"},{"taxonomy":"product_cat","embeddable":true,"href":"https:\/\/roveyayinevi.com.tr\/index.php\/wp-json\/wp\/v2\/product_cat?post=709198"},{"taxonomy":"product_tag","embeddable":true,"href":"https:\/\/roveyayinevi.com.tr\/index.php\/wp-json\/wp\/v2\/product_tag?post=709198"}],"curies":[{"name":"wp","href":"https:\/\/api.w.org\/{rel}","templated":true}]}}