{"id":709196,"date":"2025-08-27T16:22:40","date_gmt":"2025-08-27T13:22:40","guid":{"rendered":"https:\/\/roveyayinevi.com.tr\/index.php\/urun\/kutsanmis-gece\/"},"modified":"2026-04-16T02:17:58","modified_gmt":"2026-04-15T23:17:58","slug":"kutsanmis-gece","status":"publish","type":"product","link":"https:\/\/roveyayinevi.com.tr\/index.php\/urun\/kutsanmis-gece\/","title":{"rendered":"Kutsanm\u0131\u015f Gece"},"content":{"rendered":"<p>\u00dc\u00c7 ALEM\u0130 DOLA\u015eIP, YED\u0130 D\u0130YARIN B\u00dcY\u00dcS\u00dcNE KAPILMAYA HAZIR MISINIZ? K\u0131z\u0131m\u0131z cesur de\u011fil. Zeki mi? \u0130\u015fine geldi\u011fi zaman. Kurnaz m\u0131? Hi\u00e7bir zaman. G\u00fczel mi? Yapma Allah a\u015fk\u0131na, k\u00f6r m\u00fcs\u00fcn sen? Eda avucunun i\u00e7ini doldurmayacak bir mantar\u0131 par\u00e7alay\u0131nca, ba\u015f\u0131na olmayacak \u015feyler geldi. Ka\u00e7\u0131r\u0131ld\u0131, dayak yedi, i\u015fkence g\u00f6rd\u00fc\u2026 Ama hi\u00e7 biri umurunda de\u011fildi. O art\u0131k g\u00fczeldi! D\u00fcnya yarat\u0131ld\u0131\u011f\u0131nda, yarat\u0131lan her varl\u0131k t\u00fcr\u00fc i\u00e7in bir \u00e2lem yarat\u0131ld\u0131. Melekler i\u00e7in Nur \u00c2lem, do\u011fa\u00fcst\u00fc varl\u0131klar i\u00e7in Ruhani \u00c2lem ve faniler i\u00e7in de Be\u015feri \u00c2lem. Nas\u0131l ki d\u00fcnya k\u0131talara ayr\u0131lm\u0131\u015fsa, Ruhani \u00c2lem de diyarlara ayr\u0131lm\u0131\u015ft\u0131r. Perilere Kutsanm\u0131\u015f Diyar, Cinlere Karanl\u0131k Diyar, Hadimlere Ayd\u0131n Diyar, H\u00fcddamlara Yaln\u0131z Diyar, \u0130fritlere Dipsiz Diyar ve Sajyalara Y\u00fcce Diyar ba\u011f\u0131\u015flanm\u0131\u015ft\u0131r. Ve birde, bu alt\u0131 diyarda yapt\u0131klar\u0131 k\u00f6t\u00fcl\u00fcklerin cezas\u0131n\u0131 \u00e7ekmeleri i\u00e7in s\u00fcrg\u00fcne g\u00f6nderilenlerin gitti\u011fi yedinci diyar olan Sessiz Diyar\u2026 Bu sihirli d\u00fcnyada \u00e7\u0131kt\u0131\u011f\u0131n\u0131z gezide kendi b\u00fcy\u00fcl\u00fc diyar\u0131n\u0131z\u0131 bulmaya haz\u0131r olun. <\/p>\n","protected":false},"excerpt":{"rendered":"<p>\u00dc\u00c7 ALEM\u0130 DOLA\u015eIP, YED\u0130 D\u0130YARIN B\u00dcY\u00dcS\u00dcNE KAPILMAYA HAZIR MISINIZ? K\u0131z\u0131m\u0131z cesur de\u011fil. Zeki mi? \u0130\u015fine geldi\u011fi zaman. Kurnaz m\u0131? Hi\u00e7bir zaman. G\u00fczel mi? Yapma Allah a\u015fk\u0131na,<span class=\"excerpt-hellip\"> [\u2026]<\/span><\/p>\n","protected":false},"featured_media":0,"template":"","meta":{"_monsterinsights_skip_tracking":false,"_monsterinsights_sitenote_active":false,"_monsterinsights_sitenote_note":"","_monsterinsights_sitenote_category":0},"product_brand":[],"product_cat":[12291,12711],"product_tag":[],"class_list":{"0":"post-709196","1":"product","2":"type-product","3":"status-publish","5":"product_cat-edebiyat","6":"product_cat-roman-oyku","7":"pa_cilt-ciltsiz","8":"pa_tur-kitap","9":"pa_yayinevi-grifon","10":"pa_yazar-nuran-bulus","12":"first","13":"instock","14":"sale","15":"shipping-taxable","16":"purchasable","17":"product-type-simple"},"_links":{"self":[{"href":"https:\/\/roveyayinevi.com.tr\/index.php\/wp-json\/wp\/v2\/product\/709196","targetHints":{"allow":["GET"]}}],"collection":[{"href":"https:\/\/roveyayinevi.com.tr\/index.php\/wp-json\/wp\/v2\/product"}],"about":[{"href":"https:\/\/roveyayinevi.com.tr\/index.php\/wp-json\/wp\/v2\/types\/product"}],"wp:attachment":[{"href":"https:\/\/roveyayinevi.com.tr\/index.php\/wp-json\/wp\/v2\/media?parent=709196"}],"wp:term":[{"taxonomy":"product_brand","embeddable":true,"href":"https:\/\/roveyayinevi.com.tr\/index.php\/wp-json\/wp\/v2\/product_brand?post=709196"},{"taxonomy":"product_cat","embeddable":true,"href":"https:\/\/roveyayinevi.com.tr\/index.php\/wp-json\/wp\/v2\/product_cat?post=709196"},{"taxonomy":"product_tag","embeddable":true,"href":"https:\/\/roveyayinevi.com.tr\/index.php\/wp-json\/wp\/v2\/product_tag?post=709196"}],"curies":[{"name":"wp","href":"https:\/\/api.w.org\/{rel}","templated":true}]}}