{"id":709194,"date":"2025-08-27T16:22:39","date_gmt":"2025-08-27T13:22:39","guid":{"rendered":"https:\/\/roveyayinevi.com.tr\/index.php\/urun\/kapilarin-disinda\/"},"modified":"2026-04-16T02:17:58","modified_gmt":"2026-04-15T23:17:58","slug":"kapilarin-disinda","status":"publish","type":"product","link":"https:\/\/roveyayinevi.com.tr\/index.php\/urun\/kapilarin-disinda\/","title":{"rendered":"Kap\u0131lar\u0131n D\u0131\u015f\u0131nda"},"content":{"rendered":"<p>Kap\u0131lar\u0131n D\u0131\u015f\u0131nda, sava\u015ftan d\u00f6nen Beckmann\u2019\u0131n hik\u00e2yesini anlat\u0131r. \u00d6l\u00fclerin diyar\u0131ndan tesad\u00fcfen geri d\u00f6nebilenlerden biridir o. Fakat ne e\u015fi ne evi ne de \u00fclkesi b\u0131rakt\u0131\u011f\u0131 gibidir. \u015eimdi her yer enkaz, herkes kaypakt\u0131r ve Beckmann nihilist bir tav\u0131rla \u00f6l\u00fcm\u00fc arzular.\u0130kinci D\u00fcnya Sava\u015f\u0131\u2019n\u0131n toplumda yaratt\u0131\u011f\u0131 y\u0131k\u0131c\u0131 etkileri ele alan \u201cy\u0131k\u0131nt\u0131 edebiyat\u0131\u201dn\u0131n, HeInrIch B\u00f6ll\u2019le beraber en \u00f6nemli temsilcilerinden biri olan Wolfgang Borchert, nasyonal sosyalizmin ahlaki ve fiziksel kurbanlar\u0131ndan biridir. B\u00fcy\u00fck yank\u0131 uyand\u0131ran Kap\u0131lar\u0131n D\u0131\u015f\u0131nda, yazar\u0131n tek oyunudur ve \u00f6l\u00fcm\u00fcnden bir g\u00fcn sonra sahnelenmi\u015ftir. <\/p>\n","protected":false},"excerpt":{"rendered":"<p>Kap\u0131lar\u0131n D\u0131\u015f\u0131nda, sava\u015ftan d\u00f6nen Beckmann\u2019\u0131n hik\u00e2yesini anlat\u0131r. \u00d6l\u00fclerin diyar\u0131ndan tesad\u00fcfen geri d\u00f6nebilenlerden biridir o. Fakat ne e\u015fi ne evi ne de \u00fclkesi b\u0131rakt\u0131\u011f\u0131 gibidir. \u015eimdi her<span class=\"excerpt-hellip\"> [\u2026]<\/span><\/p>\n","protected":false},"featured_media":0,"template":"","meta":{"_monsterinsights_skip_tracking":false,"_monsterinsights_sitenote_active":false,"_monsterinsights_sitenote_note":"","_monsterinsights_sitenote_category":0},"product_brand":[],"product_cat":[12291,15566],"product_tag":[],"class_list":{"0":"post-709194","1":"product","2":"type-product","3":"status-publish","5":"product_cat-edebiyat","6":"product_cat-oyun","7":"pa_cilt-ciltsiz","8":"pa_tur-kitap","9":"pa_yayinevi-can-yayinlari","10":"pa_yazar-wolfgang-borchert","12":"first","13":"instock","14":"sale","15":"shipping-taxable","16":"purchasable","17":"product-type-simple"},"_links":{"self":[{"href":"https:\/\/roveyayinevi.com.tr\/index.php\/wp-json\/wp\/v2\/product\/709194","targetHints":{"allow":["GET"]}}],"collection":[{"href":"https:\/\/roveyayinevi.com.tr\/index.php\/wp-json\/wp\/v2\/product"}],"about":[{"href":"https:\/\/roveyayinevi.com.tr\/index.php\/wp-json\/wp\/v2\/types\/product"}],"wp:attachment":[{"href":"https:\/\/roveyayinevi.com.tr\/index.php\/wp-json\/wp\/v2\/media?parent=709194"}],"wp:term":[{"taxonomy":"product_brand","embeddable":true,"href":"https:\/\/roveyayinevi.com.tr\/index.php\/wp-json\/wp\/v2\/product_brand?post=709194"},{"taxonomy":"product_cat","embeddable":true,"href":"https:\/\/roveyayinevi.com.tr\/index.php\/wp-json\/wp\/v2\/product_cat?post=709194"},{"taxonomy":"product_tag","embeddable":true,"href":"https:\/\/roveyayinevi.com.tr\/index.php\/wp-json\/wp\/v2\/product_tag?post=709194"}],"curies":[{"name":"wp","href":"https:\/\/api.w.org\/{rel}","templated":true}]}}