{"id":709193,"date":"2025-08-27T16:22:38","date_gmt":"2025-08-27T13:22:38","guid":{"rendered":"https:\/\/roveyayinevi.com.tr\/index.php\/urun\/arkadasim-nasreddin-hoca\/"},"modified":"2026-04-16T02:17:58","modified_gmt":"2026-04-15T23:17:58","slug":"arkadasim-nasreddin-hoca","status":"publish","type":"product","link":"https:\/\/roveyayinevi.com.tr\/index.php\/urun\/arkadasim-nasreddin-hoca\/","title":{"rendered":"Arkada\u015f\u0131m Nasreddin Hoca"},"content":{"rendered":"<p>Hoca, bir g\u00fcn\u2026 Nasreddin Hoca\u2019nin adini duyar duymaz, hepimizin y\u00fcz\u00fcnde bir g\u00fcl\u00fcmseme belirmez mi? Sadece g\u00fcl\u00fcmseme de de\u011fil, Nasreddin Hoca\u2019n\u0131n f\u0131kralar\u0131 ayn\u0131 zamanda d\u00fc\u015f\u00fcnd\u00fcr\u00fcr hepimizi! \u00c7ocuklu\u011fundan gen\u00e7li\u011fine, e\u015fe\u011finden kom\u015fular\u0131na, kad\u0131l\u0131\u011f\u0131ndan Timur\u2019a kadar, y\u00fczy\u0131llard\u0131r hepimizi g\u00fcld\u00fcren Nasreddin Hoca f\u0131kralar\u0131ndan S\u00fcleyman Bulut\u2019un \u00e7ocuklar i\u00e7in haz\u0131rlad\u0131\u011f\u0131 bu geni\u015f derlemede, f\u0131kralar\u0131n d\u00fc\u015f\u00fcnd\u00fcr\u00fcc\u00fc y\u00f6nlerine de i\u015faret ediliyor. Ne diyelim, y\u00fcz\u00fcm\u00fcz\u00fc g\u00fcld\u00fcrenler \u00e7ok olsun! <\/p>\n","protected":false},"excerpt":{"rendered":"<p>Hoca, bir g\u00fcn\u2026 Nasreddin Hoca\u2019nin adini duyar duymaz, hepimizin y\u00fcz\u00fcnde bir g\u00fcl\u00fcmseme belirmez mi? Sadece g\u00fcl\u00fcmseme de de\u011fil, Nasreddin Hoca\u2019n\u0131n f\u0131kralar\u0131 ayn\u0131 zamanda d\u00fc\u015f\u00fcnd\u00fcr\u00fcr hepimizi! \u00c7ocuklu\u011fundan<span class=\"excerpt-hellip\"> [\u2026]<\/span><\/p>\n","protected":false},"featured_media":0,"template":"","meta":{"_monsterinsights_skip_tracking":false,"_monsterinsights_sitenote_active":false,"_monsterinsights_sitenote_note":"","_monsterinsights_sitenote_category":0},"product_brand":[],"product_cat":[12275,12274],"product_tag":[],"class_list":{"0":"post-709193","1":"product","2":"type-product","3":"status-publish","5":"product_cat-6-12-yas-kitaplari","6":"product_cat-cocuk-ve-genclik-kitaplari","7":"pa_cilt-ciltsiz","8":"pa_tur-kitap","9":"pa_yayinevi-can-cocuk-yayinlari","10":"pa_yazar-suleyman-bulut","12":"first","13":"instock","14":"sale","15":"shipping-taxable","16":"purchasable","17":"product-type-simple"},"_links":{"self":[{"href":"https:\/\/roveyayinevi.com.tr\/index.php\/wp-json\/wp\/v2\/product\/709193","targetHints":{"allow":["GET"]}}],"collection":[{"href":"https:\/\/roveyayinevi.com.tr\/index.php\/wp-json\/wp\/v2\/product"}],"about":[{"href":"https:\/\/roveyayinevi.com.tr\/index.php\/wp-json\/wp\/v2\/types\/product"}],"wp:attachment":[{"href":"https:\/\/roveyayinevi.com.tr\/index.php\/wp-json\/wp\/v2\/media?parent=709193"}],"wp:term":[{"taxonomy":"product_brand","embeddable":true,"href":"https:\/\/roveyayinevi.com.tr\/index.php\/wp-json\/wp\/v2\/product_brand?post=709193"},{"taxonomy":"product_cat","embeddable":true,"href":"https:\/\/roveyayinevi.com.tr\/index.php\/wp-json\/wp\/v2\/product_cat?post=709193"},{"taxonomy":"product_tag","embeddable":true,"href":"https:\/\/roveyayinevi.com.tr\/index.php\/wp-json\/wp\/v2\/product_tag?post=709193"}],"curies":[{"name":"wp","href":"https:\/\/api.w.org\/{rel}","templated":true}]}}