{"id":709192,"date":"2025-08-27T16:22:38","date_gmt":"2025-08-27T13:22:38","guid":{"rendered":"https:\/\/roveyayinevi.com.tr\/index.php\/urun\/gece-yolculugu\/"},"modified":"2026-04-16T02:17:58","modified_gmt":"2026-04-15T23:17:58","slug":"gece-yolculugu","status":"publish","type":"product","link":"https:\/\/roveyayinevi.com.tr\/index.php\/urun\/gece-yolculugu\/","title":{"rendered":"Gece Yolculu\u011fu"},"content":{"rendered":"<p>Nerede kalm\u0131\u015ft\u0131m, dedi anlat\u0131c\u0131. Bir yudum su i\u00e7ti ve devam etti: Ne \u00f6nemi var. Sonsuza dek \u015femalar \u00e7izebiliriz. \u0130\u00e7 i\u00e7e ge\u00e7en mahallelerden, \u00fcst \u00fcste binen evlerden olu\u015fan bir \u015fehir gibi; tanr\u0131lar ve canl\u0131lar, r\u00fcyalar ve ger\u00e7eklerden y\u0131ld\u0131z haritalar\u0131 gibi sonsuza uzayan manzaralar yaratabiliriz. Avc\u0131y\u0131 geyi\u011fe, onu bir sava\u015f\u00e7\u0131ya, sava\u015f\u00e7\u0131y\u0131 d\u00fc\u015fman\u0131na ve onlar\u0131 Minotor\u2019a, bilgeye d\u00f6n\u00fc\u015ft\u00fcren akl\u0131 \u00e7\u00f6z\u00fcmlemeye u\u011fra\u015fabiliriz. Labirenti r\u00fcyadan s\u0131y\u0131rmaya, sahibine bedenini vermeye \u00e7al\u0131\u015fabiliriz. Ama ne fayda. Hi\u00e7biri bize nerede oldu\u011fumuzu s\u00f6yleyemez. Ertu\u011f U\u00e7ar\u2019\u0131n daha \u00f6nce R\u00fcya Ar\u0131zalar\u0131 ve Yaln\u0131zl\u0131\u011f\u0131n 17 T\u00fcr\u00fc adl\u0131 iki kitapta toplad\u0131\u011f\u0131 \u00f6yk\u00fclerini, yenileriyle bir arada Gece Yolculu\u011fu ad\u0131yla sunuyoruz. U\u00e7ar, \u00f6yk\u00fcleriyle gecenin \u00f6rt\u00fcs\u00fcn\u00fc iki yan\u0131ndan tutup silkeliyor. R\u00fcyalar k\u0131sm\u0131nda uyuyanlar\u0131n i\u00e7ine girdi\u011fi \u00f6te d\u00fcnyalara dal\u0131yor. Fener \u00f6yk\u00fcleri ise di\u011fer kenar\u0131n\u0131 yakal\u0131yor \u00f6rt\u00fcn\u00fcn; burunlarda, adalar\u0131n en u\u00e7lar\u0131nda, kasabalar\u0131n a\u00e7\u0131klar\u0131nda unutulmu\u015f deniz fenerlerindeki bek\u00e7ilerin hayatlar\u0131n\u0131 g\u00f6zl\u00fcyor. Gece yolculu\u011fu sevenler i\u00e7in yirmi yedi \u00f6yk\u00fc. Yolunuz a\u00e7\u0131k olsun. <\/p>\n","protected":false},"excerpt":{"rendered":"<p>Nerede kalm\u0131\u015ft\u0131m, dedi anlat\u0131c\u0131. Bir yudum su i\u00e7ti ve devam etti: Ne \u00f6nemi var. Sonsuza dek \u015femalar \u00e7izebiliriz. \u0130\u00e7 i\u00e7e ge\u00e7en mahallelerden, \u00fcst \u00fcste binen evlerden<span class=\"excerpt-hellip\"> [\u2026]<\/span><\/p>\n","protected":false},"featured_media":0,"template":"","meta":{"_monsterinsights_skip_tracking":false,"_monsterinsights_sitenote_active":false,"_monsterinsights_sitenote_note":"","_monsterinsights_sitenote_category":0},"product_brand":[],"product_cat":[12291,12711],"product_tag":[],"class_list":{"0":"post-709192","1":"product","2":"type-product","3":"status-publish","5":"product_cat-edebiyat","6":"product_cat-roman-oyku","7":"pa_cilt-ciltsiz","8":"pa_tur-kitap","9":"pa_yayinevi-can-yayinlari","10":"pa_yazar-ertug-ucar","12":"first","13":"instock","14":"sale","15":"shipping-taxable","16":"purchasable","17":"product-type-simple"},"_links":{"self":[{"href":"https:\/\/roveyayinevi.com.tr\/index.php\/wp-json\/wp\/v2\/product\/709192","targetHints":{"allow":["GET"]}}],"collection":[{"href":"https:\/\/roveyayinevi.com.tr\/index.php\/wp-json\/wp\/v2\/product"}],"about":[{"href":"https:\/\/roveyayinevi.com.tr\/index.php\/wp-json\/wp\/v2\/types\/product"}],"wp:attachment":[{"href":"https:\/\/roveyayinevi.com.tr\/index.php\/wp-json\/wp\/v2\/media?parent=709192"}],"wp:term":[{"taxonomy":"product_brand","embeddable":true,"href":"https:\/\/roveyayinevi.com.tr\/index.php\/wp-json\/wp\/v2\/product_brand?post=709192"},{"taxonomy":"product_cat","embeddable":true,"href":"https:\/\/roveyayinevi.com.tr\/index.php\/wp-json\/wp\/v2\/product_cat?post=709192"},{"taxonomy":"product_tag","embeddable":true,"href":"https:\/\/roveyayinevi.com.tr\/index.php\/wp-json\/wp\/v2\/product_tag?post=709192"}],"curies":[{"name":"wp","href":"https:\/\/api.w.org\/{rel}","templated":true}]}}