{"id":709191,"date":"2025-08-27T16:22:37","date_gmt":"2025-08-27T13:22:37","guid":{"rendered":"https:\/\/roveyayinevi.com.tr\/index.php\/urun\/amator-psikanalizi-sorunu-uzerine\/"},"modified":"2026-04-16T02:17:58","modified_gmt":"2026-04-15T23:17:58","slug":"amator-psikanalizi-sorunu-uzerine","status":"publish","type":"product","link":"https:\/\/roveyayinevi.com.tr\/index.php\/urun\/amator-psikanalizi-sorunu-uzerine\/","title":{"rendered":"Amat\u00f6r Psikanalizi Sorunu \u00dczerine"},"content":{"rendered":"<p>Psikanaliz ekol\u00fcn\u00fcn kurucusu Sigmud Freud, bu eserinde uzman olmayanlar\u0131n psikanalizle ilgili d\u00fc\u015f\u00fcncelirini, soru-cevap \u015feklinde Tarafs\u0131z Ki\u015fi&#8217;yle objektif bir \u015fekide, herkesin anlayabilece\u011fi bir dille konu\u015farak okura yans\u0131t\u0131yor. Amat\u00f6r kelimesiyle hekim olmayan ki\u015fileri anlatmak isteyen Freud, sorun olarak da onlara psikanalizde bulunma yetkisinin verilip verilmeyece\u011fini tart\u0131\u015f\u0131yor. Eserlerini psikolojiyle ilgilenen herkesin okudu\u011fu Freud, amat\u00f6r psikanalizine bu kitab\u0131nda liberal bir bak\u0131\u015f a\u00e7\u0131s\u0131 getiriyor. Amat\u00f6r psikanilizin uygulanmas\u0131nda t\u0131bbi e\u011fitimin gerekli olup olmad\u0131\u011f\u0131n\u0131 ve amat\u00f6r psikanalistlerin g\u00f6r\u00fc\u015flerini tart\u0131\u015fmaya a\u00e7an Avusturyal\u0131 n\u00f6rolog Sigmund Freud&#8217;u okumaya ba\u015flamak isterseniz elinizdeki en ideal kitaplar\u0131ndan biri. \ufffcTan\u0131t\u0131m Metni<\/p>\n","protected":false},"excerpt":{"rendered":"<p>Psikanaliz ekol\u00fcn\u00fcn kurucusu Sigmud Freud, bu eserinde uzman olmayanlar\u0131n psikanalizle ilgili d\u00fc\u015f\u00fcncelirini, soru-cevap \u015feklinde Tarafs\u0131z Ki\u015fi&#8217;yle objektif bir \u015fekide, herkesin anlayabilece\u011fi bir dille konu\u015farak okura yans\u0131t\u0131yor.<span class=\"excerpt-hellip\"> [\u2026]<\/span><\/p>\n","protected":false},"featured_media":0,"template":"","meta":{"_monsterinsights_skip_tracking":false,"_monsterinsights_sitenote_active":false,"_monsterinsights_sitenote_note":"","_monsterinsights_sitenote_category":0},"product_brand":[],"product_cat":[12358,12357],"product_tag":[],"class_list":{"0":"post-709191","1":"product","2":"type-product","3":"status-publish","5":"product_cat-genel-psikoloji","6":"product_cat-psikoloji","7":"pa_cilt-ciltsiz","8":"pa_tur-kitap","9":"pa_yayinevi-oda-yayinlari","10":"pa_yazar-sigmund-freud","12":"first","13":"instock","14":"sale","15":"shipping-taxable","16":"purchasable","17":"product-type-simple"},"_links":{"self":[{"href":"https:\/\/roveyayinevi.com.tr\/index.php\/wp-json\/wp\/v2\/product\/709191","targetHints":{"allow":["GET"]}}],"collection":[{"href":"https:\/\/roveyayinevi.com.tr\/index.php\/wp-json\/wp\/v2\/product"}],"about":[{"href":"https:\/\/roveyayinevi.com.tr\/index.php\/wp-json\/wp\/v2\/types\/product"}],"wp:attachment":[{"href":"https:\/\/roveyayinevi.com.tr\/index.php\/wp-json\/wp\/v2\/media?parent=709191"}],"wp:term":[{"taxonomy":"product_brand","embeddable":true,"href":"https:\/\/roveyayinevi.com.tr\/index.php\/wp-json\/wp\/v2\/product_brand?post=709191"},{"taxonomy":"product_cat","embeddable":true,"href":"https:\/\/roveyayinevi.com.tr\/index.php\/wp-json\/wp\/v2\/product_cat?post=709191"},{"taxonomy":"product_tag","embeddable":true,"href":"https:\/\/roveyayinevi.com.tr\/index.php\/wp-json\/wp\/v2\/product_tag?post=709191"}],"curies":[{"name":"wp","href":"https:\/\/api.w.org\/{rel}","templated":true}]}}