{"id":709187,"date":"2025-08-27T16:22:35","date_gmt":"2025-08-27T13:22:35","guid":{"rendered":"https:\/\/roveyayinevi.com.tr\/index.php\/urun\/seksen-gunde-dunya-gezisi-3\/"},"modified":"2026-04-16T02:17:58","modified_gmt":"2026-04-15T23:17:58","slug":"seksen-gunde-dunya-gezisi-3","status":"publish","type":"product","link":"https:\/\/roveyayinevi.com.tr\/index.php\/urun\/seksen-gunde-dunya-gezisi-3\/","title":{"rendered":"Seksen G\u00fcnde D\u00fcnya Gezisi"},"content":{"rendered":"<p>Londral\u0131 beyefendi Phileas Fogg, \u00fcyesi oldu\u011fu Reform-Kul\u00fcp\u2019te gazetesini okurken seksen g\u00fcnde d\u00fcnyay\u0131 dola\u015fman\u0131n m\u00fcmk\u00fcn oldu\u011funu \u00f6\u011frenir. Bu ola\u011fan\u00fcst\u00fc yolculuk 19. y\u00fczy\u0131lda sanayi devrimiyle gelen tren ve buharl\u0131 gemi gibi toplu ta\u015f\u0131ma ara\u00e7lar\u0131n\u0131n yan\u0131 s\u0131ra 1869 y\u0131l\u0131nda a\u00e7\u0131lan S\u00fcvey\u015f Kanal\u0131 sayesinde yap\u0131labilmektedir. Kul\u00fcp arkada\u015flar\u0131yla bu yolculu\u011fu seksen g\u00fcn i\u00e7inde tamamlayaca\u011f\u0131na dair bahse tutu\u015fan Fogg, ayn\u0131 g\u00fcn u\u015fa\u011f\u0131 Passepartout\u2019yla birlikte Londra\u2019dan ayr\u0131l\u0131r. Bu meydan okumayla ba\u015flayan bin bir t\u00fcrl\u00fc maceraya, bir polis soru\u015fturmas\u0131yla, bir de a\u015fk hik\u00e2yesi eklenir. Yay\u0131mland\u0131\u011f\u0131 1972 y\u0131l\u0131ndan beri pop\u00fclaritesinden hi\u00e7bir \u015fey yitirmeyen Seksen G\u00fcnde D\u00fcnya Gezisi yazar\u0131n en sevilen yap\u0131tlar\u0131ndan biridir. Verne\u2019in ula\u015f\u0131m olanaklar\u0131n\u0131n geli\u015fmesiyle \u201ck\u00fc\u00e7\u00fclen\u201d d\u00fcnyas\u0131na, art\u0131k elektronik \u00e7a\u011fa ad\u0131m atm\u0131\u015f ve geleneksel medyan\u0131n yerini yeni medyaya b\u0131rakmas\u0131yla bir \u201ck\u00fcresel k\u00f6y\u201de d\u00f6n\u00fc\u015ft\u00fc\u011f\u00fcnden dem vurulan g\u00fcn\u00fcm\u00fcz d\u00fcnyas\u0131ndan bakmak da ayr\u0131 bir macera olsa gerektir.JULES VERNE (1828-1905):Nantes kentinde d\u00fcnyaya gelen yazar, Paris\u2019te hukuk \u00f6\u011frenimi g\u00f6rd\u00fc, ancak zamanla edebiyata y\u00f6neldi. \u00d6nce tiyatro yap\u0131tlar\u0131 ve opera librettolar\u0131 yazd\u0131. 1863\u2019te Le Magasin d\u2019Education et de R\u00e9cr\u00e9ation\u2019da, Voyages extraordinaires (Ola\u011fan\u00fcst\u00fc Yolculuklar) adl\u0131 dizinin ilk yap\u0131t\u0131 olarak yay\u0131mlad\u0131\u011f\u0131 Cinq semaines en ballon (1863; Balonla Be\u015f Hafta) b\u00fcy\u00fck ilgi g\u00f6rd\u00fc. Bunun \u00fczerine fantastik ser\u00fcvenler yazmaya devam etti. Voyage au centre de la Terre (1864; D\u00fcnyan\u0131n Merkezine Yolculuk), Vingt mille lieues sous les mers (1870; Deniz Alt\u0131nda Yirmi Bin Fersah) ve L\u2019\u00cele myst\u00e9rieuse (1874; Esrarl\u0131 Ada) bunlardan baz\u0131lar\u0131d\u0131r. Romanlar\u0131 \u00e7ok say\u0131da dile \u00e7evrilen ve sinemaya uyarlanan Verne, 1892\u2019de L\u00e9gion d\u2019honneur ni\u015fan\u0131yla \u00f6d\u00fcllendirilmi\u015ftir. <\/p>\n","protected":false},"excerpt":{"rendered":"<p>Londral\u0131 beyefendi Phileas Fogg, \u00fcyesi oldu\u011fu Reform-Kul\u00fcp\u2019te gazetesini okurken seksen g\u00fcnde d\u00fcnyay\u0131 dola\u015fman\u0131n m\u00fcmk\u00fcn oldu\u011funu \u00f6\u011frenir. Bu ola\u011fan\u00fcst\u00fc yolculuk 19. y\u00fczy\u0131lda sanayi devrimiyle gelen tren ve<span class=\"excerpt-hellip\"> [\u2026]<\/span><\/p>\n","protected":false},"featured_media":0,"template":"","meta":{"_monsterinsights_skip_tracking":false,"_monsterinsights_sitenote_active":false,"_monsterinsights_sitenote_note":"","_monsterinsights_sitenote_category":0},"product_brand":[],"product_cat":[12291,26797],"product_tag":[],"class_list":{"0":"post-709187","1":"product","2":"type-product","3":"status-publish","5":"product_cat-edebiyat","6":"product_cat-modern-klasikler","7":"pa_cilt-ciltsiz","8":"pa_tur-kitap","9":"pa_yayinevi-is-bankasi-kultur-yayinlari","10":"pa_yazar-jules-verne","12":"first","13":"instock","14":"sale","15":"shipping-taxable","16":"purchasable","17":"product-type-simple"},"_links":{"self":[{"href":"https:\/\/roveyayinevi.com.tr\/index.php\/wp-json\/wp\/v2\/product\/709187","targetHints":{"allow":["GET"]}}],"collection":[{"href":"https:\/\/roveyayinevi.com.tr\/index.php\/wp-json\/wp\/v2\/product"}],"about":[{"href":"https:\/\/roveyayinevi.com.tr\/index.php\/wp-json\/wp\/v2\/types\/product"}],"wp:attachment":[{"href":"https:\/\/roveyayinevi.com.tr\/index.php\/wp-json\/wp\/v2\/media?parent=709187"}],"wp:term":[{"taxonomy":"product_brand","embeddable":true,"href":"https:\/\/roveyayinevi.com.tr\/index.php\/wp-json\/wp\/v2\/product_brand?post=709187"},{"taxonomy":"product_cat","embeddable":true,"href":"https:\/\/roveyayinevi.com.tr\/index.php\/wp-json\/wp\/v2\/product_cat?post=709187"},{"taxonomy":"product_tag","embeddable":true,"href":"https:\/\/roveyayinevi.com.tr\/index.php\/wp-json\/wp\/v2\/product_tag?post=709187"}],"curies":[{"name":"wp","href":"https:\/\/api.w.org\/{rel}","templated":true}]}}