{"id":709185,"date":"2025-08-27T16:22:34","date_gmt":"2025-08-27T13:22:34","guid":{"rendered":"https:\/\/roveyayinevi.com.tr\/index.php\/urun\/deniz-kabugundan-evler\/"},"modified":"2026-04-16T02:17:58","modified_gmt":"2026-04-15T23:17:58","slug":"deniz-kabugundan-evler","status":"publish","type":"product","link":"https:\/\/roveyayinevi.com.tr\/index.php\/urun\/deniz-kabugundan-evler\/","title":{"rendered":"Deniz Kabu\u011fundan Evler"},"content":{"rendered":"<p>17 A\u011fustos 1999 \u0130zmit depremi, 1939 y\u0131l\u0131nda ya\u015fanan Erzincan depreminden sonra, \u00e7ok say\u0131da can ve mal kayb\u0131n\u0131n ya\u015fand\u0131\u011f\u0131 son y\u00fcz y\u0131l\u0131n ikinci en b\u00fcy\u00fck depremi oldu. Afet \u0130\u015fleri Genel M\u00fcd\u00fcrl\u00fc\u011f\u00fc ve Ba\u015fbakanl\u0131k Kriz Merkezi verilerine g\u00f6re, 17.479 ki\u015fi hayat\u0131n\u0131 kaybetti, 43.953 ki\u015fi yaraland\u0131. Resmi olmayan bilgilere g\u00f6re ise deprem, 50.000 ki\u015finin \u00f6l\u00fcm\u00fcne, 100.000\u2019e yak\u0131n ki\u015finin yaralanmas\u0131na neden oldu, binlerce ev ve i\u015fyeri \u00e7e\u015fitliderecelerde hasar ald\u0131. <\/p>\n","protected":false},"excerpt":{"rendered":"<p>17 A\u011fustos 1999 \u0130zmit depremi, 1939 y\u0131l\u0131nda ya\u015fanan Erzincan depreminden sonra, \u00e7ok say\u0131da can ve mal kayb\u0131n\u0131n ya\u015fand\u0131\u011f\u0131 son y\u00fcz y\u0131l\u0131n ikinci en b\u00fcy\u00fck depremi oldu.<span class=\"excerpt-hellip\"> [\u2026]<\/span><\/p>\n","protected":false},"featured_media":0,"template":"","meta":{"_monsterinsights_skip_tracking":false,"_monsterinsights_sitenote_active":false,"_monsterinsights_sitenote_note":"","_monsterinsights_sitenote_category":0},"product_brand":[],"product_cat":[13701,12291],"product_tag":[],"class_list":{"0":"post-709185","1":"product","2":"type-product","3":"status-publish","5":"product_cat-ani-mektup-gunluk","6":"product_cat-edebiyat","7":"pa_cilt-ciltsiz","8":"pa_tur-kitap","9":"pa_yayinevi-is-bankasi-kultur-yayinlari","10":"pa_yazar-nurhan-atalay","12":"first","13":"instock","14":"sale","15":"shipping-taxable","16":"purchasable","17":"product-type-simple"},"_links":{"self":[{"href":"https:\/\/roveyayinevi.com.tr\/index.php\/wp-json\/wp\/v2\/product\/709185","targetHints":{"allow":["GET"]}}],"collection":[{"href":"https:\/\/roveyayinevi.com.tr\/index.php\/wp-json\/wp\/v2\/product"}],"about":[{"href":"https:\/\/roveyayinevi.com.tr\/index.php\/wp-json\/wp\/v2\/types\/product"}],"wp:attachment":[{"href":"https:\/\/roveyayinevi.com.tr\/index.php\/wp-json\/wp\/v2\/media?parent=709185"}],"wp:term":[{"taxonomy":"product_brand","embeddable":true,"href":"https:\/\/roveyayinevi.com.tr\/index.php\/wp-json\/wp\/v2\/product_brand?post=709185"},{"taxonomy":"product_cat","embeddable":true,"href":"https:\/\/roveyayinevi.com.tr\/index.php\/wp-json\/wp\/v2\/product_cat?post=709185"},{"taxonomy":"product_tag","embeddable":true,"href":"https:\/\/roveyayinevi.com.tr\/index.php\/wp-json\/wp\/v2\/product_tag?post=709185"}],"curies":[{"name":"wp","href":"https:\/\/api.w.org\/{rel}","templated":true}]}}