{"id":709183,"date":"2025-08-27T16:22:33","date_gmt":"2025-08-27T13:22:33","guid":{"rendered":"https:\/\/roveyayinevi.com.tr\/index.php\/urun\/kan-iftirasi\/"},"modified":"2025-12-30T10:06:15","modified_gmt":"2025-12-30T07:06:15","slug":"kan-iftirasi","status":"publish","type":"product","link":"https:\/\/roveyayinevi.com.tr\/index.php\/urun\/kan-iftirasi\/","title":{"rendered":"Kan \u0130ftiras\u0131"},"content":{"rendered":"<p>\u201cYakla\u015f\u0131k bin iki y\u00fcz elli y\u0131l \u00f6nce, \u0130slamiyet do\u011fuya, \u015eam kentine bayra\u011f\u0131n\u0131 dikti. Bu uzun y\u00fczy\u0131llar boyunca, Yahudiler b\u00f6yle aptalca bir iftirayla kar\u015f\u0131la\u015fmad\u0131lar. Fakat ne zaman ki H\u0131ristiyanlar bu \u00fclkede etkilerini hissettirmeye ba\u015flad\u0131lar, i\u015fte o zaman Bat\u0131\u2019n\u0131n \u00f6nyarg\u0131lar\u0131 Do\u011fu\u2019da uyanmaya ba\u015flad\u0131! Ne kadar \u00fcz\u00fcc\u00fc bir durum ve onun ac\u0131 yans\u0131mas\u0131.\u201d \u2013 Adolphe Cr\u00e9mieux, 7 Nisan 1840 \u201c\u0130srail halk\u0131ndan ya da aralar\u0131nda ya\u015fayan yabanc\u0131lardan kim eti yenen bir hayvan veya ku\u015f avlarsa, kan\u0131n\u0131 ak\u0131t\u0131p toprakla \u00f6rtecektir. \u00c7\u00fcnk\u00fc canl\u0131lara ya\u015fam veren kand\u0131r. Bundan dolay\u0131 \u0130srail halk\u0131na, \u2018Hi\u00e7bir etin kan\u0131n\u0131 yemeyeceksiniz\u2019 dedim. \u00c7\u00fcnk\u00fc her canl\u0131ya ya\u015fam veren kand\u0131r. Onu yiyen halk\u0131n aras\u0131ndan at\u0131lacakt\u0131r.\u201d \u2013 Eski Ahit, Levililer, 17:13, 14 <\/p>\n","protected":false},"excerpt":{"rendered":"<p>\u201cYakla\u015f\u0131k bin iki y\u00fcz elli y\u0131l \u00f6nce, \u0130slamiyet do\u011fuya, \u015eam kentine bayra\u011f\u0131n\u0131 dikti. Bu uzun y\u00fczy\u0131llar boyunca, Yahudiler b\u00f6yle aptalca bir iftirayla kar\u015f\u0131la\u015fmad\u0131lar. Fakat ne zaman<span class=\"excerpt-hellip\"> [\u2026]<\/span><\/p>\n","protected":false},"featured_media":0,"template":"","meta":{"_monsterinsights_skip_tracking":false,"_monsterinsights_sitenote_active":false,"_monsterinsights_sitenote_note":"","_monsterinsights_sitenote_category":0},"product_brand":[],"product_cat":[12291,12711],"product_tag":[],"class_list":{"0":"post-709183","1":"product","2":"type-product","3":"status-publish","5":"product_cat-edebiyat","6":"product_cat-roman-oyku","7":"pa_cilt-ciltsiz","8":"pa_tur-kitap","9":"pa_yayinevi-destek-yayinlari","10":"pa_yazar-bulent-senocak","12":"first","13":"instock","14":"sale","15":"shipping-taxable","16":"purchasable","17":"product-type-simple"},"_links":{"self":[{"href":"https:\/\/roveyayinevi.com.tr\/index.php\/wp-json\/wp\/v2\/product\/709183","targetHints":{"allow":["GET"]}}],"collection":[{"href":"https:\/\/roveyayinevi.com.tr\/index.php\/wp-json\/wp\/v2\/product"}],"about":[{"href":"https:\/\/roveyayinevi.com.tr\/index.php\/wp-json\/wp\/v2\/types\/product"}],"wp:attachment":[{"href":"https:\/\/roveyayinevi.com.tr\/index.php\/wp-json\/wp\/v2\/media?parent=709183"}],"wp:term":[{"taxonomy":"product_brand","embeddable":true,"href":"https:\/\/roveyayinevi.com.tr\/index.php\/wp-json\/wp\/v2\/product_brand?post=709183"},{"taxonomy":"product_cat","embeddable":true,"href":"https:\/\/roveyayinevi.com.tr\/index.php\/wp-json\/wp\/v2\/product_cat?post=709183"},{"taxonomy":"product_tag","embeddable":true,"href":"https:\/\/roveyayinevi.com.tr\/index.php\/wp-json\/wp\/v2\/product_tag?post=709183"}],"curies":[{"name":"wp","href":"https:\/\/api.w.org\/{rel}","templated":true}]}}