{"id":709181,"date":"2025-08-27T16:22:32","date_gmt":"2025-08-27T13:22:32","guid":{"rendered":"https:\/\/roveyayinevi.com.tr\/index.php\/urun\/boyle-mi-olacakti-tarihte-iz-birakan-13-ayrilik\/"},"modified":"2026-04-16T02:17:58","modified_gmt":"2026-04-15T23:17:58","slug":"boyle-mi-olacakti-tarihte-iz-birakan-13-ayrilik","status":"publish","type":"product","link":"https:\/\/roveyayinevi.com.tr\/index.php\/urun\/boyle-mi-olacakti-tarihte-iz-birakan-13-ayrilik\/","title":{"rendered":"B\u00f6yle mi Olacakt\u0131? (Tarihte \u0130z B\u0131rakan 13 Ayr\u0131l\u0131k)"},"content":{"rendered":"<p>\u00c7ok, \u00e7ok, \u00e7ok sevdi\u011finiz eski sevgilinizin ard\u0131ndan yanaklar\u0131n\u0131zdan s\u00fcz\u00fclen ya\u015flarla yata\u011f\u0131n\u0131za uzan\u0131yorsan\u0131z durumla bu kadar iyi ba\u015fa \u00e7\u0131kt\u0131\u011f\u0131n\u0131z i\u00e7in kendinizi tebrik etmelisiniz. \u00c7ok daha fenas\u0131n\u0131 yap\u0131yor olabilirdiniz. \u00c7ok daha fenas\u0131n\u0131. Eski sevgilinizin kellesini al\u0131yor, hi\u00e7 tan\u0131mad\u0131\u011f\u0131n\u0131z tipleri had\u0131m ediyor veya bir \u015fi\u015fme bebekle yeni bir hayata yelken a\u00e7\u0131yor olabilirdiniz. S\u0130Z B\u0130R KAHRAMANSINIZ. B\u00d6YLE M\u0130 OLACAKTI?\u2019da Jennifer Wright bizlere, kabul edilebilir rezilli\u011fin s\u0131n\u0131rlar\u0131n\u0131 a\u015f\u0131p tarihte iz b\u0131rakma mertebesine ermi\u015f 13 berbat ayr\u0131l\u0131k hik\u00e2yesini sunuyor. Liste ilgi \u00e7ekici; ayr\u0131l\u0131k ac\u0131s\u0131ndan mustarip \u0130mparator \u2013ve sadist\u2013 Nero\u2019dan Rus \u0130mparatori\u00e7esi Anna \u0130vanovna\u2019ya (bir \u00e7ifti d\u00fc\u011f\u00fcn gecelerinde \u00e7\u0131plak olarak buzdan saraya kilitlemi\u015fli\u011fi var), Anne Boleyn\u2019den Lord Byron\u2019a, Norman Mailer\u2019dan Elizabeth Taylor\u2019a uzan\u0131yor. Fena s\u00fcr\u00fcnd\u00fcrm\u00fc\u015f ayr\u0131l\u0131klar\u0131 g\u00fcn y\u00fcz\u00fcne \u00e7\u0131karmak i\u00e7in ar\u015fivlerin derinlerine dalan Wright \u00f6\u011frendiklerini sohbetimsi, hayli n\u00fckteli bir \u00fcslupla bizlerle payla\u015f\u0131yor. B\u00f6yle mi Olacakt\u0131? sevmi\u015f, kaybetmi\u015f ve belki de eski sevgilisine gece yar\u0131s\u0131 fazla ka\u00e7\u0131rm\u0131\u015f halde aptalca mesajlar g\u00f6ndermi\u015f olanlar i\u00e7in. Ne kadar k\u00f6t\u00fc \u015feyler yapm\u0131\u015f olursak olal\u0131m, kimsenin VIII. Henry kadar k\u00f6t\u00fc olamayaca\u011f\u0131n\u0131 hat\u0131rlatmak gibi ulvi bir amac\u0131 var. <\/p>\n","protected":false},"excerpt":{"rendered":"<p>\u00c7ok, \u00e7ok, \u00e7ok sevdi\u011finiz eski sevgilinizin ard\u0131ndan yanaklar\u0131n\u0131zdan s\u00fcz\u00fclen ya\u015flarla yata\u011f\u0131n\u0131za uzan\u0131yorsan\u0131z durumla bu kadar iyi ba\u015fa \u00e7\u0131kt\u0131\u011f\u0131n\u0131z i\u00e7in kendinizi tebrik etmelisiniz. \u00c7ok daha fenas\u0131n\u0131 yap\u0131yor<span class=\"excerpt-hellip\"> [\u2026]<\/span><\/p>\n","protected":false},"featured_media":0,"template":"","meta":{"_monsterinsights_skip_tracking":false,"_monsterinsights_sitenote_active":false,"_monsterinsights_sitenote_note":"","_monsterinsights_sitenote_category":0},"product_brand":[],"product_cat":[13590,12337],"product_tag":[],"class_list":{"0":"post-709181","1":"product","2":"type-product","3":"status-publish","5":"product_cat-arastirma-inceleme-politika-siyaset","6":"product_cat-politika-siyaset","7":"pa_cilt-ciltsiz","8":"pa_tur-kitap","9":"pa_yayinevi-domingo-yayinevi","10":"pa_yazar-jennifer-wright","12":"first","13":"instock","14":"sale","15":"shipping-taxable","16":"purchasable","17":"product-type-simple"},"_links":{"self":[{"href":"https:\/\/roveyayinevi.com.tr\/index.php\/wp-json\/wp\/v2\/product\/709181","targetHints":{"allow":["GET"]}}],"collection":[{"href":"https:\/\/roveyayinevi.com.tr\/index.php\/wp-json\/wp\/v2\/product"}],"about":[{"href":"https:\/\/roveyayinevi.com.tr\/index.php\/wp-json\/wp\/v2\/types\/product"}],"wp:attachment":[{"href":"https:\/\/roveyayinevi.com.tr\/index.php\/wp-json\/wp\/v2\/media?parent=709181"}],"wp:term":[{"taxonomy":"product_brand","embeddable":true,"href":"https:\/\/roveyayinevi.com.tr\/index.php\/wp-json\/wp\/v2\/product_brand?post=709181"},{"taxonomy":"product_cat","embeddable":true,"href":"https:\/\/roveyayinevi.com.tr\/index.php\/wp-json\/wp\/v2\/product_cat?post=709181"},{"taxonomy":"product_tag","embeddable":true,"href":"https:\/\/roveyayinevi.com.tr\/index.php\/wp-json\/wp\/v2\/product_tag?post=709181"}],"curies":[{"name":"wp","href":"https:\/\/api.w.org\/{rel}","templated":true}]}}