{"id":709176,"date":"2025-08-27T16:22:29","date_gmt":"2025-08-27T13:22:29","guid":{"rendered":"https:\/\/roveyayinevi.com.tr\/index.php\/urun\/piyano-metodu-3\/"},"modified":"2026-04-16T02:17:58","modified_gmt":"2026-04-15T23:17:58","slug":"piyano-metodu-3","status":"publish","type":"product","link":"https:\/\/roveyayinevi.com.tr\/index.php\/urun\/piyano-metodu-3\/","title":{"rendered":"Piyano Metodu 3"},"content":{"rendered":"<p>Bu kitap birinci ve ikinci piyano metotlar\u0131n\u0131n devam\u0131 olarak haz\u0131rlanm\u0131\u015ft\u0131r. \u0130leri seviye klasik piyano eserlerinin yer ald\u0131\u011f\u0131 d\u00f6rd\u00fcnc\u00fc seviye piyano metodundan \u00f6nce bu kitapta daha kolay \u00e7al\u0131nabilen eserler ve et\u00fctlerle dolu bir e\u011fitim program\u0131 i\u00e7inde olacaks\u0131n\u0131z. Kitab\u0131m\u0131 haz\u0131rlarken \u00f6\u011frencinin kula\u011f\u0131na g\u00fczel gelecek et\u00fctler, sonatlar ve klasik eserlere yer verdim. Birinci ve ikinci kitapta ki ba\u015far\u0131lar\u0131n\u0131z\u0131n bu kitapta da devam etmesini dilerim. Ba\u015far\u0131lar\u2026                                                                                                      Nilg\u00fcn KIRKA\u011eA\u00c7LIO\u011eLU <\/p>\n","protected":false},"excerpt":{"rendered":"<p>Bu kitap birinci ve ikinci piyano metotlar\u0131n\u0131n devam\u0131 olarak haz\u0131rlanm\u0131\u015ft\u0131r. \u0130leri seviye klasik piyano eserlerinin yer ald\u0131\u011f\u0131 d\u00f6rd\u00fcnc\u00fc seviye piyano metodundan \u00f6nce bu kitapta daha kolay<span class=\"excerpt-hellip\"> [\u2026]<\/span><\/p>\n","protected":false},"featured_media":0,"template":"","meta":{"_monsterinsights_skip_tracking":false,"_monsterinsights_sitenote_active":false,"_monsterinsights_sitenote_note":"","_monsterinsights_sitenote_category":0},"product_brand":[],"product_cat":[14556,20810],"product_tag":[],"class_list":{"0":"post-709176","1":"product","2":"type-product","3":"status-publish","5":"product_cat-muzik","6":"product_cat-ogrenim-kitaplari","7":"pa_cilt-ciltsiz","8":"pa_tur-kitap","9":"pa_yayinevi-beste-yayinlari","10":"pa_yazar-fatma-nilgun-kirkagaclioglu","12":"first","13":"instock","14":"sale","15":"shipping-taxable","16":"purchasable","17":"product-type-simple"},"_links":{"self":[{"href":"https:\/\/roveyayinevi.com.tr\/index.php\/wp-json\/wp\/v2\/product\/709176","targetHints":{"allow":["GET"]}}],"collection":[{"href":"https:\/\/roveyayinevi.com.tr\/index.php\/wp-json\/wp\/v2\/product"}],"about":[{"href":"https:\/\/roveyayinevi.com.tr\/index.php\/wp-json\/wp\/v2\/types\/product"}],"wp:attachment":[{"href":"https:\/\/roveyayinevi.com.tr\/index.php\/wp-json\/wp\/v2\/media?parent=709176"}],"wp:term":[{"taxonomy":"product_brand","embeddable":true,"href":"https:\/\/roveyayinevi.com.tr\/index.php\/wp-json\/wp\/v2\/product_brand?post=709176"},{"taxonomy":"product_cat","embeddable":true,"href":"https:\/\/roveyayinevi.com.tr\/index.php\/wp-json\/wp\/v2\/product_cat?post=709176"},{"taxonomy":"product_tag","embeddable":true,"href":"https:\/\/roveyayinevi.com.tr\/index.php\/wp-json\/wp\/v2\/product_tag?post=709176"}],"curies":[{"name":"wp","href":"https:\/\/api.w.org\/{rel}","templated":true}]}}