{"id":709175,"date":"2025-08-27T16:22:29","date_gmt":"2025-08-27T13:22:29","guid":{"rendered":"https:\/\/roveyayinevi.com.tr\/index.php\/urun\/piyano-metodu-1\/"},"modified":"2026-04-16T02:17:58","modified_gmt":"2026-04-15T23:17:58","slug":"piyano-metodu-1","status":"publish","type":"product","link":"https:\/\/roveyayinevi.com.tr\/index.php\/urun\/piyano-metodu-1\/","title":{"rendered":"Piyano Metodu 1"},"content":{"rendered":"<p>* Piyano metodu e\u011fitim serisi \u00f6zellikle m\u00fczik kurslar\u0131nda ve se\u00e7meli ders olarak piyano e\u011fitimi veren okullarda kolayl\u0131kla uygulanabilecek 17 y\u0131ll\u0131k uygulama deneyimi ile haz\u0131rlanm\u0131\u015f \u00e7ocuklar i\u00e7in temel piyano e\u011fitim metodlar\u0131n\u0131n birincisidir.* \u00d6\u011frenciyi zorlamadan, tekrarlarla, bona ve solfej \u00e7al\u0131\u015fmalar\u0131yla destekleyen* M\u00fczik teorisi ve piyano \u00f6\u011fretimi m\u00fcfredat\u0131na uygun olarak, ad\u0131m ad\u0131m haz\u0131rlanm\u0131\u015f* Klavye resimleriyle g\u00f6rsel olarak desteklenmi\u015f bilgiler i\u00e7eren* Sa\u011f ve sol elde 2 oktava kadar beyaz tu\u015flar\u0131n, m\u00fczikal k\u00fc\u00e7\u00fck \u015fark\u0131larla \u00f6\u011fretildi\u011fi* Kolay \u00f6\u011freten bir piyano metodudur.Bu kitab\u0131 haz\u0131rlarken 28 y\u0131ll\u0131k m\u00fczik \u00f6\u011fretmenli\u011fim ve 17 y\u0131ll\u0131k piyano e\u011fitimcili\u011fimin tecr\u00fcbelerinden yararlanarak yola \u00e7\u0131kt\u0131m. 5 ya\u015f \u00f6\u011frencimden 53 ya\u015f\u0131ndaki \u00f6\u011frencime kadar e\u011fitim verdi\u011fim zamanlarda kar\u015f\u0131la\u015ft\u0131\u011f\u0131m t\u00fcm zorluklar\u0131 g\u00f6z \u00f6n\u00fcnde bulundurarak piyano metodlar\u0131mda 1,2,3,4 seviyeleri haz\u0131rlad\u0131m.T\u00fcm e\u011fitimci arkada\u015flar\u0131ma ve \u00f6\u011frencilerime ba\u015far\u0131lar diliyorum.- Nilg\u00fcn K\u0131rka\u011fa\u00e7l\u0131o\u011flu<\/p>\n","protected":false},"excerpt":{"rendered":"<p>* Piyano metodu e\u011fitim serisi \u00f6zellikle m\u00fczik kurslar\u0131nda ve se\u00e7meli ders olarak piyano e\u011fitimi veren okullarda kolayl\u0131kla uygulanabilecek 17 y\u0131ll\u0131k uygulama deneyimi ile haz\u0131rlanm\u0131\u015f \u00e7ocuklar i\u00e7in<span class=\"excerpt-hellip\"> [\u2026]<\/span><\/p>\n","protected":false},"featured_media":0,"template":"","meta":{"_monsterinsights_skip_tracking":false,"_monsterinsights_sitenote_active":false,"_monsterinsights_sitenote_note":"","_monsterinsights_sitenote_category":0},"product_brand":[],"product_cat":[14556,20810],"product_tag":[],"class_list":{"0":"post-709175","1":"product","2":"type-product","3":"status-publish","5":"product_cat-muzik","6":"product_cat-ogrenim-kitaplari","7":"pa_cilt-ciltsiz","8":"pa_tur-kitap","9":"pa_yayinevi-beste-yayinlari","10":"pa_yazar-fatma-nilgun-kirkagaclioglu","12":"first","13":"instock","14":"sale","15":"shipping-taxable","16":"purchasable","17":"product-type-simple"},"_links":{"self":[{"href":"https:\/\/roveyayinevi.com.tr\/index.php\/wp-json\/wp\/v2\/product\/709175","targetHints":{"allow":["GET"]}}],"collection":[{"href":"https:\/\/roveyayinevi.com.tr\/index.php\/wp-json\/wp\/v2\/product"}],"about":[{"href":"https:\/\/roveyayinevi.com.tr\/index.php\/wp-json\/wp\/v2\/types\/product"}],"wp:attachment":[{"href":"https:\/\/roveyayinevi.com.tr\/index.php\/wp-json\/wp\/v2\/media?parent=709175"}],"wp:term":[{"taxonomy":"product_brand","embeddable":true,"href":"https:\/\/roveyayinevi.com.tr\/index.php\/wp-json\/wp\/v2\/product_brand?post=709175"},{"taxonomy":"product_cat","embeddable":true,"href":"https:\/\/roveyayinevi.com.tr\/index.php\/wp-json\/wp\/v2\/product_cat?post=709175"},{"taxonomy":"product_tag","embeddable":true,"href":"https:\/\/roveyayinevi.com.tr\/index.php\/wp-json\/wp\/v2\/product_tag?post=709175"}],"curies":[{"name":"wp","href":"https:\/\/api.w.org\/{rel}","templated":true}]}}