{"id":709174,"date":"2025-08-27T16:22:29","date_gmt":"2025-08-27T13:22:29","guid":{"rendered":"https:\/\/roveyayinevi.com.tr\/index.php\/urun\/ziplayan-penguenler-ve-kikirdayan-sirtlanlar\/"},"modified":"2026-04-16T02:17:58","modified_gmt":"2026-04-15T23:17:58","slug":"ziplayan-penguenler-ve-kikirdayan-sirtlanlar","status":"publish","type":"product","link":"https:\/\/roveyayinevi.com.tr\/index.php\/urun\/ziplayan-penguenler-ve-kikirdayan-sirtlanlar\/","title":{"rendered":"Z\u0131playan Penguenler ve K\u0131k\u0131rdayan S\u0131rtlanlar"},"content":{"rendered":"<p>Bu kitapta hayvanlar aleminin bilinmeyen, gizemli ve bir o kadar da ilgin\u00e7 y\u00fcz\u00fcn\u00fc g\u00f6rmeye haz\u0131r olun. Fil, aslan deveku\u015fu,bizon s\u0131rtlan, kunduz , penguen, suayg\u0131r\u0131 ve mirket gibi her biri farkl\u0131 yap\u0131 ve yetene\u011fe sahip elli hayvan\u0131n karekteristik \u00f6zelliklerini \u00f6\u011frenerek, e\u011flenceli ve \u00f6\u011fretici bir yolculu\u011fa \u00e7\u0131kacaks\u0131n\u0131z. <\/p>\n","protected":false},"excerpt":{"rendered":"<p>Bu kitapta hayvanlar aleminin bilinmeyen, gizemli ve bir o kadar da ilgin\u00e7 y\u00fcz\u00fcn\u00fc g\u00f6rmeye haz\u0131r olun. Fil, aslan deveku\u015fu,bizon s\u0131rtlan, kunduz , penguen, suayg\u0131r\u0131 ve mirket<span class=\"excerpt-hellip\"> [\u2026]<\/span><\/p>\n","protected":false},"featured_media":0,"template":"","meta":{"_monsterinsights_skip_tracking":false,"_monsterinsights_sitenote_active":false,"_monsterinsights_sitenote_note":"","_monsterinsights_sitenote_category":0},"product_brand":[],"product_cat":[12913,12274],"product_tag":[],"class_list":{"0":"post-709174","1":"product","2":"type-product","3":"status-publish","5":"product_cat-3-6-yas-kitaplari","6":"product_cat-cocuk-ve-genclik-kitaplari","7":"pa_cilt-ciltsiz","8":"pa_tur-kitap","9":"pa_yayinevi-efil-yayinevi","10":"pa_yazar-jesse-goossens","11":"pa_yazar-marije-tolman","13":"first","14":"instock","15":"sale","16":"shipping-taxable","17":"purchasable","18":"product-type-simple"},"_links":{"self":[{"href":"https:\/\/roveyayinevi.com.tr\/index.php\/wp-json\/wp\/v2\/product\/709174","targetHints":{"allow":["GET"]}}],"collection":[{"href":"https:\/\/roveyayinevi.com.tr\/index.php\/wp-json\/wp\/v2\/product"}],"about":[{"href":"https:\/\/roveyayinevi.com.tr\/index.php\/wp-json\/wp\/v2\/types\/product"}],"wp:attachment":[{"href":"https:\/\/roveyayinevi.com.tr\/index.php\/wp-json\/wp\/v2\/media?parent=709174"}],"wp:term":[{"taxonomy":"product_brand","embeddable":true,"href":"https:\/\/roveyayinevi.com.tr\/index.php\/wp-json\/wp\/v2\/product_brand?post=709174"},{"taxonomy":"product_cat","embeddable":true,"href":"https:\/\/roveyayinevi.com.tr\/index.php\/wp-json\/wp\/v2\/product_cat?post=709174"},{"taxonomy":"product_tag","embeddable":true,"href":"https:\/\/roveyayinevi.com.tr\/index.php\/wp-json\/wp\/v2\/product_tag?post=709174"}],"curies":[{"name":"wp","href":"https:\/\/api.w.org\/{rel}","templated":true}]}}