{"id":709173,"date":"2025-08-27T16:22:28","date_gmt":"2025-08-27T13:22:28","guid":{"rendered":"https:\/\/roveyayinevi.com.tr\/index.php\/urun\/okb-artik-yonetim-bende\/"},"modified":"2026-04-16T02:17:58","modified_gmt":"2026-04-15T23:17:58","slug":"okb-artik-yonetim-bende","status":"publish","type":"product","link":"https:\/\/roveyayinevi.com.tr\/index.php\/urun\/okb-artik-yonetim-bende\/","title":{"rendered":"OKB Art\u0131k Y\u00f6netim Bende"},"content":{"rendered":"<p>Obsesif kompulsif bozukluk san\u0131lan\u0131n aksine yayg\u0131n g\u00f6r\u00fclen n\u00f6robiyolojik bir bozukluktur. Anne ve babalar\u0131n \u00e7ocuklar\u0131n\u0131 yanl\u0131\u015f yeti\u015ftirmeleri, irade zay\u0131fl\u0131\u011f\u0131 ya da \u00e7ocu\u011fun \u015f\u0131mar\u0131kl\u0131\u011f\u0131 ile ilgili de\u011fildir. Zihne gelen rahats\u0131z edici d\u00fc\u015f\u00fcnceler ve bu d\u00fc\u015f\u00fcncelerin azalmas\u0131 i\u00e7in yap\u0131lan tekrarlay\u0131c\u0131 davran\u0131\u015flar istem d\u0131\u015f\u0131 meydana gelmektedir. Tedavi edilebilir bir bozukluk olan obsesif kompulsif bozuklu\u011fun do\u011fru ele al\u0131nmas\u0131, \u00f6zellikle \u00e7ocuk ve ergenlerin bir \u00e7ocuk ve ergen psikiyatristinden yard\u0131m almas\u0131 \u00e7ok \u00f6nemlidir. Bu kitap \u00e7ocuk ve ergen psikiyatristinin d\u00fczenledi\u011fi temel tedavinin yan\u0131nda destekleyici olmas\u0131 amac\u0131yla yaz\u0131lm\u0131\u015ft\u0131r. Obsesif kompulsif bozuklu\u011fu olan \u00e7ocuk ve gen\u00e7lerin ya\u015famlar\u0131na engel olan istenmeyen d\u00fc\u015f\u00fcncelerini anlamalar\u0131, tekrarlay\u0131c\u0131 davran\u0131\u015f ve d\u00fc\u015f\u00fcncelere harcad\u0131klar\u0131 zaman\u0131 geri kazanmalar\u0131 ve hayat\u0131 yakalamalar\u0131 umuduyla&#8230; <\/p>\n","protected":false},"excerpt":{"rendered":"<p>Obsesif kompulsif bozukluk san\u0131lan\u0131n aksine yayg\u0131n g\u00f6r\u00fclen n\u00f6robiyolojik bir bozukluktur. Anne ve babalar\u0131n \u00e7ocuklar\u0131n\u0131 yanl\u0131\u015f yeti\u015ftirmeleri, irade zay\u0131fl\u0131\u011f\u0131 ya da \u00e7ocu\u011fun \u015f\u0131mar\u0131kl\u0131\u011f\u0131 ile ilgili de\u011fildir. Zihne<span class=\"excerpt-hellip\"> [\u2026]<\/span><\/p>\n","protected":false},"featured_media":0,"template":"","meta":{"_monsterinsights_skip_tracking":false,"_monsterinsights_sitenote_active":false,"_monsterinsights_sitenote_note":"","_monsterinsights_sitenote_category":0},"product_brand":[],"product_cat":[12358,12357],"product_tag":[],"class_list":{"0":"post-709173","1":"product","2":"type-product","3":"status-publish","5":"product_cat-genel-psikoloji","6":"product_cat-psikoloji","7":"pa_cilt-ciltsiz","8":"pa_tur-kitap","9":"pa_yayinevi-efil-yayinevi","10":"pa_yazar-nursu-cakin-memik-ozlem-yildiz-gundogdu","12":"first","13":"instock","14":"sale","15":"shipping-taxable","16":"purchasable","17":"product-type-simple"},"_links":{"self":[{"href":"https:\/\/roveyayinevi.com.tr\/index.php\/wp-json\/wp\/v2\/product\/709173","targetHints":{"allow":["GET"]}}],"collection":[{"href":"https:\/\/roveyayinevi.com.tr\/index.php\/wp-json\/wp\/v2\/product"}],"about":[{"href":"https:\/\/roveyayinevi.com.tr\/index.php\/wp-json\/wp\/v2\/types\/product"}],"wp:attachment":[{"href":"https:\/\/roveyayinevi.com.tr\/index.php\/wp-json\/wp\/v2\/media?parent=709173"}],"wp:term":[{"taxonomy":"product_brand","embeddable":true,"href":"https:\/\/roveyayinevi.com.tr\/index.php\/wp-json\/wp\/v2\/product_brand?post=709173"},{"taxonomy":"product_cat","embeddable":true,"href":"https:\/\/roveyayinevi.com.tr\/index.php\/wp-json\/wp\/v2\/product_cat?post=709173"},{"taxonomy":"product_tag","embeddable":true,"href":"https:\/\/roveyayinevi.com.tr\/index.php\/wp-json\/wp\/v2\/product_tag?post=709173"}],"curies":[{"name":"wp","href":"https:\/\/api.w.org\/{rel}","templated":true}]}}