{"id":709170,"date":"2025-08-27T16:22:27","date_gmt":"2025-08-27T13:22:27","guid":{"rendered":"https:\/\/roveyayinevi.com.tr\/index.php\/urun\/osmanli-reformlari-tasrada-uygulanisi-ve-etkileri\/"},"modified":"2026-04-16T02:17:58","modified_gmt":"2026-04-15T23:17:58","slug":"osmanli-reformlari-tasrada-uygulanisi-ve-etkileri","status":"publish","type":"product","link":"https:\/\/roveyayinevi.com.tr\/index.php\/urun\/osmanli-reformlari-tasrada-uygulanisi-ve-etkileri\/","title":{"rendered":"Osmanl\u0131 Reformlar\u0131, Ta\u015frada Uygulan\u0131\u015f\u0131 ve Etkileri"},"content":{"rendered":"<p>Osmanl\u0131 \u0131slahatlar\u0131n\u0131n getirdi\u011fi modernizasyon taklide dayal\u0131 bir Bat\u0131l\u0131la\u015fma projesi de\u011fildi ve Osmanl\u0131 modernle\u015fmesi g\u00fcn\u00fcm\u00fcz\u00fcn Ortado\u011fu\u2019suna somut katk\u0131larda bulundu. Elinizdeki derleme i\u015fte bu iki temel bak\u0131\u015f a\u00e7\u0131s\u0131n\u0131 savunmaktad\u0131r. Tarih\u00e7i Butrus Abu-Manneh\u2019e bir arma\u011fan kitab\u0131 olarak haz\u0131rlanan bu kitapta toplam on bir makale bulunmaktad\u0131r. Bu makaleler Tanzimat d\u00f6neminde hilafet meselesinden devleta\u015firet ve devlet-tarikat ili\u015fkilerine, \u015fehircilikten bas\u0131n-yay\u0131n faaliyetlerine uzanan geni\u015f bir yelpazeye yay\u0131lmaktad\u0131rlar. Abu-Manneh\u2019in izinden giderek Tanzimat d\u00f6neminde \u0130stanbul ve Arap vilayetleri aras\u0131ndaki ili\u015fkilerde s\u00fcreklilik ve de\u011fi\u015fim meselesini mercek alt\u0131na alan bu derleme Osmanl\u0131 reformlar \u00e7a\u011f\u0131n\u0131 anlamak i\u00e7in vaz ge\u00e7ilmez bir okumad\u0131r. \ufffcTan\u0131t\u0131m Metni<\/p>\n","protected":false},"excerpt":{"rendered":"<p>Osmanl\u0131 \u0131slahatlar\u0131n\u0131n getirdi\u011fi modernizasyon taklide dayal\u0131 bir Bat\u0131l\u0131la\u015fma projesi de\u011fildi ve Osmanl\u0131 modernle\u015fmesi g\u00fcn\u00fcm\u00fcz\u00fcn Ortado\u011fu\u2019suna somut katk\u0131larda bulundu. Elinizdeki derleme i\u015fte bu iki temel bak\u0131\u015f a\u00e7\u0131s\u0131n\u0131<span class=\"excerpt-hellip\"> [\u2026]<\/span><\/p>\n","protected":false},"featured_media":0,"template":"","meta":{"_monsterinsights_skip_tracking":false,"_monsterinsights_sitenote_active":false,"_monsterinsights_sitenote_note":"","_monsterinsights_sitenote_category":0},"product_brand":[],"product_cat":[13517,12304],"product_tag":[],"class_list":{"0":"post-709170","1":"product","2":"type-product","3":"status-publish","5":"product_cat-osmanli-tarihi","6":"product_cat-tarih","7":"pa_cilt-ciltsiz","8":"pa_tur-kitap","9":"pa_yayinevi-islik-yayinlari","10":"pa_yazar-itzchak-weismann-fruma-zachs","12":"first","13":"instock","14":"sale","15":"shipping-taxable","16":"purchasable","17":"product-type-simple"},"_links":{"self":[{"href":"https:\/\/roveyayinevi.com.tr\/index.php\/wp-json\/wp\/v2\/product\/709170","targetHints":{"allow":["GET"]}}],"collection":[{"href":"https:\/\/roveyayinevi.com.tr\/index.php\/wp-json\/wp\/v2\/product"}],"about":[{"href":"https:\/\/roveyayinevi.com.tr\/index.php\/wp-json\/wp\/v2\/types\/product"}],"wp:attachment":[{"href":"https:\/\/roveyayinevi.com.tr\/index.php\/wp-json\/wp\/v2\/media?parent=709170"}],"wp:term":[{"taxonomy":"product_brand","embeddable":true,"href":"https:\/\/roveyayinevi.com.tr\/index.php\/wp-json\/wp\/v2\/product_brand?post=709170"},{"taxonomy":"product_cat","embeddable":true,"href":"https:\/\/roveyayinevi.com.tr\/index.php\/wp-json\/wp\/v2\/product_cat?post=709170"},{"taxonomy":"product_tag","embeddable":true,"href":"https:\/\/roveyayinevi.com.tr\/index.php\/wp-json\/wp\/v2\/product_tag?post=709170"}],"curies":[{"name":"wp","href":"https:\/\/api.w.org\/{rel}","templated":true}]}}