{"id":709169,"date":"2025-08-27T16:22:26","date_gmt":"2025-08-27T13:22:26","guid":{"rendered":"https:\/\/roveyayinevi.com.tr\/index.php\/urun\/gercek\/"},"modified":"2026-04-16T02:17:58","modified_gmt":"2026-04-15T23:17:58","slug":"gercek","status":"publish","type":"product","link":"https:\/\/roveyayinevi.com.tr\/index.php\/urun\/gercek\/","title":{"rendered":"Ger\u00e7ek"},"content":{"rendered":"<p>19. y\u00fczy\u0131lda Frans\u0131z toplumu 1789 Devrimi \u00f6ncesinin toplumsal ve k\u00fclt\u00fcrel de\u011ferlerine do\u011fru k\u0131sa s\u00fcreli bir gerileme d\u00f6nemi ya\u015fad\u0131. Yeni rejim Kilise&#8217;yi kutsamakta, toplumun dindarla\u015fmas\u0131 i\u00e7in elinden geleni yapmaktad\u0131r. Bu s\u00fcrecin en olumsuz etkileri e\u011fitim alan\u0131nda g\u00f6r\u00fcl\u00fcr. Do\u011fal bilimler, laisizm, kad\u0131n erkek e\u015fitli\u011fi, e\u011fitim kurumlar\u0131ndan ba\u015flayarak Frans\u0131z toplumunun hayat\u0131ndan \u00e7\u0131kmaya ba\u015flar. Kilise insanlar\u0131n ya\u015fam tarz\u0131n\u0131 belirlemekte, din tacirleri &#8220;cennete giri\u015f tahvilleri&#8221; satarak kazan\u00e7 sa\u011flamaktad\u0131r. Yahudi d\u00fc\u015fmanl\u0131\u011f\u0131, bu geli\u015fmenin bir ba\u015fka sonucudur. Ger\u00e7ek, bu ortamda m\u00fccadele eden, bilimi ve sek\u00fcler ahl\u00e2k\u0131 savunan bir grup \u00f6\u011fretmenin aileleriyle birlikte verdikleri m\u00fccadelenin an\u0131tsal \u00f6yk\u00fcs\u00fcd\u00fcr. Merkezinde bir \u00e7ocuk cinayeti ve san\u0131k olarak yarg\u0131lanan bir Yahudi \u00f6\u011fretmenin bulundu\u011fu roman, asl\u0131nda \u00fcnl\u00fc Dreyfus Davas\u0131&#8217;na yap\u0131lan bir g\u00f6nderme niteli\u011fini ta\u015f\u0131r. Ger\u00e7eklerin gizlenemeyece\u011fini, halktan saklanmak istenen her \u015feyin er ya da ge\u00e7 a\u00e7\u0131\u011fa \u00e7\u0131kaca\u011f\u0131n\u0131 anlatan bu roman bir edebiyat \u015faheseridir. \ufffcTan\u0131t\u0131m Metni<\/p>\n","protected":false},"excerpt":{"rendered":"<p>19. y\u00fczy\u0131lda Frans\u0131z toplumu 1789 Devrimi \u00f6ncesinin toplumsal ve k\u00fclt\u00fcrel de\u011ferlerine do\u011fru k\u0131sa s\u00fcreli bir gerileme d\u00f6nemi ya\u015fad\u0131. Yeni rejim Kilise&#8217;yi kutsamakta, toplumun dindarla\u015fmas\u0131 i\u00e7in elinden<span class=\"excerpt-hellip\"> [\u2026]<\/span><\/p>\n","protected":false},"featured_media":0,"template":"","meta":{"_monsterinsights_skip_tracking":false,"_monsterinsights_sitenote_active":false,"_monsterinsights_sitenote_note":"","_monsterinsights_sitenote_category":0},"product_brand":[],"product_cat":[12291,12711],"product_tag":[],"class_list":{"0":"post-709169","1":"product","2":"type-product","3":"status-publish","5":"product_cat-edebiyat","6":"product_cat-roman-oyku","7":"pa_cilt-ciltsiz","8":"pa_tur-kitap","9":"pa_yayinevi-islik-yayinlari","10":"pa_yazar-emile-zola","12":"first","13":"instock","14":"sale","15":"shipping-taxable","16":"purchasable","17":"product-type-simple"},"_links":{"self":[{"href":"https:\/\/roveyayinevi.com.tr\/index.php\/wp-json\/wp\/v2\/product\/709169","targetHints":{"allow":["GET"]}}],"collection":[{"href":"https:\/\/roveyayinevi.com.tr\/index.php\/wp-json\/wp\/v2\/product"}],"about":[{"href":"https:\/\/roveyayinevi.com.tr\/index.php\/wp-json\/wp\/v2\/types\/product"}],"wp:attachment":[{"href":"https:\/\/roveyayinevi.com.tr\/index.php\/wp-json\/wp\/v2\/media?parent=709169"}],"wp:term":[{"taxonomy":"product_brand","embeddable":true,"href":"https:\/\/roveyayinevi.com.tr\/index.php\/wp-json\/wp\/v2\/product_brand?post=709169"},{"taxonomy":"product_cat","embeddable":true,"href":"https:\/\/roveyayinevi.com.tr\/index.php\/wp-json\/wp\/v2\/product_cat?post=709169"},{"taxonomy":"product_tag","embeddable":true,"href":"https:\/\/roveyayinevi.com.tr\/index.php\/wp-json\/wp\/v2\/product_tag?post=709169"}],"curies":[{"name":"wp","href":"https:\/\/api.w.org\/{rel}","templated":true}]}}