{"id":709168,"date":"2025-08-27T16:22:25","date_gmt":"2025-08-27T13:22:25","guid":{"rendered":"https:\/\/roveyayinevi.com.tr\/index.php\/urun\/gitmekti-benim-payima-dusen\/"},"modified":"2026-04-16T02:17:58","modified_gmt":"2026-04-15T23:17:58","slug":"gitmekti-benim-payima-dusen","status":"publish","type":"product","link":"https:\/\/roveyayinevi.com.tr\/index.php\/urun\/gitmekti-benim-payima-dusen\/","title":{"rendered":"Gitmekti Benim Pay\u0131ma D\u00fc\u015fen"},"content":{"rendered":"<p>\u2018\u2018(\u2026)G\u00f6zlerinin s\u0131n\u0131rs\u0131z mehtab\u0131nda yine bu gece y\u0131ld\u0131zlar ya\u011f\u0131yor \u015fiirime k\u00e2\u011f\u0131tlar\u0131n \u00e7\u00f6l k\u0131\u015f\u0131ndaki akl\u0131\u011f\u0131 \u00fczerine.Ve ellerim k\u0131v\u0131lc\u0131mlar\u0131 oya gibi ince ince i\u015fliyor. \u00c7\u00fcnk\u00fc ate\u015ften bir g\u00f6mlektir benim \u015fiirim; yaln\u0131zca a\u015fk ate\u015finin g\u00f6lgesine s\u0131\u011f\u0131nan ve de herkes gibi a\u015fk ate\u015fidir beni de yak\u0131p kavuran.\u2019\u2019 <\/p>\n","protected":false},"excerpt":{"rendered":"<p>\u2018\u2018(\u2026)G\u00f6zlerinin s\u0131n\u0131rs\u0131z mehtab\u0131nda yine bu gece y\u0131ld\u0131zlar ya\u011f\u0131yor \u015fiirime k\u00e2\u011f\u0131tlar\u0131n \u00e7\u00f6l k\u0131\u015f\u0131ndaki akl\u0131\u011f\u0131 \u00fczerine.Ve ellerim k\u0131v\u0131lc\u0131mlar\u0131 oya gibi ince ince i\u015fliyor. \u00c7\u00fcnk\u00fc ate\u015ften bir g\u00f6mlektir benim<span class=\"excerpt-hellip\"> [\u2026]<\/span><\/p>\n","protected":false},"featured_media":0,"template":"","meta":{"_monsterinsights_skip_tracking":false,"_monsterinsights_sitenote_active":false,"_monsterinsights_sitenote_note":"","_monsterinsights_sitenote_category":0},"product_brand":[],"product_cat":[12291,12509],"product_tag":[],"class_list":{"0":"post-709168","1":"product","2":"type-product","3":"status-publish","5":"product_cat-edebiyat","6":"product_cat-siir","7":"pa_cilt-ciltsiz","8":"pa_tur-kitap","9":"pa_yayinevi-islik-yayinlari","10":"pa_yazar-furug-ferruhzad","12":"first","13":"instock","14":"sale","15":"shipping-taxable","16":"purchasable","17":"product-type-simple"},"_links":{"self":[{"href":"https:\/\/roveyayinevi.com.tr\/index.php\/wp-json\/wp\/v2\/product\/709168","targetHints":{"allow":["GET"]}}],"collection":[{"href":"https:\/\/roveyayinevi.com.tr\/index.php\/wp-json\/wp\/v2\/product"}],"about":[{"href":"https:\/\/roveyayinevi.com.tr\/index.php\/wp-json\/wp\/v2\/types\/product"}],"wp:attachment":[{"href":"https:\/\/roveyayinevi.com.tr\/index.php\/wp-json\/wp\/v2\/media?parent=709168"}],"wp:term":[{"taxonomy":"product_brand","embeddable":true,"href":"https:\/\/roveyayinevi.com.tr\/index.php\/wp-json\/wp\/v2\/product_brand?post=709168"},{"taxonomy":"product_cat","embeddable":true,"href":"https:\/\/roveyayinevi.com.tr\/index.php\/wp-json\/wp\/v2\/product_cat?post=709168"},{"taxonomy":"product_tag","embeddable":true,"href":"https:\/\/roveyayinevi.com.tr\/index.php\/wp-json\/wp\/v2\/product_tag?post=709168"}],"curies":[{"name":"wp","href":"https:\/\/api.w.org\/{rel}","templated":true}]}}