{"id":709167,"date":"2025-08-27T16:22:25","date_gmt":"2025-08-27T13:22:25","guid":{"rendered":"https:\/\/roveyayinevi.com.tr\/index.php\/urun\/seni-allah-icin-sevdim\/"},"modified":"2026-04-16T02:17:58","modified_gmt":"2026-04-15T23:17:58","slug":"seni-allah-icin-sevdim","status":"publish","type":"product","link":"https:\/\/roveyayinevi.com.tr\/index.php\/urun\/seni-allah-icin-sevdim\/","title":{"rendered":"Seni Allah \u0130\u00e7in Sevdim"},"content":{"rendered":"<p>Kalbim; Sen, peygamberim, Kur&#8217;an&#8217;\u0131m aras\u0131nda say\u0131kl\u0131yorken, ruhum bir g\u00fclde, bir gemide, bir kuyuda, bir ate\u015fteydi.Kimi zaman sab\u0131rd\u0131 ad\u0131m. Kuyular\u0131n ard\u0131nda karanl\u0131ktayken bile, o karanl\u0131\u011f\u0131n i\u00e7inde senin \u0131\u015f\u0131\u011f\u0131n\u0131n gelece\u011fini bildi\u011fimden sab\u0131rla beklerdim. Bir kel\u00e2m etmez, usulca beni ayd\u0131nlataca\u011f\u0131n g\u00fcn\u00fc bekler dururdum..Kimi zaman ate\u015fti ad\u0131m\u2026 Aya\u011f\u0131ma, ellerime, g\u00f6nl\u00fcme ba\u011flanan iplerle bir u\u00e7urumun kenar\u0131nda ate\u015fe at\u0131lmay\u0131 beklerken bile g\u00fcl\u00fcms\u00fcyordum.  Ate\u015fler bana su gibi geliyordu Rabbim\u2026 O ate\u015fi bile senin yaratt\u0131\u011f\u0131n\u0131 bildi\u011fimden, ate\u015fler bana bir nur, bir su idi&#8230; En azg\u0131n alevlerden bile hi\u00e7 korkmazd\u0131m\u2026 Bedenim yansa ne olurdu? Ruhum seninle olduktan sonra bedenimin bir \u00f6nemi mi vard\u0131?Kimi zaman bir gemiydim&#8230; Senin u\u011fruna, sana kavu\u015fmak u\u011fruna, tufanda sulara kar\u015f\u0131 dimdik duruyordum. Ne azg\u0131n dalgalardan korkuyordum, ne kas\u0131p kavuran o f\u0131rt\u0131nalardan\u2026Kimi zaman bir g\u00fcld\u00fcm&#8230; Her bir dal\u0131nda bereketlenen, her bir renge b\u00fcr\u00fcnen o g\u00fcllerin aras\u0131nda sakl\u0131 bir tomurcuktum ben&#8230; G\u00fcllerin o muhte\u015fem kokusuyla y\u0131kanan ruhum, bana peygamberimizi an\u0131msat\u0131yordu. Medine&#8217;yi\u2026 Gidemedi\u011fim o kutsal topraklar\u0131n her bir kokusunu, g\u00fcllerde buluyordum..Erva&#8217;y\u0131m ben. Salih&#8217;in g\u00f6nl\u00fcnde sarma\u015f\u0131klara b\u00fcr\u00fcn\u00fcrken, o sarma\u015f\u0131klarla g\u00f6\u011f\u00fcn yedi kat \u00fcst\u00fcne \u00e7\u0131kmak i\u00e7in \u00e7abalayan bir Erva&#8217;y\u0131m\u2026Ya\u011fmurlar, ya\u011fan kar ve bir de \u00e7i\u00e7ekler bilir beni\u2026 Benim seni nas\u0131l sevdi\u011fimi\u2026&#8217; <\/p>\n","protected":false},"excerpt":{"rendered":"<p>Kalbim; Sen, peygamberim, Kur&#8217;an&#8217;\u0131m aras\u0131nda say\u0131kl\u0131yorken, ruhum bir g\u00fclde, bir gemide, bir kuyuda, bir ate\u015fteydi.Kimi zaman sab\u0131rd\u0131 ad\u0131m. Kuyular\u0131n ard\u0131nda karanl\u0131ktayken bile, o karanl\u0131\u011f\u0131n i\u00e7inde senin<span class=\"excerpt-hellip\"> [\u2026]<\/span><\/p>\n","protected":false},"featured_media":0,"template":"","meta":{"_monsterinsights_skip_tracking":false,"_monsterinsights_sitenote_active":false,"_monsterinsights_sitenote_note":"","_monsterinsights_sitenote_category":0},"product_brand":[],"product_cat":[12718,12719],"product_tag":[],"class_list":{"0":"post-709167","1":"product","2":"type-product","3":"status-publish","5":"product_cat-din","6":"product_cat-islam","7":"pa_cilt-ciltsiz","8":"pa_tur-kitap","9":"pa_yayinevi-herdem-kitap","10":"pa_yazar-tugce-cakir","12":"first","13":"instock","14":"sale","15":"shipping-taxable","16":"purchasable","17":"product-type-simple"},"_links":{"self":[{"href":"https:\/\/roveyayinevi.com.tr\/index.php\/wp-json\/wp\/v2\/product\/709167","targetHints":{"allow":["GET"]}}],"collection":[{"href":"https:\/\/roveyayinevi.com.tr\/index.php\/wp-json\/wp\/v2\/product"}],"about":[{"href":"https:\/\/roveyayinevi.com.tr\/index.php\/wp-json\/wp\/v2\/types\/product"}],"wp:attachment":[{"href":"https:\/\/roveyayinevi.com.tr\/index.php\/wp-json\/wp\/v2\/media?parent=709167"}],"wp:term":[{"taxonomy":"product_brand","embeddable":true,"href":"https:\/\/roveyayinevi.com.tr\/index.php\/wp-json\/wp\/v2\/product_brand?post=709167"},{"taxonomy":"product_cat","embeddable":true,"href":"https:\/\/roveyayinevi.com.tr\/index.php\/wp-json\/wp\/v2\/product_cat?post=709167"},{"taxonomy":"product_tag","embeddable":true,"href":"https:\/\/roveyayinevi.com.tr\/index.php\/wp-json\/wp\/v2\/product_tag?post=709167"}],"curies":[{"name":"wp","href":"https:\/\/api.w.org\/{rel}","templated":true}]}}