{"id":709163,"date":"2025-08-27T16:22:23","date_gmt":"2025-08-27T13:22:23","guid":{"rendered":"https:\/\/roveyayinevi.com.tr\/index.php\/urun\/turizm-ve-cografi-bilgi-sistemleri\/"},"modified":"2026-04-16T02:17:58","modified_gmt":"2026-04-15T23:17:58","slug":"turizm-ve-cografi-bilgi-sistemleri","status":"publish","type":"product","link":"https:\/\/roveyayinevi.com.tr\/index.php\/urun\/turizm-ve-cografi-bilgi-sistemleri\/","title":{"rendered":"Turizm ve Co\u011frafi Bilgi Sistemleri"},"content":{"rendered":"<p>&#8220;Co\u011frafi Bilgi Sistemleri&#8221; turizm ve tan\u0131t\u0131m ama\u00e7l\u0131 kullan\u0131ma y\u00f6nelik eksikli\u011fi hissedilen literat\u00fcr a\u00e7\u0131\u011f\u0131n\u0131 kapatmaya olumlu katk\u0131 yapabilece\u011fi d\u00fc\u015f\u00fcn\u00fclerek haz\u0131rlanm\u0131\u015ft\u0131r. Bu kitap ile hem belediyelerin Co\u011frafi Bilgi Sistemleri kullan\u0131mlar\u0131na y\u00f6nelik bir ara\u015ft\u0131rma \u00f6rne\u011fi sunulmu\u015f hem de turizm ve Co\u011frafi Bilgi Sistemleri&#8217;ni biraraya getirerek bilimsel yay\u0131nlara katk\u0131da bulunulmu\u015ftur.Konu Ba\u015fl\u0131klar\u0131Turizm End\u00fcstrisinde Kullan\u0131lan Bilgi \u0130leti\u015fim TeknolojileriCo\u011frafi Bilgi SistemleriKentlerin Turizm Ama\u00e7l\u0131 Tan\u0131t\u0131m\u0131na Y\u00f6nelik Kent Belediyelerinin Co\u011frafi Bilgi Sistemleri Kullan\u0131m\u0131<\/p>\n","protected":false},"excerpt":{"rendered":"<p>&#8220;Co\u011frafi Bilgi Sistemleri&#8221; turizm ve tan\u0131t\u0131m ama\u00e7l\u0131 kullan\u0131ma y\u00f6nelik eksikli\u011fi hissedilen literat\u00fcr a\u00e7\u0131\u011f\u0131n\u0131 kapatmaya olumlu katk\u0131 yapabilece\u011fi d\u00fc\u015f\u00fcn\u00fclerek haz\u0131rlanm\u0131\u015ft\u0131r. Bu kitap ile hem belediyelerin Co\u011frafi Bilgi<span class=\"excerpt-hellip\"> [\u2026]<\/span><\/p>\n","protected":false},"featured_media":0,"template":"","meta":{"_monsterinsights_skip_tracking":false,"_monsterinsights_sitenote_active":false,"_monsterinsights_sitenote_note":"","_monsterinsights_sitenote_category":0},"product_brand":[],"product_cat":[12365,12364],"product_tag":[],"class_list":{"0":"post-709163","1":"product","2":"type-product","3":"status-publish","5":"product_cat-diger-genel-konular","6":"product_cat-genel-konular","7":"pa_cilt-ciltsiz","8":"pa_tur-kitap","9":"pa_yayinevi-gazi-kitabevi","10":"pa_yazar-komisyon","12":"first","13":"instock","14":"sale","15":"shipping-taxable","16":"purchasable","17":"product-type-simple"},"_links":{"self":[{"href":"https:\/\/roveyayinevi.com.tr\/index.php\/wp-json\/wp\/v2\/product\/709163","targetHints":{"allow":["GET"]}}],"collection":[{"href":"https:\/\/roveyayinevi.com.tr\/index.php\/wp-json\/wp\/v2\/product"}],"about":[{"href":"https:\/\/roveyayinevi.com.tr\/index.php\/wp-json\/wp\/v2\/types\/product"}],"wp:attachment":[{"href":"https:\/\/roveyayinevi.com.tr\/index.php\/wp-json\/wp\/v2\/media?parent=709163"}],"wp:term":[{"taxonomy":"product_brand","embeddable":true,"href":"https:\/\/roveyayinevi.com.tr\/index.php\/wp-json\/wp\/v2\/product_brand?post=709163"},{"taxonomy":"product_cat","embeddable":true,"href":"https:\/\/roveyayinevi.com.tr\/index.php\/wp-json\/wp\/v2\/product_cat?post=709163"},{"taxonomy":"product_tag","embeddable":true,"href":"https:\/\/roveyayinevi.com.tr\/index.php\/wp-json\/wp\/v2\/product_tag?post=709163"}],"curies":[{"name":"wp","href":"https:\/\/api.w.org\/{rel}","templated":true}]}}