{"id":709162,"date":"2025-08-27T16:22:23","date_gmt":"2025-08-27T13:22:23","guid":{"rendered":"https:\/\/roveyayinevi.com.tr\/index.php\/urun\/toplumsal-arastirmalarda-nicel-ve-nitel-yontemlere-giris-iletisim-alanindan-orneklerle\/"},"modified":"2026-01-29T02:32:07","modified_gmt":"2026-01-28T23:32:07","slug":"toplumsal-arastirmalarda-nicel-ve-nitel-yontemlere-giris-iletisim-alanindan-orneklerle","status":"publish","type":"product","link":"https:\/\/roveyayinevi.com.tr\/index.php\/urun\/toplumsal-arastirmalarda-nicel-ve-nitel-yontemlere-giris-iletisim-alanindan-orneklerle\/","title":{"rendered":"Toplumsal Ara\u015ft\u0131rmalarda Nicel ve Nitel Y\u00f6ntemlere Giri\u015f &#8211; \u0130leti\u015fim Alan\u0131ndan \u00d6rneklerle"},"content":{"rendered":"<p>Elinizdeki kitap, \u00f6nceki bask\u0131lar\u0131na g\u00f6re \u00f6nemli farkl\u0131l\u0131klar ve g\u00fcncellemeler i\u00e7eriyor. 2017 y\u0131l\u0131ndan ba\u015flayarak Ara\u015ft\u0131rma Y\u00f6ntemleri dersinin y\u00fcksek lisans ve doktora programlar\u0131nda zorunlu ders konumunu kazanmas\u0131 da g\u00f6z \u00f6n\u00fcnde bulundurularak baz\u0131 b\u00f6l\u00fcmler geni\u015fletildi. \u0130leti\u015fimcilerin ara\u015ft\u0131rmalar\u0131 haberle\u015ftiren ki\u015filer oldu\u011funu d\u00fc\u015f\u00fcn\u00fcrsek, onlar\u0131n bilimsel k\u0131l\u0131fl\u0131 ara\u015ft\u0131rmalar\u0131 \u00f6zg\u00fcnlerinden ay\u0131rabilmeleri i\u00e7in (ya da her bilimsel ara\u015ft\u0131rman\u0131n s\u0131n\u0131rl\u0131l\u0131klar\u0131n\u0131 bilmeleri i\u00e7in) ilgili b\u00f6l\u00fcmler eklendi. Gazetecilerin ara\u015ft\u0131rmalarla ilgili a\u00e7\u0131klamalar\u0131, kamuoyu yoklamalar\u0131n\u0131n istatistiki de\u011ferini anlamalar\u0131 i\u00e7in de g\u00fcncellemeler yap\u0131lm\u0131\u015f durumdad\u0131r. Asl\u0131nda bu b\u00f6l\u00fcmlerdeki bilgilerin, hem ara\u015ft\u0131rmac\u0131lar hem de genel olarak yurtta\u015flar a\u00e7\u0131s\u0131ndan \u00f6nemli uyar\u0131lar i\u00e7erdi\u011fini d\u00fc\u015f\u00fcn\u00fcyorum. Ayr\u0131ca sosyal a\u011flar ve internet ortamlar\u0131n\u0131n ara\u015ft\u0131rmalarda kullan\u0131m\u0131 ve bu kaynaklar\u0131n g\u00f6nderme ve kaynak\u00e7a listesindeki verilmesine ili\u015fkin b\u00f6l\u00fcmler b\u00fct\u00fcn\u00fcyle g\u00fcncellenmi\u015f durumdad\u0131r. Bir ba\u015fka yenilik, istatistik programlar\u0131nda \u00f6zg\u00fcr, a\u00e7\u0131k, kaynak kodlu bir yaz\u0131l\u0131m olan SOFA Statistics (herkes i\u00e7in istatistik \u2013statistics open for all) yaz\u0131l\u0131m\u0131n\u0131n \u00f6rnek olarak kullan\u0131lmas\u0131d\u0131r. B\u00f6ylece, serbest\u00e7e indirilen bu yaz\u0131l\u0131mla, isteyen herkes istatistik ara\u015ft\u0131rmalar\u0131n\u0131n temel \u00e7\u00f6z\u00fcmlemelerini yapabilecektir. <\/p>\n","protected":false},"excerpt":{"rendered":"<p>Elinizdeki kitap, \u00f6nceki bask\u0131lar\u0131na g\u00f6re \u00f6nemli farkl\u0131l\u0131klar ve g\u00fcncellemeler i\u00e7eriyor. 2017 y\u0131l\u0131ndan ba\u015flayarak Ara\u015ft\u0131rma Y\u00f6ntemleri dersinin y\u00fcksek lisans ve doktora programlar\u0131nda zorunlu ders konumunu kazanmas\u0131 da<span class=\"excerpt-hellip\"> [\u2026]<\/span><\/p>\n","protected":false},"featured_media":0,"template":"","meta":{"_monsterinsights_skip_tracking":false,"_monsterinsights_sitenote_active":false,"_monsterinsights_sitenote_note":"","_monsterinsights_sitenote_category":0},"product_brand":[],"product_cat":[15983,13488],"product_tag":[],"class_list":{"0":"post-709162","1":"product","2":"type-product","3":"status-publish","5":"product_cat-iletisim-ve-medya","6":"product_cat-toplum-ve-insan","7":"pa_cilt-ciltsiz","8":"pa_tur-kitap","9":"pa_yayinevi-utopya-yayinevi","10":"pa_yazar-haluk-geray","12":"first","13":"instock","14":"sale","15":"shipping-taxable","16":"purchasable","17":"product-type-simple"},"_links":{"self":[{"href":"https:\/\/roveyayinevi.com.tr\/index.php\/wp-json\/wp\/v2\/product\/709162","targetHints":{"allow":["GET"]}}],"collection":[{"href":"https:\/\/roveyayinevi.com.tr\/index.php\/wp-json\/wp\/v2\/product"}],"about":[{"href":"https:\/\/roveyayinevi.com.tr\/index.php\/wp-json\/wp\/v2\/types\/product"}],"wp:attachment":[{"href":"https:\/\/roveyayinevi.com.tr\/index.php\/wp-json\/wp\/v2\/media?parent=709162"}],"wp:term":[{"taxonomy":"product_brand","embeddable":true,"href":"https:\/\/roveyayinevi.com.tr\/index.php\/wp-json\/wp\/v2\/product_brand?post=709162"},{"taxonomy":"product_cat","embeddable":true,"href":"https:\/\/roveyayinevi.com.tr\/index.php\/wp-json\/wp\/v2\/product_cat?post=709162"},{"taxonomy":"product_tag","embeddable":true,"href":"https:\/\/roveyayinevi.com.tr\/index.php\/wp-json\/wp\/v2\/product_tag?post=709162"}],"curies":[{"name":"wp","href":"https:\/\/api.w.org\/{rel}","templated":true}]}}