{"id":709158,"date":"2025-08-27T16:22:21","date_gmt":"2025-08-27T13:22:21","guid":{"rendered":"https:\/\/roveyayinevi.com.tr\/index.php\/urun\/is-hayatinin-yol-haritasi\/"},"modified":"2026-04-16T02:17:57","modified_gmt":"2026-04-15T23:17:57","slug":"is-hayatinin-yol-haritasi","status":"publish","type":"product","link":"https:\/\/roveyayinevi.com.tr\/index.php\/urun\/is-hayatinin-yol-haritasi\/","title":{"rendered":"\u0130\u015f Hayat\u0131n\u0131n Yol Haritas\u0131"},"content":{"rendered":"<p>Yerli ve yabanc\u0131 i\u015f d\u00fcnyas\u0131na y\u00f6nelik e\u011fitim \u00e7al\u0131\u015fmalar\u0131 ve seminerleriyle tan\u0131nan Adnan Nur Baykal, tarih\u00e7esi binlerce y\u0131l \u00f6nceye uzanan \u201cy\u00f6neticilik sanat\u0131\u201dn\u0131 anlat\u0131yor. Y\u00f6netici olman\u0131n bir \u201cdil\u201d anlam\u0131na geldi\u011fini ve \u201cy\u00f6ntem\u201d gerektirdi\u011fini belirten Baykal, \u201cBilmiyorsan\u0131z, bu dili \u00f6\u011frenmek; biliyorsan\u0131z, geli\u015ftirmek ister misiniz?\u201d diye soruyor kitab\u0131nda.    Osmanl\u0131 \u0130mparatorlu\u011fu tarihinden y\u00f6neticilik ve y\u00f6netim anlay\u0131\u015f\u0131 \u00f6rneklerine yer veren \u0130\u015f Hayat\u0131n\u0131n Yol Haritas\u0131, liyakatin \u00f6nemine vurgu yap\u0131yor ve liyakatin g\u00f6zetilmemesinin sistem i\u00e7in \u00e7\u00f6k\u00fc\u015f, kurum i\u00e7in y\u0131k\u0131m getirece\u011fine dikkat \u00e7ekiyor. Giri\u015fimci-Y\u00f6netici-\u00c7al\u0131\u015fan \u00fc\u00e7genindeki ili\u015fkileri ele alan Adnan Nur Baykal, i\u015f hayat\u0131ndaki tesad\u00fcfler, f\u0131rsatlar, \u015fans, rekabet, motivasyon, sadakat, g\u00fcven ve sayg\u0131 gibi konularda kendi tecr\u00fcbelerini aktar\u0131yor.   \u0130\u015f Hayat\u0131n\u0131n Yol Haritas\u0131, \u00fcniversite \u00f6\u011frencileri, y\u00f6netici adaylar\u0131, y\u00f6neticiler ve giri\u015fimciler i\u00e7in bir k\u0131lavuz kitap. <\/p>\n","protected":false},"excerpt":{"rendered":"<p>Yerli ve yabanc\u0131 i\u015f d\u00fcnyas\u0131na y\u00f6nelik e\u011fitim \u00e7al\u0131\u015fmalar\u0131 ve seminerleriyle tan\u0131nan Adnan Nur Baykal, tarih\u00e7esi binlerce y\u0131l \u00f6nceye uzanan \u201cy\u00f6neticilik sanat\u0131\u201dn\u0131 anlat\u0131yor. Y\u00f6netici olman\u0131n bir \u201cdil\u201d<span class=\"excerpt-hellip\"> [\u2026]<\/span><\/p>\n","protected":false},"featured_media":0,"template":"","meta":{"_monsterinsights_skip_tracking":false,"_monsterinsights_sitenote_active":false,"_monsterinsights_sitenote_note":"","_monsterinsights_sitenote_category":0},"product_brand":[],"product_cat":[13043,17647],"product_tag":[],"class_list":{"0":"post-709158","1":"product","2":"type-product","3":"status-publish","5":"product_cat-ekonomi","6":"product_cat-is-dunyasi","7":"pa_cilt-ciltsiz","8":"pa_tur-kitap","9":"pa_yayinevi-kirmizi-kedi-yayinevi","10":"pa_yazar-adnan-nur-baykal","12":"first","13":"instock","14":"sale","15":"shipping-taxable","16":"purchasable","17":"product-type-simple"},"_links":{"self":[{"href":"https:\/\/roveyayinevi.com.tr\/index.php\/wp-json\/wp\/v2\/product\/709158","targetHints":{"allow":["GET"]}}],"collection":[{"href":"https:\/\/roveyayinevi.com.tr\/index.php\/wp-json\/wp\/v2\/product"}],"about":[{"href":"https:\/\/roveyayinevi.com.tr\/index.php\/wp-json\/wp\/v2\/types\/product"}],"wp:attachment":[{"href":"https:\/\/roveyayinevi.com.tr\/index.php\/wp-json\/wp\/v2\/media?parent=709158"}],"wp:term":[{"taxonomy":"product_brand","embeddable":true,"href":"https:\/\/roveyayinevi.com.tr\/index.php\/wp-json\/wp\/v2\/product_brand?post=709158"},{"taxonomy":"product_cat","embeddable":true,"href":"https:\/\/roveyayinevi.com.tr\/index.php\/wp-json\/wp\/v2\/product_cat?post=709158"},{"taxonomy":"product_tag","embeddable":true,"href":"https:\/\/roveyayinevi.com.tr\/index.php\/wp-json\/wp\/v2\/product_tag?post=709158"}],"curies":[{"name":"wp","href":"https:\/\/api.w.org\/{rel}","templated":true}]}}