{"id":709157,"date":"2025-08-27T16:22:20","date_gmt":"2025-08-27T13:22:20","guid":{"rendered":"https:\/\/roveyayinevi.com.tr\/index.php\/urun\/sorunlarla-yuzlesmek\/"},"modified":"2026-04-16T02:17:57","modified_gmt":"2026-04-15T23:17:57","slug":"sorunlarla-yuzlesmek","status":"publish","type":"product","link":"https:\/\/roveyayinevi.com.tr\/index.php\/urun\/sorunlarla-yuzlesmek\/","title":{"rendered":"Sorunlarla Y\u00fczle\u015fmek"},"content":{"rendered":"<p>\u0130lker Ba\u015fbu\u011f, 21. y\u00fczy\u0131l\u0131n ilk \u00e7eyre\u011finde sorunlarla bo\u011fu\u015fan T\u00fcrkiye\u2019ye analitik bir bak\u0131\u015f a\u00e7\u0131s\u0131yla yakla\u015f\u0131yor ve \u00e7\u00f6z\u00fcm aray\u0131\u015flar\u0131na odaklan\u0131yor:  T\u00fcrkiye\u2019de e\u011fitim ve \u00f6\u011fretim \u00e7a\u011fda\u015f bilim esaslar\u0131na uygun \u015fekilde mi y\u00f6netilmektedir? -E\u011fitim ve \u00f6\u011fretim sistemi nas\u0131l olmal\u0131d\u0131r? -T\u00fcrkiye\u2019de milli burjuvazi nas\u0131l olu\u015fabilir? -T\u00fcrkiye\u2019nin ter\u00f6rle m\u00fccadelesinin uluslararas\u0131 zeminlerde tart\u0131\u015fma konusu haline d\u00f6n\u00fc\u015ft\u00fcr\u00fclmesi nas\u0131l \u00f6nlenebilir? -16 Nisan 2017\u2019de referanduma sunulacak Anayasa de\u011fi\u015fiklik tekliflerinin ana sorunlar\u0131 nelerdir? -Mustafa Kemal Atat\u00fcrk, milletin \u015fah\u0131slara, kendini unutacak ve kendini kapt\u0131racak kadar ba\u011flanmas\u0131na neden kar\u015f\u0131 \u00e7\u0131k\u0131yordu? -T\u00fcrkiye\u2019de sa\u011fl\u0131kl\u0131 sivil-asker ili\u015fkisi nas\u0131l kurulabilir? -T\u00fcrk ordusuna kar\u015f\u0131 uygulanan komplolar kimler taraf\u0131ndan, nas\u0131l planland\u0131 ve ger\u00e7ekle\u015ftirildi? -K\u0131br\u0131s\u2019ta adil ve kal\u0131c\u0131 \u00e7\u00f6z\u00fcme nas\u0131l ula\u015f\u0131l\u0131r? -Ermeni iddialar\u0131na kar\u015f\u0131 neler yap\u0131labilir? \u201c\u00dclke sorunlar\u0131na duyarl\u0131 olmak bir vatanda\u015fl\u0131k g\u00f6revidir. Fakat g\u00f6rev burada bitmemektedir. Sorunlar\u0131 dile getirmek, \u015fik\u00e2yet etmek yeterli de\u011fildir. Yan\u0131t\u0131n bir par\u00e7as\u0131 de\u011filsen, sorunun bir par\u00e7as\u0131s\u0131n demektir.\u201d <\/p>\n","protected":false},"excerpt":{"rendered":"<p>\u0130lker Ba\u015fbu\u011f, 21. y\u00fczy\u0131l\u0131n ilk \u00e7eyre\u011finde sorunlarla bo\u011fu\u015fan T\u00fcrkiye\u2019ye analitik bir bak\u0131\u015f a\u00e7\u0131s\u0131yla yakla\u015f\u0131yor ve \u00e7\u00f6z\u00fcm aray\u0131\u015flar\u0131na odaklan\u0131yor: T\u00fcrkiye\u2019de e\u011fitim ve \u00f6\u011fretim \u00e7a\u011fda\u015f bilim esaslar\u0131na uygun<span class=\"excerpt-hellip\"> [\u2026]<\/span><\/p>\n","protected":false},"featured_media":0,"template":"","meta":{"_monsterinsights_skip_tracking":false,"_monsterinsights_sitenote_active":false,"_monsterinsights_sitenote_note":"","_monsterinsights_sitenote_category":0},"product_brand":[],"product_cat":[12337,14543],"product_tag":[],"class_list":{"0":"post-709157","1":"product","2":"type-product","3":"status-publish","5":"product_cat-politika-siyaset","6":"product_cat-turkiye-siyaseti-ve-politikasi","7":"pa_cilt-ciltsiz","8":"pa_tur-kitap","9":"pa_yayinevi-kirmizi-kedi-yayinevi","10":"pa_yazar-ilker-basbug","12":"first","13":"instock","14":"sale","15":"shipping-taxable","16":"purchasable","17":"product-type-simple"},"_links":{"self":[{"href":"https:\/\/roveyayinevi.com.tr\/index.php\/wp-json\/wp\/v2\/product\/709157","targetHints":{"allow":["GET"]}}],"collection":[{"href":"https:\/\/roveyayinevi.com.tr\/index.php\/wp-json\/wp\/v2\/product"}],"about":[{"href":"https:\/\/roveyayinevi.com.tr\/index.php\/wp-json\/wp\/v2\/types\/product"}],"wp:attachment":[{"href":"https:\/\/roveyayinevi.com.tr\/index.php\/wp-json\/wp\/v2\/media?parent=709157"}],"wp:term":[{"taxonomy":"product_brand","embeddable":true,"href":"https:\/\/roveyayinevi.com.tr\/index.php\/wp-json\/wp\/v2\/product_brand?post=709157"},{"taxonomy":"product_cat","embeddable":true,"href":"https:\/\/roveyayinevi.com.tr\/index.php\/wp-json\/wp\/v2\/product_cat?post=709157"},{"taxonomy":"product_tag","embeddable":true,"href":"https:\/\/roveyayinevi.com.tr\/index.php\/wp-json\/wp\/v2\/product_tag?post=709157"}],"curies":[{"name":"wp","href":"https:\/\/api.w.org\/{rel}","templated":true}]}}