{"id":709153,"date":"2025-08-27T16:22:18","date_gmt":"2025-08-27T13:22:18","guid":{"rendered":"https:\/\/roveyayinevi.com.tr\/index.php\/urun\/belkide-dilimden-bu-sarki-dusmez\/"},"modified":"2026-04-12T02:20:49","modified_gmt":"2026-04-11T23:20:49","slug":"belkide-dilimden-bu-sarki-dusmez","status":"publish","type":"product","link":"https:\/\/roveyayinevi.com.tr\/index.php\/urun\/belkide-dilimden-bu-sarki-dusmez\/","title":{"rendered":"Belkide Dilimden Bu \u015eark\u0131 D\u00fc\u015fmez"},"content":{"rendered":"<p>\u2018\u2019Yeni bir devlet, yeni bir ulus ve yeni bir insan in\u015fa etme \u00e7abas\u0131n\u0131n zirVede oldu\u011fu d\u00f6nemlerdi.Do\u011fu\u2019ya \u00f6zg\u00fc ne varsa silinmeli, insanlar sadece Bat\u0131 de\u011ferlerine uygun \u015feyler giymeli, Bat\u0131l\u0131 standartlarda okumal\u0131 ve m\u00fczik dinlemeliydi.Belki de s\u00f6z konusu de\u011fi\u015fimin en \u00f6nemli g\u00f6stergesi, m\u00fczikti.Bu kapsamda planlamalar yap\u0131lm\u0131\u015ft\u0131, \u00fclkenin yeni bachlar, Beethovenlar ve Mozartlar \u00e7\u0131karmas\u0131 bekleniyordu.Ama olaylar \u00e7ok farkl\u0131 geli\u015fmi\u015fti.Neye niyet, neye k\u0131smet i\u015fte\u2026\u2019\u2019 \u2018\u2019Arabesk, bir d\u00f6nem itilen, hor g\u00f6r\u00fclen, ezilen ve bo\u011fulmaya \u00e7al\u0131\u015f\u0131lan Bir kitlenin hassasiyetini y\u00fcksek perdeden d\u0131\u015fa vurulmas\u0131d\u0131r.Bu m\u00fc- Zik ; ritmini, t\u0131n\u0131s\u0131n\u0131 bu co\u011frafyadan almakla beraber insan\u0131m\u0131z\u0131n g\u00fcnL\u00fck hayattaki sevdalar\u0131n\u0131, isyanlar\u0131n\u0131, h\u00fcz\u00fcnlerini, \u00fcmitlerini\u2026konu Edinen bir \u00f6zelli\u011fe sahiptir.Bir y\u00f6n\u00fcyle bir isyan dalgas\u0131d\u0131r.\u2019\u2019<\/p>\n","protected":false},"excerpt":{"rendered":"<p>\u2018\u2019Yeni bir devlet, yeni bir ulus ve yeni bir insan in\u015fa etme \u00e7abas\u0131n\u0131n zirVede oldu\u011fu d\u00f6nemlerdi.Do\u011fu\u2019ya \u00f6zg\u00fc ne varsa silinmeli, insanlar sadece Bat\u0131 de\u011ferlerine uygun \u015feyler<span class=\"excerpt-hellip\"> [\u2026]<\/span><\/p>\n","protected":false},"featured_media":0,"template":"","meta":{"_monsterinsights_skip_tracking":false,"_monsterinsights_sitenote_active":false,"_monsterinsights_sitenote_note":"","_monsterinsights_sitenote_category":0},"product_brand":[],"product_cat":[12777,12291],"product_tag":[],"class_list":{"0":"post-709153","1":"product","2":"type-product","3":"status-publish","5":"product_cat-deneme","6":"product_cat-edebiyat","7":"pa_cilt-ciltsiz","8":"pa_tur-kitap","9":"pa_yayinevi-profil-kitap","10":"pa_yazar-muhammed-berdibek","12":"first","13":"instock","14":"sale","15":"shipping-taxable","16":"purchasable","17":"product-type-simple"},"_links":{"self":[{"href":"https:\/\/roveyayinevi.com.tr\/index.php\/wp-json\/wp\/v2\/product\/709153","targetHints":{"allow":["GET"]}}],"collection":[{"href":"https:\/\/roveyayinevi.com.tr\/index.php\/wp-json\/wp\/v2\/product"}],"about":[{"href":"https:\/\/roveyayinevi.com.tr\/index.php\/wp-json\/wp\/v2\/types\/product"}],"wp:attachment":[{"href":"https:\/\/roveyayinevi.com.tr\/index.php\/wp-json\/wp\/v2\/media?parent=709153"}],"wp:term":[{"taxonomy":"product_brand","embeddable":true,"href":"https:\/\/roveyayinevi.com.tr\/index.php\/wp-json\/wp\/v2\/product_brand?post=709153"},{"taxonomy":"product_cat","embeddable":true,"href":"https:\/\/roveyayinevi.com.tr\/index.php\/wp-json\/wp\/v2\/product_cat?post=709153"},{"taxonomy":"product_tag","embeddable":true,"href":"https:\/\/roveyayinevi.com.tr\/index.php\/wp-json\/wp\/v2\/product_tag?post=709153"}],"curies":[{"name":"wp","href":"https:\/\/api.w.org\/{rel}","templated":true}]}}