{"id":709152,"date":"2025-08-27T16:22:18","date_gmt":"2025-08-27T13:22:18","guid":{"rendered":"https:\/\/roveyayinevi.com.tr\/index.php\/urun\/gerceklik-sovundan-gerceklik-kurgusuna-beyaz-camin-reality-sov-hali\/"},"modified":"2026-04-16T02:17:57","modified_gmt":"2026-04-15T23:17:57","slug":"gerceklik-sovundan-gerceklik-kurgusuna-beyaz-camin-reality-sov-hali","status":"publish","type":"product","link":"https:\/\/roveyayinevi.com.tr\/index.php\/urun\/gerceklik-sovundan-gerceklik-kurgusuna-beyaz-camin-reality-sov-hali\/","title":{"rendered":"Ger\u00e7eklik \u015eovundan Ger\u00e7eklik Kurgusuna Beyaz Cam\u0131n Reality \u015eov Hali"},"content":{"rendered":"<p>GER\u00c7EKL\u0130K \u015eOVUNDAN GER\u00c7EKL\u0130K KURGUSUNA BEYAZ CAMIN REAL\u0130TY \u015eOV HAL\u0130 SEMA KARABIYIK Ya\u015fad\u0131\u011f\u0131m\u0131z \u00e7a\u011f\u0131n kilit ifadesi, fark edilmek. Reality \u015eovlar, hangi tema \u00fczerine in\u015fa edilirse edilsin, \u00f6z\u00fcnde fark edilmeyi bekleyenlerin trajedisini anlat\u0131yor. Sosyal medyada tam pansiyon kendini te\u015fhir edenlerin derdi de fark edilmek.Reality \u015fovda y\u0131pranma pahas\u0131na kendini sergileyenlerin de. Ac\u0131 verici bir \u015fekilde ihmal edildi\u011fini d\u00fc\u015f\u00fcnen, g\u00f6rmezden gelinmi\u015f, fark edilmemi\u015f, d\u0131\u015flanm\u0131\u015f, kendini yaln\u0131z hisseden ki\u015filer, reality \u015fovlara kat\u0131larak hayatlar\u0131n\u0131 riske ediyorlar. \u0130nsano\u011flunun en b\u00fcy\u00fck korkusu, ba\u015fkalar\u0131n\u0131n \u00f6n\u00fcnde herkesin g\u00f6rebilece\u011fi, Duyabilece\u011fi \u015fekilde g\u00fcl\u00fcn\u00e7 duruma d\u00fc\u015fmek ya da k\u00fc\u00e7\u00fck d\u00fc\u015f\u00fcr\u00fclmektir. Ger\u00e7eklik kurgusunda, fark edilmek u\u011fruna, g\u00fcl\u00fcn\u00e7 duruma d\u00fc\u015fmeye de K\u00fc\u00e7\u00fck d\u00fc\u015f\u00fcr\u00fclmeye de g\u00f6n\u00fcll\u00fcler. Y\u00fczlerce\/binlerce ba\u015fvuru aras\u0131ndan, saatler s\u00fcren g\u00f6r\u00fc\u015fmeler sonucu, zaaflar\u0131n\u0131, hayallerini, hayattan beklentilerini alt\u0131n tepside yap\u0131mc\u0131lara sunarak, Imzalad\u0131klar\u0131 s\u00f6zle\u015fme ile k\u00fc\u00e7\u00fck d\u00fc\u015f\u00fcr\u00fclmeyi ya da g\u00fcl\u00fcn\u00e7 duruma d\u00fc\u015fmeyi en ba\u015f\u0131ndan kabul ediyorlar . Ekranda g\u00f6r\u00fclen t\u00fcm reality \u015fovlar, izdiva\u00e7lar dahil, ger\u00e7eklik kurgusundan ibaret. Ger\u00e7e\u011fi temsil etmiyor, ger\u00e7e\u011fi kurguluyorlar. <\/p>\n","protected":false},"excerpt":{"rendered":"<p>GER\u00c7EKL\u0130K \u015eOVUNDAN GER\u00c7EKL\u0130K KURGUSUNA BEYAZ CAMIN REAL\u0130TY \u015eOV HAL\u0130 SEMA KARABIYIK Ya\u015fad\u0131\u011f\u0131m\u0131z \u00e7a\u011f\u0131n kilit ifadesi, fark edilmek. Reality \u015eovlar, hangi tema \u00fczerine in\u015fa edilirse edilsin, \u00f6z\u00fcnde<span class=\"excerpt-hellip\"> [\u2026]<\/span><\/p>\n","protected":false},"featured_media":0,"template":"","meta":{"_monsterinsights_skip_tracking":false,"_monsterinsights_sitenote_active":false,"_monsterinsights_sitenote_note":"","_monsterinsights_sitenote_category":0},"product_brand":[],"product_cat":[13590,12337],"product_tag":[],"class_list":{"0":"post-709152","1":"product","2":"type-product","3":"status-publish","5":"product_cat-arastirma-inceleme-politika-siyaset","6":"product_cat-politika-siyaset","7":"pa_cilt-ciltsiz","8":"pa_tur-kitap","9":"pa_yayinevi-profil-kitap","10":"pa_yazar-sema-karabiyik","12":"first","13":"instock","14":"sale","15":"shipping-taxable","16":"purchasable","17":"product-type-simple"},"_links":{"self":[{"href":"https:\/\/roveyayinevi.com.tr\/index.php\/wp-json\/wp\/v2\/product\/709152","targetHints":{"allow":["GET"]}}],"collection":[{"href":"https:\/\/roveyayinevi.com.tr\/index.php\/wp-json\/wp\/v2\/product"}],"about":[{"href":"https:\/\/roveyayinevi.com.tr\/index.php\/wp-json\/wp\/v2\/types\/product"}],"wp:attachment":[{"href":"https:\/\/roveyayinevi.com.tr\/index.php\/wp-json\/wp\/v2\/media?parent=709152"}],"wp:term":[{"taxonomy":"product_brand","embeddable":true,"href":"https:\/\/roveyayinevi.com.tr\/index.php\/wp-json\/wp\/v2\/product_brand?post=709152"},{"taxonomy":"product_cat","embeddable":true,"href":"https:\/\/roveyayinevi.com.tr\/index.php\/wp-json\/wp\/v2\/product_cat?post=709152"},{"taxonomy":"product_tag","embeddable":true,"href":"https:\/\/roveyayinevi.com.tr\/index.php\/wp-json\/wp\/v2\/product_tag?post=709152"}],"curies":[{"name":"wp","href":"https:\/\/api.w.org\/{rel}","templated":true}]}}