{"id":709148,"date":"2025-08-27T16:22:16","date_gmt":"2025-08-27T13:22:16","guid":{"rendered":"https:\/\/roveyayinevi.com.tr\/index.php\/urun\/canavar-pesinde-serisi-42-kayip-dunya-kanatli-canavar-karnivora\/"},"modified":"2026-04-13T02:22:13","modified_gmt":"2026-04-12T23:22:13","slug":"canavar-pesinde-serisi-42-kayip-dunya-kanatli-canavar-karnivora","status":"publish","type":"product","link":"https:\/\/roveyayinevi.com.tr\/index.php\/urun\/canavar-pesinde-serisi-42-kayip-dunya-kanatli-canavar-karnivora\/","title":{"rendered":"Canavar Pe\u015finde Serisi 42 &#8211; Kay\u0131p D\u00fcnya (Kanatl\u0131 Canavar Karnivora)"},"content":{"rendered":"<p>Yepyeni Canavar Pe\u015finde maceras\u0131na ho\u015f geldiniz:Kay\u0131p D\u00fcnyaTavania\u2019n\u0131n buz gibi kuzey topraklar\u0131nda katil bir canavar dola\u015f\u0131yor.Tom, Tavania halk\u0131n\u0131 arkas\u0131na al\u0131p Malvel\u2019in k\u00f6t\u00fc ordusunu yenmek zorunda.Yoksa \u00fclke mahvolacak ve Tom, bir daha Avantia\u2019y\u0131 asla g\u00f6remeyecek\u2026<\/p>\n","protected":false},"excerpt":{"rendered":"<p>Yepyeni Canavar Pe\u015finde maceras\u0131na ho\u015f geldiniz:Kay\u0131p D\u00fcnyaTavania\u2019n\u0131n buz gibi kuzey topraklar\u0131nda katil bir canavar dola\u015f\u0131yor.Tom, Tavania halk\u0131n\u0131 arkas\u0131na al\u0131p Malvel\u2019in k\u00f6t\u00fc ordusunu yenmek zorunda.Yoksa \u00fclke mahvolacak<span class=\"excerpt-hellip\"> [\u2026]<\/span><\/p>\n","protected":false},"featured_media":0,"template":"","meta":{"_monsterinsights_skip_tracking":false,"_monsterinsights_sitenote_active":false,"_monsterinsights_sitenote_note":"","_monsterinsights_sitenote_category":0},"product_brand":[],"product_cat":[12275,12274],"product_tag":[],"class_list":{"0":"post-709148","1":"product","2":"type-product","3":"status-publish","5":"product_cat-6-12-yas-kitaplari","6":"product_cat-cocuk-ve-genclik-kitaplari","7":"pa_cilt-ciltsiz","8":"pa_tur-kitap","9":"pa_yayinevi-beyaz-balina-yayinlari","10":"pa_yazar-adam-blade","12":"first","13":"instock","14":"sale","15":"shipping-taxable","16":"purchasable","17":"product-type-simple"},"_links":{"self":[{"href":"https:\/\/roveyayinevi.com.tr\/index.php\/wp-json\/wp\/v2\/product\/709148","targetHints":{"allow":["GET"]}}],"collection":[{"href":"https:\/\/roveyayinevi.com.tr\/index.php\/wp-json\/wp\/v2\/product"}],"about":[{"href":"https:\/\/roveyayinevi.com.tr\/index.php\/wp-json\/wp\/v2\/types\/product"}],"wp:attachment":[{"href":"https:\/\/roveyayinevi.com.tr\/index.php\/wp-json\/wp\/v2\/media?parent=709148"}],"wp:term":[{"taxonomy":"product_brand","embeddable":true,"href":"https:\/\/roveyayinevi.com.tr\/index.php\/wp-json\/wp\/v2\/product_brand?post=709148"},{"taxonomy":"product_cat","embeddable":true,"href":"https:\/\/roveyayinevi.com.tr\/index.php\/wp-json\/wp\/v2\/product_cat?post=709148"},{"taxonomy":"product_tag","embeddable":true,"href":"https:\/\/roveyayinevi.com.tr\/index.php\/wp-json\/wp\/v2\/product_tag?post=709148"}],"curies":[{"name":"wp","href":"https:\/\/api.w.org\/{rel}","templated":true}]}}