{"id":709146,"date":"2025-08-27T16:22:15","date_gmt":"2025-08-27T13:22:15","guid":{"rendered":"https:\/\/roveyayinevi.com.tr\/index.php\/urun\/sardunya-sardalya-ve-bizim-sokak\/"},"modified":"2026-04-16T02:17:57","modified_gmt":"2026-04-15T23:17:57","slug":"sardunya-sardalya-ve-bizim-sokak","status":"publish","type":"product","link":"https:\/\/roveyayinevi.com.tr\/index.php\/urun\/sardunya-sardalya-ve-bizim-sokak\/","title":{"rendered":"Sardunya, Sardalya ve Bizim Sokak"},"content":{"rendered":"<p>Her yeri saran beton binalar\u0131n aras\u0131nda adeta bir vaha gibi duran Sardunya Kona\u011f\u0131, Ali\u00e7o\u2019lar\u0131n mahallesinde bah\u00e7e i\u00e7inde kalan son evdir. Emlak\u00e7\u0131lar\u0131n akbaba misali ele ge\u00e7irmek i\u00e7in t\u00fcrl\u00fc oyunlara ba\u015fvurduklar\u0131 bu g\u00f6rkemli k\u00f6\u015fk, mahalle sakinlerin sevip sayd\u0131\u011f\u0131 R\u0131fat amca ve g\u00fcng\u00f6rm\u00fc\u015f dostlar\u0131n\u0131n yuvas\u0131 oldu\u011fu kadar, civar hanelerde ya\u015fayan \u00e7ocuklar\u0131n da ikinci adresidir. Parklara, bah\u00e7elere hasret kalan k\u00fc\u00e7\u00fcklere her f\u0131rsatta kap\u0131lar\u0131n\u0131 a\u00e7arak oyun park\u0131na d\u00f6n\u00fc\u015fen Sardunya Kona\u011f\u0131 Ali\u00e7o ve arkada\u015flar\u0131n\u0131n da u\u011frak yeridir.   Fakat ne yaz\u0131k ki herkesin hayat\u0131na sihirli bir de\u011fnek gibi dokunan Sardunya, sardalya kutusuna d\u00f6n\u00fc\u015ft\u00fcr\u00fclme tehlikesiyle kar\u015f\u0131 kar\u015f\u0131yad\u0131r. Uzun y\u0131llar kentle\u015fmeye meydan okuyarak dimdik ayakta kalmay\u0131 ba\u015faran bu sevimli yap\u0131y\u0131 gelece\u011fe ta\u015f\u0131yabilmenin tek yolu ise yeniden g\u00fcn y\u00fcz\u00fc g\u00f6rmeye haz\u0131rlanan emektar minib\u00fcs Ma\u015fuk\u2019un s\u0131rt\u0131nda \u00e7\u0131k\u0131lacak bilmecelerle \u00f6r\u00fcl\u00fc bir Gelibolu seyahatinde sakl\u0131d\u0131r&#8230;   Mizah y\u00fckl\u00fc kalemiyle edebiyat\u0131m\u0131zda kendine has bir \u00fcslubu bulunan Pelin G\u00fcne\u015f, Sardunya, Sardalya ve Bizim Sokak isimli roman\u0131nda yitip giden de\u011ferlerin, silikle\u015fen an\u0131lar\u0131n ve kentsel d\u00f6n\u00fc\u015f\u00fcm canavar\u0131na kar\u015f\u0131 giri\u015filen bir sava\u015f\u0131n e\u011flenceli \u00f6yk\u00fcs\u00fcn\u00fc anlat\u0131yor. Ankara\u2019daki baba yadig\u00e2r\u0131 bir konaktan \u00c7anakkale\u2019nin tarihi de\u011ferlerine uzanan gizemli bir ser\u00fcvene direksiyon k\u0131ran bu s\u00fcrprizli kitap ak\u0131p giden hik\u00e2yesiyle keyifli bir yol maceras\u0131na d\u00f6n\u00fc\u015f\u00fcyor.   G\u00f6k\u00e7e Yava\u015f \u00d6nal\u2019\u0131n naif resimleriyle hat\u0131ralarda kalmaktan uzakla\u015f\u0131p g\u00f6zlerimizde canlanan Sardunya Kona\u011f\u0131, gen\u00e7 okurlar\u0131na, t\u00fcketim al\u0131\u015fkanl\u0131klar\u0131n\u0131 yeniden g\u00f6zden ge\u00e7irmelerini an\u0131msat\u0131rken yard\u0131mla\u015fman\u0131n ve birlikteli\u011fin insan hayat\u0131ndaki \u00f6nemini vurguluyor. O zaman ver elini Gelibolu! Sardunya\u2019y\u0131 sardalyaya d\u00f6n\u00fc\u015ft\u00fcrmelerine ge\u00e7it vermeyece\u011fiz!.. <\/p>\n","protected":false},"excerpt":{"rendered":"<p>Her yeri saran beton binalar\u0131n aras\u0131nda adeta bir vaha gibi duran Sardunya Kona\u011f\u0131, Ali\u00e7o\u2019lar\u0131n mahallesinde bah\u00e7e i\u00e7inde kalan son evdir. Emlak\u00e7\u0131lar\u0131n akbaba misali ele ge\u00e7irmek i\u00e7in<span class=\"excerpt-hellip\"> [\u2026]<\/span><\/p>\n","protected":false},"featured_media":0,"template":"","meta":{"_monsterinsights_skip_tracking":false,"_monsterinsights_sitenote_active":false,"_monsterinsights_sitenote_note":"","_monsterinsights_sitenote_category":0},"product_brand":[],"product_cat":[12275,12274],"product_tag":[],"class_list":{"0":"post-709146","1":"product","2":"type-product","3":"status-publish","5":"product_cat-6-12-yas-kitaplari","6":"product_cat-cocuk-ve-genclik-kitaplari","7":"pa_cilt-ciltsiz","8":"pa_tur-kitap","9":"pa_yayinevi-tudem-yayinlari","10":"pa_yazar-pelin-gunes","12":"first","13":"instock","14":"sale","15":"shipping-taxable","16":"purchasable","17":"product-type-simple"},"_links":{"self":[{"href":"https:\/\/roveyayinevi.com.tr\/index.php\/wp-json\/wp\/v2\/product\/709146","targetHints":{"allow":["GET"]}}],"collection":[{"href":"https:\/\/roveyayinevi.com.tr\/index.php\/wp-json\/wp\/v2\/product"}],"about":[{"href":"https:\/\/roveyayinevi.com.tr\/index.php\/wp-json\/wp\/v2\/types\/product"}],"wp:attachment":[{"href":"https:\/\/roveyayinevi.com.tr\/index.php\/wp-json\/wp\/v2\/media?parent=709146"}],"wp:term":[{"taxonomy":"product_brand","embeddable":true,"href":"https:\/\/roveyayinevi.com.tr\/index.php\/wp-json\/wp\/v2\/product_brand?post=709146"},{"taxonomy":"product_cat","embeddable":true,"href":"https:\/\/roveyayinevi.com.tr\/index.php\/wp-json\/wp\/v2\/product_cat?post=709146"},{"taxonomy":"product_tag","embeddable":true,"href":"https:\/\/roveyayinevi.com.tr\/index.php\/wp-json\/wp\/v2\/product_tag?post=709146"}],"curies":[{"name":"wp","href":"https:\/\/api.w.org\/{rel}","templated":true}]}}