{"id":709145,"date":"2025-08-27T16:22:15","date_gmt":"2025-08-27T13:22:15","guid":{"rendered":"https:\/\/roveyayinevi.com.tr\/index.php\/urun\/rus-ve-ermeni-kaynaklari-isiginda-ermeni-sorunu-ortaya-cikis-sureci-1678-1914-azerice\/"},"modified":"2026-04-16T02:17:57","modified_gmt":"2026-04-15T23:17:57","slug":"rus-ve-ermeni-kaynaklari-isiginda-ermeni-sorunu-ortaya-cikis-sureci-1678-1914-azerice","status":"publish","type":"product","link":"https:\/\/roveyayinevi.com.tr\/index.php\/urun\/rus-ve-ermeni-kaynaklari-isiginda-ermeni-sorunu-ortaya-cikis-sureci-1678-1914-azerice\/","title":{"rendered":"Rus ve Ermeni Kaynaklar\u0131 I\u015f\u0131\u011f\u0131nda Ermeni Sorunu Ortaya \u00c7\u0131k\u0131\u015f S\u00fcreci 1678 &#8211; 1914 &#8211; Azerice"},"content":{"rendered":"<p>Ermeni Sorunu setinin ilk kitab\u0131 olan bu incelemenin azerice bask\u0131s\u0131 olan bu kitap; g\u00fcn y\u00fcz\u00fcne \u00e7\u0131kmam\u0131\u015f Rus ar\u015fiv belgeleri ve Ermeni kaynaklar\u0131yla konunun bilinmeyen y\u00f6nlerini ortaya koymaktad\u0131r. 1915 y\u0131l\u0131ndaki Ermeni olaylar\u0131n\u0131n do\u011fru bir \u015fekilde analiz edilebilmesi, ancak konun tarih\u00ee arka plan\u0131n\u0131n anla\u015f\u0131lmas\u0131 ile m\u00fcmk\u00fcn olabilir. Bu \u00e7al\u0131\u015fmada, 1678-1914 tarihleri aras\u0131nda Ermeni Sorununun de\u011fi\u015fken y\u00f6nleri ilk elden kaynaklarla incelenmi\u015ftir.****M\u0259lum oldu\u011fu kimi, tarixi hadis\u0259 v\u0259 proses yaln\u0131z bir d\u0259f\u0259 ba\u015f verir, lakin siyasi \u015f\u0259rait\u0259 uy\u011fun olaraq zaman-zaman yenid\u0259n yaz\u0131l\u0131r v\u0259 ona m\u00fcxt\u0259lif c\u00fcr qiym\u0259tl\u0259r verilir. \u018fn d\u0259h\u015f\u0259tlisi is\u0259 olmayan hadis\u0259d\u0259n uydurma tarixin qura\u015fd\u0131r\u0131lmas\u0131d\u0131r. Bel\u0259 qura\u015fd\u0131r\u0131lan tarixl\u0259rd\u0259n biri erm\u0259ni \u201ctarix\u00e7il\u0259r\u201dinin uydurduqlar\u0131 \u201cerm\u0259ni soyq\u0131r\u0131m\u0131\u201d m\u0259s\u0259l\u0259sidir.T\u00fcrkiy\u0259 \u0259leyhin\u0259 \u00e7irkin m\u0259qs\u0259dl\u0259r \u00fc\u00e7\u00fcn istifad\u0259 edil\u0259n tarixd\u0259 olmayan \u201cerm\u0259ni soyq\u0131r\u0131m\u0131\u201dn\u0131n \u0259sl s\u0259b\u0259bl\u0259ri n\u0259dir? \u201cErm\u0259ni m\u0259s\u0259l\u0259si\u201d deyil\u0259n m\u0259s\u0259l\u0259 nec\u0259 meydana \u00e7\u0131xm\u0131\u015fd\u0131r? \u201cErm\u0259ni m\u0259s\u0259l\u0259si\u201dni ortaya atmaqda b\u00f6y\u00fck d\u00f6vl\u0259tl\u0259rin m\u0259qs\u0259dl\u0259ri n\u0259d\u0259n ibar\u0259t olmu\u015fdur? Bu v\u0259 ya dig\u0259r \u00e7oxlu m\u0259s\u0259l\u0259l\u0259rin \u0259n m\u00f6t\u0259b\u0259r arxiv materiallar\u0131 v\u0259 s\u0259n\u0259dli m\u0259nb\u0259l\u0259r \u0259sas\u0131nda ara\u015fd\u0131r\u0131lmas\u0131 m\u00fch\u00fcm elmi v\u0259 siyasi aktuall\u0131q k\u0259sb edir.Tarixi m\u0259nb\u0259l\u0259r s\u00fcbut edir ki, uydurma \u201cerm\u0259ni m\u0259s\u0259l\u0259si\u201d deyil\u0259n m\u0259s\u0259l\u0259 b\u00f6y\u00fck d\u00f6vl\u0259tl\u0259r t\u0259r\u0259find\u0259n Osmanl\u0131 d\u00f6vl\u0259tinin par\u00e7alanmas\u0131n\u0131 n\u0259z\u0259rd\u0259 tutan \u201c\u015e\u0259rq m\u0259s\u0259l\u0259si\u201dnin t\u0259rkib hiss\u0259si kimi d\u00fc\u015f\u00fcn\u00fclm\u00fc\u015f v\u0259 m\u00fc\u0259yy\u0259n siyas\u0259t hal\u0131na g\u0259tirilmi\u015fdir. Bu qondarma m\u0259s\u0259l\u0259nin ortaya \u00e7\u0131xmas\u0131na v\u0259 b\u00f6y\u00fck d\u00f6vl\u0259tl\u0259rin maraqlar\u0131na dair \u0259n m\u00f6t\u0259b\u0259r s\u0259n\u0259d v\u0259 materillar Rusiya arxivl\u0259rind\u0259 saxlan\u0131l\u0131r. Onlar\u0131n elmi d\u00f6vriyy\u0259y\u0259 g\u0259tirilm\u0259si, d\u0259rind\u0259n \u00f6yr\u0259nilm\u0259si v\u0259 \u00fcmumil\u0259\u015fdirilmi\u015f n\u0259tic\u0259l\u0259rin \u00e7\u0131xar\u0131lmas\u0131 tarix\u00e7il\u0259rin qar\u015f\u0131s\u0131nda dayanan v\u0259zif\u0259l\u0259rd\u0259n biridir.T\u00fcrkiy\u0259 tarix\u00e7il\u0259ri bu problem\u0259 dair \u00e7oxlu ara\u015fd\u0131rmalar aparm\u0131\u015f v\u0259 d\u0259y\u0259rli \u0259s\u0259rl\u0259r yazm\u0131\u015flar. H\u0259min t\u0259dqiqat i\u015fl\u0259rinin aras\u0131nda Prof. Dr. Seyit Sert\u00e7elikin \u201cErm\u0259ni m\u0259s\u0259l\u0259si: ortaya \u00e7\u0131x\u0131\u015f s\u00fcr\u0259ci. 1678-1914\u201d \u0259s\u0259ri \u00f6z\u00fcn\u0259m\u0259xsus yer tutur. \u018fsas\u0259n Moskva v\u0259 Sankt Peterburq arxivl\u0259rinin materiallar\u0131 \u0259sas\u0131nda yaz\u0131lm\u0131\u015f bu \u0259s\u0259r problemin mahiyy\u0259tin\u0259 v\u0259 t\u0259kam\u00fcl\u00fcn\u0259 dair tarixi ger\u00e7\u0259klikl\u0259ri \u00fcz\u0259 \u00e7\u0131xarma\u011fa imkan verdiyind\u0259n \u0259h\u0259miyy\u0259tlidir. Xarici dill\u0259r\u0259 t\u0259rc\u00fcm\u0259 edil\u0259r\u0259k n\u0259\u015fr olunan bel\u0259 \u0259s\u0259rl\u0259rin say\u0259sind\u0259 m\u0259s\u0259l\u0259 il\u0259 maraqlanan \u015f\u0259xsl\u0259r erm\u0259ni tarix\u00e7il\u0259rinin yazd\u0131qlar\u0131n\u0131n uydurma oldu\u011funa \u0259min olurlar. \u018fs\u0259rin Az\u0259rbaycan dilind\u0259 n\u0259\u015frini faydal\u0131 hesab edir v\u0259 m\u00fc\u0259llifi Prof. Dr. Seyit Sert\u00e7elik\u0259 yeni yarad\u0131c\u0131l\u0131q u\u011furlar\u0131 arzulay\u0131ram.Prof. Dr. Musa Qas\u0131ml\u0131 <\/p>\n","protected":false},"excerpt":{"rendered":"<p>Ermeni Sorunu setinin ilk kitab\u0131 olan bu incelemenin azerice bask\u0131s\u0131 olan bu kitap; g\u00fcn y\u00fcz\u00fcne \u00e7\u0131kmam\u0131\u015f Rus ar\u015fiv belgeleri ve Ermeni kaynaklar\u0131yla konunun bilinmeyen y\u00f6nlerini ortaya<span class=\"excerpt-hellip\"> [\u2026]<\/span><\/p>\n","protected":false},"featured_media":0,"template":"","meta":{"_monsterinsights_skip_tracking":false,"_monsterinsights_sitenote_active":false,"_monsterinsights_sitenote_note":"","_monsterinsights_sitenote_category":0},"product_brand":[],"product_cat":[13590,12337],"product_tag":[],"class_list":{"0":"post-709145","1":"product","2":"type-product","3":"status-publish","5":"product_cat-arastirma-inceleme-politika-siyaset","6":"product_cat-politika-siyaset","7":"pa_cilt-ciltsiz","8":"pa_tur-kitap","9":"pa_yayinevi-srt-yayinlari","10":"pa_yazar-seyit-sertcelik","12":"first","13":"instock","14":"sale","15":"shipping-taxable","16":"purchasable","17":"product-type-simple"},"_links":{"self":[{"href":"https:\/\/roveyayinevi.com.tr\/index.php\/wp-json\/wp\/v2\/product\/709145","targetHints":{"allow":["GET"]}}],"collection":[{"href":"https:\/\/roveyayinevi.com.tr\/index.php\/wp-json\/wp\/v2\/product"}],"about":[{"href":"https:\/\/roveyayinevi.com.tr\/index.php\/wp-json\/wp\/v2\/types\/product"}],"wp:attachment":[{"href":"https:\/\/roveyayinevi.com.tr\/index.php\/wp-json\/wp\/v2\/media?parent=709145"}],"wp:term":[{"taxonomy":"product_brand","embeddable":true,"href":"https:\/\/roveyayinevi.com.tr\/index.php\/wp-json\/wp\/v2\/product_brand?post=709145"},{"taxonomy":"product_cat","embeddable":true,"href":"https:\/\/roveyayinevi.com.tr\/index.php\/wp-json\/wp\/v2\/product_cat?post=709145"},{"taxonomy":"product_tag","embeddable":true,"href":"https:\/\/roveyayinevi.com.tr\/index.php\/wp-json\/wp\/v2\/product_tag?post=709145"}],"curies":[{"name":"wp","href":"https:\/\/api.w.org\/{rel}","templated":true}]}}