{"id":709144,"date":"2025-08-27T16:22:14","date_gmt":"2025-08-27T13:22:14","guid":{"rendered":"https:\/\/roveyayinevi.com.tr\/index.php\/urun\/rus-ve-ermeni-menbeleri-isiginda-ermeni-problemi-1915-1923-mustemleke-muharibesi\/"},"modified":"2026-04-16T02:17:57","modified_gmt":"2026-04-15T23:17:57","slug":"rus-ve-ermeni-menbeleri-isiginda-ermeni-problemi-1915-1923-mustemleke-muharibesi","status":"publish","type":"product","link":"https:\/\/roveyayinevi.com.tr\/index.php\/urun\/rus-ve-ermeni-menbeleri-isiginda-ermeni-problemi-1915-1923-mustemleke-muharibesi\/","title":{"rendered":"RUS V\u018f ERM\u018fN\u0130 M\u018fNB\u018fL\u018fR\u0130 \u0130\u015eI\u011eINDA ERM\u018fN\u0130 PROBLEM\u0130 1915 \u2013 1923 M\u00dcST\u018fML\u018fK\u018f M\u00dcHAR\u0130B\u018fS\u0130"},"content":{"rendered":"<p>M\u00fcstemleka M\u00fcharibesi 1915-1923 \ufffcTan\u0131t\u0131m Metni<\/p>\n","protected":false},"excerpt":{"rendered":"<p>M\u00fcstemleka M\u00fcharibesi 1915-1923 \ufffcTan\u0131t\u0131m Metni<\/p>\n","protected":false},"featured_media":0,"template":"","meta":{"_monsterinsights_skip_tracking":false,"_monsterinsights_sitenote_active":false,"_monsterinsights_sitenote_note":"","_monsterinsights_sitenote_category":0},"product_brand":[],"product_cat":[13590,12337],"product_tag":[],"class_list":{"0":"post-709144","1":"product","2":"type-product","3":"status-publish","5":"product_cat-arastirma-inceleme-politika-siyaset","6":"product_cat-politika-siyaset","7":"pa_cilt-ciltsiz","8":"pa_tur-kitap","9":"pa_yayinevi-srt-yayinlari","10":"pa_yazar-seyit-sertcelik","12":"first","13":"instock","14":"sale","15":"shipping-taxable","16":"purchasable","17":"product-type-simple"},"_links":{"self":[{"href":"https:\/\/roveyayinevi.com.tr\/index.php\/wp-json\/wp\/v2\/product\/709144","targetHints":{"allow":["GET"]}}],"collection":[{"href":"https:\/\/roveyayinevi.com.tr\/index.php\/wp-json\/wp\/v2\/product"}],"about":[{"href":"https:\/\/roveyayinevi.com.tr\/index.php\/wp-json\/wp\/v2\/types\/product"}],"wp:attachment":[{"href":"https:\/\/roveyayinevi.com.tr\/index.php\/wp-json\/wp\/v2\/media?parent=709144"}],"wp:term":[{"taxonomy":"product_brand","embeddable":true,"href":"https:\/\/roveyayinevi.com.tr\/index.php\/wp-json\/wp\/v2\/product_brand?post=709144"},{"taxonomy":"product_cat","embeddable":true,"href":"https:\/\/roveyayinevi.com.tr\/index.php\/wp-json\/wp\/v2\/product_cat?post=709144"},{"taxonomy":"product_tag","embeddable":true,"href":"https:\/\/roveyayinevi.com.tr\/index.php\/wp-json\/wp\/v2\/product_tag?post=709144"}],"curies":[{"name":"wp","href":"https:\/\/api.w.org\/{rel}","templated":true}]}}