{"id":709143,"date":"2025-08-27T16:22:14","date_gmt":"2025-08-27T13:22:14","guid":{"rendered":"https:\/\/roveyayinevi.com.tr\/index.php\/urun\/bir-adalet-teorisi\/"},"modified":"2026-04-16T02:17:57","modified_gmt":"2026-04-15T23:17:57","slug":"bir-adalet-teorisi","status":"publish","type":"product","link":"https:\/\/roveyayinevi.com.tr\/index.php\/urun\/bir-adalet-teorisi\/","title":{"rendered":"Bir Adalet Teorisi"},"content":{"rendered":"<p>John Rawls taraf\u0131ndan yaz\u0131lan Bir Adalet Teorisi belki de yirminci y\u00fczy\u0131l\u0131n ahlak ve siyaset felsefesi \u00fczerine yap\u0131lm\u0131\u015f en \u00f6nemli \u00e7al\u0131\u015fmas\u0131d\u0131r, Kant\u2019\u0131n ve Mill\u2019in \u00e7al\u0131\u015fmalar\u0131n\u0131n yan\u0131nda duran bir klasiktir. Rawls, adaletin do\u011fru ilkelerinin, \u00f6zg\u00fcr ve rasyonel ki\u015filerin yer ald\u0131klar\u0131 \u2018orijinal pozisyon\u2019da bir bilinmezlik perdesi arkas\u0131nda; toplumdaki kendi yerlerini, s\u0131n\u0131flar\u0131n\u0131, \u0131rklar\u0131n\u0131 cinsiyetlerini, yeteneklerini, zekalar\u0131n\u0131 ve g\u00fc\u00e7lerini, hatta iyi\/de\u011fer kavramlar\u0131n\u0131 bilmeden bile \u00fczerinde anla\u015ft\u0131klar\u0131 ilkeler oldu\u011funu ileri s\u00fcrer. Buna g\u00f6re Rawls, t\u00fcretti\u011fi adaletin iki ilkesinin, \u00f6zg\u00fcrl\u00fcklerin da\u011f\u0131t\u0131m\u0131n\u0131, sosyal ve ekonomik de\u011ferleri d\u00fczenledi\u011fini iddia eder.Kitab\u0131n orijinal metni 1975 y\u0131l\u0131nda yap\u0131lan Almanca terc\u00fcmlesi i\u00e7in \u00f6nemli \u00f6l\u00e7\u00fcde g\u00f6zden ge\u00e7irilmi\u015ftir. Bu d\u00fczeltmeler sonraki t\u00fcm terc\u00fcmelere ve kitab\u0131n yeni bask\u0131lar\u0131na dahil edilmi\u015ftir. Elinizdeki T\u00fcrk\u00e7e terc\u00fcme, d\u00fczeltilmi\u015f metin dikkate al\u0131narak yap\u0131lm\u0131\u015ft\u0131r.Harvard \u00dcniversitesi\u2019nden emekli olduktan sonra James Bryant Conant \u00dcniversitesi\u2019nde de profes\u00f6r olarak g\u00f6rev yapan, siyaset ve etik felsefesine \u00f6nemli katk\u0131larda bulunan ve ayn\u0131 zamanda hukuk\u00e7u da olan John Rawls\u2019\u0131n di\u011fer \u00f6nemli eserleri aras\u0131nda, T\u00fcrk\u00e7eye de \u00e7evrilmi\u015f olan The Law of People\u2019s (Halklar\u0131n Yasas\u0131) ile Political Liberalism (Siyasal Liberalizm) say\u0131labilir. <\/p>\n","protected":false},"excerpt":{"rendered":"<p>John Rawls taraf\u0131ndan yaz\u0131lan Bir Adalet Teorisi belki de yirminci y\u00fczy\u0131l\u0131n ahlak ve siyaset felsefesi \u00fczerine yap\u0131lm\u0131\u015f en \u00f6nemli \u00e7al\u0131\u015fmas\u0131d\u0131r, Kant\u2019\u0131n ve Mill\u2019in \u00e7al\u0131\u015fmalar\u0131n\u0131n yan\u0131nda duran<span class=\"excerpt-hellip\"> [\u2026]<\/span><\/p>\n","protected":false},"featured_media":0,"template":"","meta":{"_monsterinsights_skip_tracking":false,"_monsterinsights_sitenote_active":false,"_monsterinsights_sitenote_note":"","_monsterinsights_sitenote_category":0},"product_brand":[],"product_cat":[12388,15536],"product_tag":[],"class_list":{"0":"post-709143","1":"product","2":"type-product","3":"status-publish","5":"product_cat-felsefe","6":"product_cat-siyaset-felsefesi","7":"pa_cilt-ciltsiz","8":"pa_tur-kitap","9":"pa_yayinevi-phoenix-yayinevi","10":"pa_yazar-john-rawls","12":"first","13":"instock","14":"sale","15":"shipping-taxable","16":"purchasable","17":"product-type-simple"},"_links":{"self":[{"href":"https:\/\/roveyayinevi.com.tr\/index.php\/wp-json\/wp\/v2\/product\/709143","targetHints":{"allow":["GET"]}}],"collection":[{"href":"https:\/\/roveyayinevi.com.tr\/index.php\/wp-json\/wp\/v2\/product"}],"about":[{"href":"https:\/\/roveyayinevi.com.tr\/index.php\/wp-json\/wp\/v2\/types\/product"}],"wp:attachment":[{"href":"https:\/\/roveyayinevi.com.tr\/index.php\/wp-json\/wp\/v2\/media?parent=709143"}],"wp:term":[{"taxonomy":"product_brand","embeddable":true,"href":"https:\/\/roveyayinevi.com.tr\/index.php\/wp-json\/wp\/v2\/product_brand?post=709143"},{"taxonomy":"product_cat","embeddable":true,"href":"https:\/\/roveyayinevi.com.tr\/index.php\/wp-json\/wp\/v2\/product_cat?post=709143"},{"taxonomy":"product_tag","embeddable":true,"href":"https:\/\/roveyayinevi.com.tr\/index.php\/wp-json\/wp\/v2\/product_tag?post=709143"}],"curies":[{"name":"wp","href":"https:\/\/api.w.org\/{rel}","templated":true}]}}