{"id":709141,"date":"2025-08-27T16:22:13","date_gmt":"2025-08-27T13:22:13","guid":{"rendered":"https:\/\/roveyayinevi.com.tr\/index.php\/urun\/baska-dunyalar\/"},"modified":"2026-04-16T02:17:57","modified_gmt":"2026-04-15T23:17:57","slug":"baska-dunyalar","status":"publish","type":"product","link":"https:\/\/roveyayinevi.com.tr\/index.php\/urun\/baska-dunyalar\/","title":{"rendered":"Ba\u015fka D\u00fcnyalar"},"content":{"rendered":"<p>Ger\u00e7ek ya\u015famdan esinlenilerek yaz\u0131lm\u0131\u015f olan bu kitap, ya\u015fad\u0131klar\u0131 ortamdan s\u0131k\u0131l\u0131p \u00f6nce Malta\u2019ya, ard\u0131ndan Sicilya\u2019ya ge\u00e7en ve en son da Roma, Floransa, Venedik gibi en m\u00fckemmel \u015fehirleri ziyaret eden M\u00fcr\u015fid ve Meliha\u2019n\u0131n ser\u00fcvenini anlat\u0131r. Bu ser\u00fcven, tarihte kalm\u0131\u015f bir hik\u00e2yeden ne\u015fet etmez; bizzat bu zaman\u0131n, 21. y\u00fczy\u0131l\u0131n nabz\u0131n\u0131 tutar. Ama eski zamanlar\u0131n masals\u0131 d\u00fcnyas\u0131na girip \u00e7\u0131kmay\u0131 ve onu \u015fimdi ile b\u00fct\u00fcnle\u015ftirmeyi de bilir. Kitab\u0131n en hususi \u00f6zelli\u011fi, hem roman hem de gezi t\u00fcr\u00fcnde olu\u015fudur. <\/p>\n","protected":false},"excerpt":{"rendered":"<p>Ger\u00e7ek ya\u015famdan esinlenilerek yaz\u0131lm\u0131\u015f olan bu kitap, ya\u015fad\u0131klar\u0131 ortamdan s\u0131k\u0131l\u0131p \u00f6nce Malta\u2019ya, ard\u0131ndan Sicilya\u2019ya ge\u00e7en ve en son da Roma, Floransa, Venedik gibi en m\u00fckemmel \u015fehirleri<span class=\"excerpt-hellip\"> [\u2026]<\/span><\/p>\n","protected":false},"featured_media":0,"template":"","meta":{"_monsterinsights_skip_tracking":false,"_monsterinsights_sitenote_active":false,"_monsterinsights_sitenote_note":"","_monsterinsights_sitenote_category":0},"product_brand":[],"product_cat":[12291,12711],"product_tag":[],"class_list":{"0":"post-709141","1":"product","2":"type-product","3":"status-publish","5":"product_cat-edebiyat","6":"product_cat-roman-oyku","7":"pa_cilt-ciltsiz","8":"pa_tur-kitap","9":"pa_yayinevi-karinca-yayinlari","10":"pa_yazar-said-serez","12":"first","13":"instock","14":"sale","15":"shipping-taxable","16":"purchasable","17":"product-type-simple"},"_links":{"self":[{"href":"https:\/\/roveyayinevi.com.tr\/index.php\/wp-json\/wp\/v2\/product\/709141","targetHints":{"allow":["GET"]}}],"collection":[{"href":"https:\/\/roveyayinevi.com.tr\/index.php\/wp-json\/wp\/v2\/product"}],"about":[{"href":"https:\/\/roveyayinevi.com.tr\/index.php\/wp-json\/wp\/v2\/types\/product"}],"wp:attachment":[{"href":"https:\/\/roveyayinevi.com.tr\/index.php\/wp-json\/wp\/v2\/media?parent=709141"}],"wp:term":[{"taxonomy":"product_brand","embeddable":true,"href":"https:\/\/roveyayinevi.com.tr\/index.php\/wp-json\/wp\/v2\/product_brand?post=709141"},{"taxonomy":"product_cat","embeddable":true,"href":"https:\/\/roveyayinevi.com.tr\/index.php\/wp-json\/wp\/v2\/product_cat?post=709141"},{"taxonomy":"product_tag","embeddable":true,"href":"https:\/\/roveyayinevi.com.tr\/index.php\/wp-json\/wp\/v2\/product_tag?post=709141"}],"curies":[{"name":"wp","href":"https:\/\/api.w.org\/{rel}","templated":true}]}}