{"id":709140,"date":"2025-08-27T16:22:12","date_gmt":"2025-08-27T13:22:12","guid":{"rendered":"https:\/\/roveyayinevi.com.tr\/index.php\/urun\/vahsiler-futbol-takimi-13-yenilmez-markus\/"},"modified":"2026-04-16T02:17:57","modified_gmt":"2026-04-15T23:17:57","slug":"vahsiler-futbol-takimi-13-yenilmez-markus","status":"publish","type":"product","link":"https:\/\/roveyayinevi.com.tr\/index.php\/urun\/vahsiler-futbol-takimi-13-yenilmez-markus\/","title":{"rendered":"Vah\u015filer Futbol Tak\u0131m\u0131 13 Yenilmez Markus"},"content":{"rendered":"<p>Vah\u015filer Futbol Tak\u0131m\u0131&#8217;\u0131n\u0131n \u00fcyeleri i\u00e7in yaz tatili yakla\u015fm\u0131\u015ft\u0131. Aileleriyle tatili nas\u0131l ge\u00e7ireceklerini d\u00fc\u015f\u00fcn\u00fcrken zor g\u00fcnlerin hen\u00fcz ba\u015flamad\u0131\u011f\u0131 ortaya \u00e7\u0131kt\u0131. Canavar\u0131ms\u0131 Canavarlar&#8217;\u0131n meydan okumalar\u0131na kar\u015f\u0131 tak\u0131m\u0131n kendini yeniden ve t\u00fcm di\u011fer maceralardan daha g\u00fc\u00e7l\u00fc bir \u015fekilde kan\u0131tlamas\u0131 gerekiyordu. Bu macerada tak\u0131m\u0131n ruhunu toparlayan Yenilmez Markus, <\/p>\n","protected":false},"excerpt":{"rendered":"<p>Vah\u015filer Futbol Tak\u0131m\u0131&#8217;\u0131n\u0131n \u00fcyeleri i\u00e7in yaz tatili yakla\u015fm\u0131\u015ft\u0131. Aileleriyle tatili nas\u0131l ge\u00e7ireceklerini d\u00fc\u015f\u00fcn\u00fcrken zor g\u00fcnlerin hen\u00fcz ba\u015flamad\u0131\u011f\u0131 ortaya \u00e7\u0131kt\u0131. Canavar\u0131ms\u0131 Canavarlar&#8217;\u0131n meydan okumalar\u0131na kar\u015f\u0131 tak\u0131m\u0131n kendini<span class=\"excerpt-hellip\"> [\u2026]<\/span><\/p>\n","protected":false},"featured_media":0,"template":"","meta":{"_monsterinsights_skip_tracking":false,"_monsterinsights_sitenote_active":false,"_monsterinsights_sitenote_note":"","_monsterinsights_sitenote_category":0},"product_brand":[],"product_cat":[12275,12274],"product_tag":[],"class_list":{"0":"post-709140","1":"product","2":"type-product","3":"status-publish","5":"product_cat-6-12-yas-kitaplari","6":"product_cat-cocuk-ve-genclik-kitaplari","7":"pa_cilt-ciltli","8":"pa_tur-kitap","9":"pa_yayinevi-epsilon-yayinlari","10":"pa_yazar-joachim-masannek","12":"first","13":"instock","14":"sale","15":"shipping-taxable","16":"purchasable","17":"product-type-simple"},"_links":{"self":[{"href":"https:\/\/roveyayinevi.com.tr\/index.php\/wp-json\/wp\/v2\/product\/709140","targetHints":{"allow":["GET"]}}],"collection":[{"href":"https:\/\/roveyayinevi.com.tr\/index.php\/wp-json\/wp\/v2\/product"}],"about":[{"href":"https:\/\/roveyayinevi.com.tr\/index.php\/wp-json\/wp\/v2\/types\/product"}],"wp:attachment":[{"href":"https:\/\/roveyayinevi.com.tr\/index.php\/wp-json\/wp\/v2\/media?parent=709140"}],"wp:term":[{"taxonomy":"product_brand","embeddable":true,"href":"https:\/\/roveyayinevi.com.tr\/index.php\/wp-json\/wp\/v2\/product_brand?post=709140"},{"taxonomy":"product_cat","embeddable":true,"href":"https:\/\/roveyayinevi.com.tr\/index.php\/wp-json\/wp\/v2\/product_cat?post=709140"},{"taxonomy":"product_tag","embeddable":true,"href":"https:\/\/roveyayinevi.com.tr\/index.php\/wp-json\/wp\/v2\/product_tag?post=709140"}],"curies":[{"name":"wp","href":"https:\/\/api.w.org\/{rel}","templated":true}]}}