{"id":709137,"date":"2025-08-27T16:22:11","date_gmt":"2025-08-27T13:22:11","guid":{"rendered":"https:\/\/roveyayinevi.com.tr\/index.php\/urun\/ay-zalim-bir-sevgilidir\/"},"modified":"2026-04-16T02:17:57","modified_gmt":"2026-04-15T23:17:57","slug":"ay-zalim-bir-sevgilidir","status":"publish","type":"product","link":"https:\/\/roveyayinevi.com.tr\/index.php\/urun\/ay-zalim-bir-sevgilidir\/","title":{"rendered":"Ay Zalim Bir Sevgilidir"},"content":{"rendered":"<p>Robert A. Heinlein \u015f\u00fcphesiz ki tarihin en etkili bilimkurgu yazarlar\u0131ndan; Isaac Asimov\u2019un deyi\u015fiyle bilimkurguya y\u00f6n veren \u00fc\u00e7 b\u00fcy\u00fck yazardan biriydi. Samuel R. Delany ise yazar\u0131n t\u00fcr \u00fczerindeki etkisini, \u201cHeinlein\u2019\u0131n etkisinden kurtulmaya \u00e7al\u0131\u015fanlar her seferinde g\u00f6ky\u00fcz\u00fc ya da okyanus gibi engin bir \u015feyle u\u011fra\u015ft\u0131klar\u0131n\u0131 fark ediyorlar,\u201d diyerek anlatm\u0131\u015ft\u0131. En iyi roman dal\u0131nda Hugo \u00d6d\u00fcl\u00fc&#8217;n\u00fc d\u00f6rt kez kazanan \u00fcstat halen bu rekoru elinde tutuyor. Hugo ve Prometheus \u00f6d\u00fcll\u00fc Ay Zalim Bir Sevgilidir ise pek \u00e7oklar\u0131nca yazar\u0131n en iyi eseri olarak kabul ediliyor. Ay\u2019\u0131 D\u00fcnya&#8217;dan kontrol eden Otorite\u2019ye kar\u015f\u0131, yaln\u0131zca mahk\u00fbm ve s\u00fcrg\u00fcnlerin g\u00f6nderildi\u011fi ceza kolonisine d\u00f6n\u00fc\u015fm\u00fc\u015f Ay\u2019daki isyan\u0131n ve devrimin \u00f6yk\u00fcs\u00fc bu. Ayr\u0131l\u0131k\u00e7\u0131 hareketin liderleri haline gelen bir bilgisayar uzman\u0131, karizmatik bir gen\u00e7 kad\u0131n ve ya\u015fl\u0131 bir akademisyenin k\u00f6lele\u015ftirilmi\u015f insanlar\u0131n gelece\u011fini de\u011fi\u015ftirme hik\u00e2yesi. Ve birbirinden farkl\u0131 bu \u00fc\u00e7l\u00fcye ek olarak, kendi kendine bilin\u00e7 kazanm\u0131\u015f, mizah yolunda t\u00fcm \u00f6zelliklerini devrimin nihai ba\u015far\u0131s\u0131na adam\u0131\u015f olan s\u00fcper bilgisayar Mike&#8217;\u0131n \u00e7abas\u0131 burada anlat\u0131lan. Ay Zalim Bir Sevgilidir siyaset, insanl\u0131k, tutku, devrim, teknoloji, mizah ve insan \u00f6zg\u00fcrl\u00fc\u011f\u00fcne adanm\u0131\u015f ya\u015famlar\u0131n pe\u015finde ko\u015fan bir ba\u015fyap\u0131t. LeGuin\u2019in M\u00fclks\u00fczler\u2019i gibi, siyasi bilimkurguda bir devrim! \u201cHeyecan verici, zihin a\u00e7\u0131c\u0131, inan\u00e7 zorlay\u0131c\u0131&#8230; D\u00f6neminde yaz\u0131lan her \u015feyden daha iyi!\u201d \u2013Theodore Sturgeon \u201cAy\u2019daki devrimi ve bilin\u00e7 kazanan bir robotu incelikle anlatan e\u015fsiz bir klasik.\u201d \u2013Jo Walton \u201cBeatles m\u00fczik i\u00e7in ne anlama geliyorsa, Heinlein da bilimkurgu i\u00e7in e\u015fde\u011fer \u00f6neme sahip.\u201d \u2013John Scalzi \u201cHeinlein, bilimkurgunun \u00fc\u00e7 b\u00fcy\u00fck novas\u0131ndan biri.\u201d \u2013Isaac Asimovz <\/p>\n","protected":false},"excerpt":{"rendered":"<p>Robert A. Heinlein \u015f\u00fcphesiz ki tarihin en etkili bilimkurgu yazarlar\u0131ndan; Isaac Asimov\u2019un deyi\u015fiyle bilimkurguya y\u00f6n veren \u00fc\u00e7 b\u00fcy\u00fck yazardan biriydi. Samuel R. Delany ise yazar\u0131n t\u00fcr<span class=\"excerpt-hellip\"> [\u2026]<\/span><\/p>\n","protected":false},"featured_media":0,"template":"","meta":{"_monsterinsights_skip_tracking":false,"_monsterinsights_sitenote_active":false,"_monsterinsights_sitenote_note":"","_monsterinsights_sitenote_category":0},"product_brand":[],"product_cat":[12291,12711],"product_tag":[],"class_list":{"0":"post-709137","1":"product","2":"type-product","3":"status-publish","5":"product_cat-edebiyat","6":"product_cat-roman-oyku","7":"pa_cilt-ciltsiz","8":"pa_tur-kitap","9":"pa_yayinevi-ithaki-yayinlari","10":"pa_yazar-robert-a-heinlein","12":"first","13":"instock","14":"sale","15":"shipping-taxable","16":"purchasable","17":"product-type-simple"},"_links":{"self":[{"href":"https:\/\/roveyayinevi.com.tr\/index.php\/wp-json\/wp\/v2\/product\/709137","targetHints":{"allow":["GET"]}}],"collection":[{"href":"https:\/\/roveyayinevi.com.tr\/index.php\/wp-json\/wp\/v2\/product"}],"about":[{"href":"https:\/\/roveyayinevi.com.tr\/index.php\/wp-json\/wp\/v2\/types\/product"}],"wp:attachment":[{"href":"https:\/\/roveyayinevi.com.tr\/index.php\/wp-json\/wp\/v2\/media?parent=709137"}],"wp:term":[{"taxonomy":"product_brand","embeddable":true,"href":"https:\/\/roveyayinevi.com.tr\/index.php\/wp-json\/wp\/v2\/product_brand?post=709137"},{"taxonomy":"product_cat","embeddable":true,"href":"https:\/\/roveyayinevi.com.tr\/index.php\/wp-json\/wp\/v2\/product_cat?post=709137"},{"taxonomy":"product_tag","embeddable":true,"href":"https:\/\/roveyayinevi.com.tr\/index.php\/wp-json\/wp\/v2\/product_tag?post=709137"}],"curies":[{"name":"wp","href":"https:\/\/api.w.org\/{rel}","templated":true}]}}