{"id":709135,"date":"2025-08-27T16:22:10","date_gmt":"2025-08-27T13:22:10","guid":{"rendered":"https:\/\/roveyayinevi.com.tr\/index.php\/urun\/buyuk-gerileme\/"},"modified":"2026-04-16T02:17:57","modified_gmt":"2026-04-15T23:17:57","slug":"buyuk-gerileme","status":"publish","type":"product","link":"https:\/\/roveyayinevi.com.tr\/index.php\/urun\/buyuk-gerileme\/","title":{"rendered":"B\u00fcy\u00fck Gerileme"},"content":{"rendered":"<p>D\u00fcnyan\u0131n bir\u00e7ok yerinde neden sa\u011f pop\u00fclizm neredeyse e\u015fzamanl\u0131 olarak y\u00fckseliyor? Bu y\u00fckseli\u015fin arkas\u0131ndaki sosyolojik ve ekonomik nedenler ne? \u201cRadikal piyasac\u0131\u201d k\u00fcreselle\u015fmenin a\u00e7mazlar\u0131na verilecek tek cevap sa\u011f pop\u00fclizm mi? K\u00fcresel iklim de\u011fi\u015fikli\u011finin k\u00fcresel g\u00f6\u00e7 \u00fczerindeki etkisi ne? Mevcut y\u00f6netimlerin bu sorunlar kar\u015f\u0131s\u0131nda ald\u0131\u011f\u0131 tutumlar kimi korumaya y\u00f6nelik? Yabanc\u0131 ve g\u00f6\u00e7men d\u00fc\u015fmanl\u0131\u011f\u0131n\u0131, giderek \u0131rk\u00e7\u0131l\u0131\u011f\u0131 k\u00f6r\u00fckleyen ekonomik ve sosyal politikalar\u0131n d\u0131\u015f\u0131na nas\u0131l \u00e7\u0131k\u0131labilir? Alt s\u0131n\u0131flarla orta s\u0131n\u0131flar\u0131n talepleri hangi noktalarda bulu\u015fup hangi noktalarda ayr\u0131l\u0131yor? B\u00fct\u00fcn bunlardan kimlik siyasetine s\u0131k\u0131\u015f\u0131p kalm\u0131\u015f olmam\u0131z m\u0131 sorumlu? \u201cB\u00fcy\u00fck Gerileme\u201d kar\u015f\u0131s\u0131nda neler yap\u0131labilir? 12 dilde ayn\u0131 zamanda yay\u0131mlanmakta olan kitaba Almanya, Fransa, \u0130ngiltere, ABD, Hindistan gibi \u00fclkelerden katk\u0131da bulunan on be\u015f yazar bu ve benzeri k\u00fcresel sorular\u0131n cevaplar\u0131n\u0131 ar\u0131yor. Bizim de g\u00fcnl\u00fck hayat\u0131m\u0131za yak\u0131ndan temas eden bu tart\u0131\u015fma uluslararas\u0131 alanda www.thegreatregression.eu adresinde devam edecek. \ufffcTan\u0131t\u0131m Metni<\/p>\n","protected":false},"excerpt":{"rendered":"<p>D\u00fcnyan\u0131n bir\u00e7ok yerinde neden sa\u011f pop\u00fclizm neredeyse e\u015fzamanl\u0131 olarak y\u00fckseliyor? Bu y\u00fckseli\u015fin arkas\u0131ndaki sosyolojik ve ekonomik nedenler ne? \u201cRadikal piyasac\u0131\u201d k\u00fcreselle\u015fmenin a\u00e7mazlar\u0131na verilecek tek cevap sa\u011f<span class=\"excerpt-hellip\"> [\u2026]<\/span><\/p>\n","protected":false},"featured_media":0,"template":"","meta":{"_monsterinsights_skip_tracking":false,"_monsterinsights_sitenote_active":false,"_monsterinsights_sitenote_note":"","_monsterinsights_sitenote_category":0},"product_brand":[],"product_cat":[27157,12291],"product_tag":[],"class_list":{"0":"post-709135","1":"product","2":"type-product","3":"status-publish","5":"product_cat-derleme","6":"product_cat-edebiyat","7":"pa_cilt-ciltsiz","8":"pa_tur-kitap","9":"pa_yayinevi-metis-yayinlari","10":"pa_yazar-heinrich-geiselberger","12":"first","13":"instock","14":"sale","15":"shipping-taxable","16":"purchasable","17":"product-type-simple"},"_links":{"self":[{"href":"https:\/\/roveyayinevi.com.tr\/index.php\/wp-json\/wp\/v2\/product\/709135","targetHints":{"allow":["GET"]}}],"collection":[{"href":"https:\/\/roveyayinevi.com.tr\/index.php\/wp-json\/wp\/v2\/product"}],"about":[{"href":"https:\/\/roveyayinevi.com.tr\/index.php\/wp-json\/wp\/v2\/types\/product"}],"wp:attachment":[{"href":"https:\/\/roveyayinevi.com.tr\/index.php\/wp-json\/wp\/v2\/media?parent=709135"}],"wp:term":[{"taxonomy":"product_brand","embeddable":true,"href":"https:\/\/roveyayinevi.com.tr\/index.php\/wp-json\/wp\/v2\/product_brand?post=709135"},{"taxonomy":"product_cat","embeddable":true,"href":"https:\/\/roveyayinevi.com.tr\/index.php\/wp-json\/wp\/v2\/product_cat?post=709135"},{"taxonomy":"product_tag","embeddable":true,"href":"https:\/\/roveyayinevi.com.tr\/index.php\/wp-json\/wp\/v2\/product_tag?post=709135"}],"curies":[{"name":"wp","href":"https:\/\/api.w.org\/{rel}","templated":true}]}}