{"id":709133,"date":"2025-08-27T16:22:08","date_gmt":"2025-08-27T13:22:08","guid":{"rendered":"https:\/\/roveyayinevi.com.tr\/index.php\/urun\/yardimsever-kirpi\/"},"modified":"2025-11-06T04:13:42","modified_gmt":"2025-11-06T01:13:42","slug":"yardimsever-kirpi","status":"publish","type":"product","link":"https:\/\/roveyayinevi.com.tr\/index.php\/urun\/yardimsever-kirpi\/","title":{"rendered":"Yard\u0131msever Kirpi"},"content":{"rendered":"<p>Ne zaman bir arkada\u015fa ihtiyac\u0131n olaca\u011f\u0131n\u0131 asla bilemezsin. Nini yaln\u0131z bir kirpidir. Yaln\u0131z olmaktan da gayet memnundur ve \u00e7ay\u0131rda hi\u00e7 kimseyle konu\u015fmaz. Bir g\u00fcn, a\u011fa\u00e7tan bir elma d\u00fc\u015fer ve s\u0131rt\u0131ndaki dikenlere saplan\u0131p kal\u0131r. \u00c7\u0131karmaya \u00e7abalad\u0131k\u00e7a, elma s\u0131rt\u0131na daha fazla saplan\u0131r. Kendisine yard\u0131m edecek tek bir arkada\u015f\u0131 bile olmayan kirpi, acaba \u015fimdi ne yapacak? <\/p>\n","protected":false},"excerpt":{"rendered":"<p>Ne zaman bir arkada\u015fa ihtiyac\u0131n olaca\u011f\u0131n\u0131 asla bilemezsin. Nini yaln\u0131z bir kirpidir. Yaln\u0131z olmaktan da gayet memnundur ve \u00e7ay\u0131rda hi\u00e7 kimseyle konu\u015fmaz. Bir g\u00fcn, a\u011fa\u00e7tan bir<span class=\"excerpt-hellip\"> [\u2026]<\/span><\/p>\n","protected":false},"featured_media":0,"template":"","meta":{"_monsterinsights_skip_tracking":false,"_monsterinsights_sitenote_active":false,"_monsterinsights_sitenote_note":"","_monsterinsights_sitenote_category":0},"product_brand":[],"product_cat":[12913,12274],"product_tag":[],"class_list":{"0":"post-709133","1":"product","2":"type-product","3":"status-publish","5":"product_cat-3-6-yas-kitaplari","6":"product_cat-cocuk-ve-genclik-kitaplari","7":"pa_cilt-ciltsiz","8":"pa_tur-kitap","9":"pa_yayinevi-1001-cicek-kitaplar","10":"pa_yazar-rosie-wellesley","12":"first","13":"instock","14":"sale","15":"shipping-taxable","16":"purchasable","17":"product-type-simple"},"_links":{"self":[{"href":"https:\/\/roveyayinevi.com.tr\/index.php\/wp-json\/wp\/v2\/product\/709133","targetHints":{"allow":["GET"]}}],"collection":[{"href":"https:\/\/roveyayinevi.com.tr\/index.php\/wp-json\/wp\/v2\/product"}],"about":[{"href":"https:\/\/roveyayinevi.com.tr\/index.php\/wp-json\/wp\/v2\/types\/product"}],"wp:attachment":[{"href":"https:\/\/roveyayinevi.com.tr\/index.php\/wp-json\/wp\/v2\/media?parent=709133"}],"wp:term":[{"taxonomy":"product_brand","embeddable":true,"href":"https:\/\/roveyayinevi.com.tr\/index.php\/wp-json\/wp\/v2\/product_brand?post=709133"},{"taxonomy":"product_cat","embeddable":true,"href":"https:\/\/roveyayinevi.com.tr\/index.php\/wp-json\/wp\/v2\/product_cat?post=709133"},{"taxonomy":"product_tag","embeddable":true,"href":"https:\/\/roveyayinevi.com.tr\/index.php\/wp-json\/wp\/v2\/product_tag?post=709133"}],"curies":[{"name":"wp","href":"https:\/\/api.w.org\/{rel}","templated":true}]}}