{"id":709132,"date":"2025-08-27T16:22:08","date_gmt":"2025-08-27T13:22:08","guid":{"rendered":"https:\/\/roveyayinevi.com.tr\/index.php\/urun\/cok-iyi-coban-kopegi\/"},"modified":"2026-04-16T02:17:57","modified_gmt":"2026-04-15T23:17:57","slug":"cok-iyi-coban-kopegi","status":"publish","type":"product","link":"https:\/\/roveyayinevi.com.tr\/index.php\/urun\/cok-iyi-coban-kopegi\/","title":{"rendered":"\u00c7ok \u0130yi \u00c7oban K\u00f6pe\u011fi"},"content":{"rendered":"<p>En iyi olmay\u0131 bir t\u00fcrl\u00fc beceremeyen bir \u00e7oban k\u00f6pe\u011finin ba\u015far\u0131 hik\u00e2yesi! \u00d6d\u00fcll\u00fc birer \u00e7oban k\u00f6pe\u011fi olan anne ve babas\u0131 kadar ba\u015far\u0131l\u0131 olmay\u0131 bir t\u00fcrl\u00fc beceremiyor \u00c7omar\u2026 Ne yaparsa yaps\u0131n s\u00f6z\u00fcn\u00fc bir t\u00fcrl\u00fc dinlemiyor \u015fu hain koyunlar. \u0130yi bir \u00e7oban k\u00f6pe\u011fi olmak ne zor \u015fey! Son derece \u015fiddetli bir f\u0131rt\u0131na var d\u0131\u015far\u0131da\u2026 Koyunlar\u0131 hen\u00fcz a\u011f\u0131la d\u00f6nmedi ve \u00e7ift\u00e7i de hayvanlar\u0131n\u0131n durumu konusunda son derece endi\u015feli. Hayvanlar\u0131 toparlay\u0131p \u00e7iftli\u011fe getirme i\u015fi \u00c7omar\u2019\u0131n omuzlar\u0131nda. Koyunlarla y\u0131ld\u0131z\u0131 hi\u00e7bir \u015fekilde bar\u0131\u015fmayan \u00c7omar\u2019\u0131n bu zorlu g\u00f6revi ba\u015far\u0131yla yerine getirmesi pek de olas\u0131 g\u00f6r\u00fcnm\u00fcyor ama umut i\u015fte\u2026 Bakal\u0131m neler olacak? <\/p>\n","protected":false},"excerpt":{"rendered":"<p>En iyi olmay\u0131 bir t\u00fcrl\u00fc beceremeyen bir \u00e7oban k\u00f6pe\u011finin ba\u015far\u0131 hik\u00e2yesi! \u00d6d\u00fcll\u00fc birer \u00e7oban k\u00f6pe\u011fi olan anne ve babas\u0131 kadar ba\u015far\u0131l\u0131 olmay\u0131 bir t\u00fcrl\u00fc beceremiyor \u00c7omar\u2026<span class=\"excerpt-hellip\"> [\u2026]<\/span><\/p>\n","protected":false},"featured_media":0,"template":"","meta":{"_monsterinsights_skip_tracking":false,"_monsterinsights_sitenote_active":false,"_monsterinsights_sitenote_note":"","_monsterinsights_sitenote_category":0},"product_brand":[],"product_cat":[12274,12284],"product_tag":[],"class_list":{"0":"post-709132","1":"product","2":"type-product","3":"status-publish","5":"product_cat-cocuk-ve-genclik-kitaplari","6":"product_cat-hikayeler","7":"pa_cilt-ciltsiz","8":"pa_tur-kitap","9":"pa_yayinevi-1001-cicek-kitaplar","10":"pa_yazar-rosie-wellesley","12":"first","13":"instock","14":"sale","15":"shipping-taxable","16":"purchasable","17":"product-type-simple"},"_links":{"self":[{"href":"https:\/\/roveyayinevi.com.tr\/index.php\/wp-json\/wp\/v2\/product\/709132","targetHints":{"allow":["GET"]}}],"collection":[{"href":"https:\/\/roveyayinevi.com.tr\/index.php\/wp-json\/wp\/v2\/product"}],"about":[{"href":"https:\/\/roveyayinevi.com.tr\/index.php\/wp-json\/wp\/v2\/types\/product"}],"wp:attachment":[{"href":"https:\/\/roveyayinevi.com.tr\/index.php\/wp-json\/wp\/v2\/media?parent=709132"}],"wp:term":[{"taxonomy":"product_brand","embeddable":true,"href":"https:\/\/roveyayinevi.com.tr\/index.php\/wp-json\/wp\/v2\/product_brand?post=709132"},{"taxonomy":"product_cat","embeddable":true,"href":"https:\/\/roveyayinevi.com.tr\/index.php\/wp-json\/wp\/v2\/product_cat?post=709132"},{"taxonomy":"product_tag","embeddable":true,"href":"https:\/\/roveyayinevi.com.tr\/index.php\/wp-json\/wp\/v2\/product_tag?post=709132"}],"curies":[{"name":"wp","href":"https:\/\/api.w.org\/{rel}","templated":true}]}}