{"id":709131,"date":"2025-08-27T16:22:07","date_gmt":"2025-08-27T13:22:07","guid":{"rendered":"https:\/\/roveyayinevi.com.tr\/index.php\/urun\/kopuk-ve-hic\/"},"modified":"2026-04-16T02:17:57","modified_gmt":"2026-04-15T23:17:57","slug":"kopuk-ve-hic","status":"publish","type":"product","link":"https:\/\/roveyayinevi.com.tr\/index.php\/urun\/kopuk-ve-hic\/","title":{"rendered":"Kopuk ve Hi\u00e7"},"content":{"rendered":"<p>Gen\u00e7 adamlard\u0131. G\u00f6z\u00fc pek ve korkular\u0131 b\u00fcy\u00fck. \u00c7o\u011fu nereye ni\u00e7in gitti\u011fini bilmeden gidiyordu. \u0130nanc\u0131n olu\u015fturdu\u011fu g\u00f6steri her zaman bir kimlik verirdi insana. Ama kendisine ait olmayan kimlikle y\u00fcr\u00fcmeye ba\u015flayan da kendisi de\u011fil ba\u015fkas\u0131 olurdu. B\u00f6yle b\u00f6yle kendine yabanc\u0131la\u015f\u0131r, kendine yabanc\u0131la\u015fa yabanc\u0131la\u015fa da ba\u015fkas\u0131 taraf\u0131ndan ele ge\u00e7irilirdi. Sonra kendine ait olan ne varsa anlam\u0131n\u0131 yitirir, kahraman olmak i\u00e7in yola \u00e7\u0131kan da yolun sonunda bir hi\u00e7 olurdu <\/p>\n","protected":false},"excerpt":{"rendered":"<p>Gen\u00e7 adamlard\u0131. G\u00f6z\u00fc pek ve korkular\u0131 b\u00fcy\u00fck. \u00c7o\u011fu nereye ni\u00e7in gitti\u011fini bilmeden gidiyordu. \u0130nanc\u0131n olu\u015fturdu\u011fu g\u00f6steri her zaman bir kimlik verirdi insana. Ama kendisine ait olmayan<span class=\"excerpt-hellip\"> [\u2026]<\/span><\/p>\n","protected":false},"featured_media":0,"template":"","meta":{"_monsterinsights_skip_tracking":false,"_monsterinsights_sitenote_active":false,"_monsterinsights_sitenote_note":"","_monsterinsights_sitenote_category":0},"product_brand":[],"product_cat":[12777,12291],"product_tag":[],"class_list":{"0":"post-709131","1":"product","2":"type-product","3":"status-publish","5":"product_cat-deneme","6":"product_cat-edebiyat","7":"pa_cilt-ciltsiz","8":"pa_tur-kitap","9":"pa_yayinevi-destek-yayinlari","10":"pa_yazar-aydin-simsek","12":"first","13":"instock","14":"sale","15":"shipping-taxable","16":"purchasable","17":"product-type-simple"},"_links":{"self":[{"href":"https:\/\/roveyayinevi.com.tr\/index.php\/wp-json\/wp\/v2\/product\/709131","targetHints":{"allow":["GET"]}}],"collection":[{"href":"https:\/\/roveyayinevi.com.tr\/index.php\/wp-json\/wp\/v2\/product"}],"about":[{"href":"https:\/\/roveyayinevi.com.tr\/index.php\/wp-json\/wp\/v2\/types\/product"}],"wp:attachment":[{"href":"https:\/\/roveyayinevi.com.tr\/index.php\/wp-json\/wp\/v2\/media?parent=709131"}],"wp:term":[{"taxonomy":"product_brand","embeddable":true,"href":"https:\/\/roveyayinevi.com.tr\/index.php\/wp-json\/wp\/v2\/product_brand?post=709131"},{"taxonomy":"product_cat","embeddable":true,"href":"https:\/\/roveyayinevi.com.tr\/index.php\/wp-json\/wp\/v2\/product_cat?post=709131"},{"taxonomy":"product_tag","embeddable":true,"href":"https:\/\/roveyayinevi.com.tr\/index.php\/wp-json\/wp\/v2\/product_tag?post=709131"}],"curies":[{"name":"wp","href":"https:\/\/api.w.org\/{rel}","templated":true}]}}