{"id":709129,"date":"2025-08-27T16:22:07","date_gmt":"2025-08-27T13:22:07","guid":{"rendered":"https:\/\/roveyayinevi.com.tr\/index.php\/urun\/piyana-metodu-on-yas-alti-cocuklar-icin\/"},"modified":"2026-04-16T02:17:57","modified_gmt":"2026-04-15T23:17:57","slug":"piyana-metodu-on-yas-alti-cocuklar-icin","status":"publish","type":"product","link":"https:\/\/roveyayinevi.com.tr\/index.php\/urun\/piyana-metodu-on-yas-alti-cocuklar-icin\/","title":{"rendered":"Piyana Metodu &#8211; On Ya\u015f Alt\u0131 \u00c7ocuklar \u0130\u00e7in"},"content":{"rendered":"<p>De\u011ferli piyano \u00f6\u011fretmenleri ve m\u00fczik e\u011fitimcileri;\u00d6\u011frenme, ku\u015fkusuz sevmeyle ba\u015flar&#8230;E\u011fitimde izlenecek yolun, izleyecek ki\u015finin ya\u015f\u0131 ile olan ili\u015fkisi son derece \u00f6nemlidir. Bu ili\u015fki uyumlu olmal\u0131 ki dayatmas\u0131z, sindirilebilen ve sa\u011fl\u0131kl\u0131 bir sonuca ula\u015f\u0131labilsin.\u0130lk yay\u0131n\u0131m olan &#8220;Piyano Metodu&#8221;nu tamamlar nitelikte olan bu \u00e7al\u0131\u015fmada, 10 ya\u015f ve alt\u0131ndaki \u00e7ocuklar\u0131n ilgi ve gereksinimleri g\u00f6z\u00f6n\u00fcnde bulunduruldu.Tekerlemelerin, t\u00fcrk\u00fclerin, \u00e7a\u011fda\u015f e\u011fitim m\u00fczi\u011finin se\u00e7kin \u00f6rnekleri ve sevilen evrensel ezgilerin, kitab\u0131n kapsam\u0131 ve i\u015flenen konunun verdi\u011fi izin do\u011frultusunda d\u00fczenlemeleri yap\u0131ld\u0131.Nota de\u011fer ve k\u00fcmelerinin \u00f6\u011frenilmesinde farkl\u0131 bir y\u00f6ntem izledim. \u0130\u015fitsel ve g\u00f6rsel \u015fartlanmaya dayal\u0131 \u00e7ocuklar i\u00e7in e\u011flenceli olacak olan bu y\u00f6ntemle, tart\u0131m sorunlar\u0131n\u0131 kolayl\u0131kla a\u015farak ba\u015far\u0131l\u0131 \u00e7al\u0131\u015fmalar yapaca\u011f\u0131n\u0131z\u0131 umuyorum.A\u015fa\u011f\u0131da g\u00f6r\u00fcld\u00fc\u011f\u00fc gibi bu y\u00f6ntemde, saatlerin \u00e7al\u0131\u015f\u0131rken \u00e7\u0131kard\u0131klar\u0131 &#8220;T\u0130K-TAK&#8221; seslerinden yola \u00e7\u0131karak, nota de\u011fer ve k\u00fcmelerini bu iki hecenin varyasyonlar\u0131yla kal\u0131pla\u015ft\u0131rarak standardize etme yoluna gittim.<\/p>\n","protected":false},"excerpt":{"rendered":"<p>De\u011ferli piyano \u00f6\u011fretmenleri ve m\u00fczik e\u011fitimcileri;\u00d6\u011frenme, ku\u015fkusuz sevmeyle ba\u015flar&#8230;E\u011fitimde izlenecek yolun, izleyecek ki\u015finin ya\u015f\u0131 ile olan ili\u015fkisi son derece \u00f6nemlidir. Bu ili\u015fki uyumlu olmal\u0131 ki dayatmas\u0131z,<span class=\"excerpt-hellip\"> [\u2026]<\/span><\/p>\n","protected":false},"featured_media":0,"template":"","meta":{"_monsterinsights_skip_tracking":false,"_monsterinsights_sitenote_active":false,"_monsterinsights_sitenote_note":"","_monsterinsights_sitenote_category":0},"product_brand":[],"product_cat":[14556,20810],"product_tag":[],"class_list":{"0":"post-709129","1":"product","2":"type-product","3":"status-publish","5":"product_cat-muzik","6":"product_cat-ogrenim-kitaplari","7":"pa_cilt-ciltsiz","8":"pa_tur-kitap","9":"pa_yayinevi-arkadas-yayinlari-ders-kitaplari","10":"pa_yazar-yalcin-iman","12":"first","13":"instock","14":"sale","15":"shipping-taxable","16":"purchasable","17":"product-type-simple"},"_links":{"self":[{"href":"https:\/\/roveyayinevi.com.tr\/index.php\/wp-json\/wp\/v2\/product\/709129","targetHints":{"allow":["GET"]}}],"collection":[{"href":"https:\/\/roveyayinevi.com.tr\/index.php\/wp-json\/wp\/v2\/product"}],"about":[{"href":"https:\/\/roveyayinevi.com.tr\/index.php\/wp-json\/wp\/v2\/types\/product"}],"wp:attachment":[{"href":"https:\/\/roveyayinevi.com.tr\/index.php\/wp-json\/wp\/v2\/media?parent=709129"}],"wp:term":[{"taxonomy":"product_brand","embeddable":true,"href":"https:\/\/roveyayinevi.com.tr\/index.php\/wp-json\/wp\/v2\/product_brand?post=709129"},{"taxonomy":"product_cat","embeddable":true,"href":"https:\/\/roveyayinevi.com.tr\/index.php\/wp-json\/wp\/v2\/product_cat?post=709129"},{"taxonomy":"product_tag","embeddable":true,"href":"https:\/\/roveyayinevi.com.tr\/index.php\/wp-json\/wp\/v2\/product_tag?post=709129"}],"curies":[{"name":"wp","href":"https:\/\/api.w.org\/{rel}","templated":true}]}}