{"id":709126,"date":"2025-08-27T16:22:05","date_gmt":"2025-08-27T13:22:05","guid":{"rendered":"https:\/\/roveyayinevi.com.tr\/index.php\/urun\/gelecek-daha-guzel-gunler-mi-getirecek\/"},"modified":"2026-04-16T02:17:57","modified_gmt":"2026-04-15T23:17:57","slug":"gelecek-daha-guzel-gunler-mi-getirecek","status":"publish","type":"product","link":"https:\/\/roveyayinevi.com.tr\/index.php\/urun\/gelecek-daha-guzel-gunler-mi-getirecek\/","title":{"rendered":"Gelecek Daha G\u00fczel G\u00fcnler mi Getirecek?"},"content":{"rendered":"<p>Geli\u015fim. Modern \u00e7a\u011f\u0131n \u0131\u015f\u0131lt\u0131l\u0131 kavramlar\u0131ndan biri. Teknolojinin yayg\u0131nla\u015ft\u0131\u011f\u0131, ki\u015fisel \u00f6zg\u00fcrl\u00fcklerin, k\u00fcresel ili\u015fkilerin hi\u00e7 olmad\u0131\u011f\u0131 kadar g\u00fc\u00e7lendi\u011fi d\u00fcnyam\u0131zda, insanl\u0131k alt\u0131n \u00e7a\u011f\u0131na m\u0131 yakla\u015f\u0131yor? Yoksa geli\u015fim kavram\u0131n\u0131n bir ger\u00e7eklik de\u011fil sadece bir ideoloji, Bat\u0131\u2019dan \u00e7\u0131kma bir ill\u00fczyon oldu\u011funu s\u00f6yleyen muhalifler mi hakl\u0131?D\u00fcnyaca tan\u0131nm\u0131\u015f d\u00f6rt d\u00fc\u015f\u00fcn\u00fcr g\u00fcn\u00fcm\u00fcz\u00fcn en s\u0131cak tart\u0131\u015fmalar\u0131ndan birini ele al\u0131yor. Steven Pinker ve Matt Ridley gelece\u011fin daha g\u00fczel g\u00fcnler getirece\u011fine dair Alain de Botton ve Malcolm Gladwell\u2019e meydan okuyor.Savunan:\u201cKaba ger\u00e7ek \u015fu ki, art\u0131k bakireleri yanarda\u011flara atarak kurban etmiyor, lahana \u00e7ald\u0131lar diye insanlar\u0131n ellerini kesmiyoruz. Ve \u00f6nceden yap\u0131yorduk.\u201d-Steven PinkerMuhalif:\u201cGe\u00e7mi\u015fte i\u015fler daha iyiye gitti diye bunun gelecekte de devam edece\u011fi fikri, alt kademe borsac\u0131larla s\u0131n\u0131rl\u0131 oldu\u011funu d\u00fc\u015f\u00fcnd\u00fc\u011f\u00fcm bir yan\u0131lg\u0131d\u0131r.\u201d-Malcolm Gladwell <\/p>\n","protected":false},"excerpt":{"rendered":"<p>Geli\u015fim. Modern \u00e7a\u011f\u0131n \u0131\u015f\u0131lt\u0131l\u0131 kavramlar\u0131ndan biri. Teknolojinin yayg\u0131nla\u015ft\u0131\u011f\u0131, ki\u015fisel \u00f6zg\u00fcrl\u00fcklerin, k\u00fcresel ili\u015fkilerin hi\u00e7 olmad\u0131\u011f\u0131 kadar g\u00fc\u00e7lendi\u011fi d\u00fcnyam\u0131zda, insanl\u0131k alt\u0131n \u00e7a\u011f\u0131na m\u0131 yakla\u015f\u0131yor? Yoksa geli\u015fim kavram\u0131n\u0131n bir<span class=\"excerpt-hellip\"> [\u2026]<\/span><\/p>\n","protected":false},"featured_media":0,"template":"","meta":{"_monsterinsights_skip_tracking":false,"_monsterinsights_sitenote_active":false,"_monsterinsights_sitenote_note":"","_monsterinsights_sitenote_category":0},"product_brand":[],"product_cat":[12388,13555],"product_tag":[],"class_list":{"0":"post-709126","1":"product","2":"type-product","3":"status-publish","5":"product_cat-felsefe","6":"product_cat-genel-felsefe","7":"pa_cilt-ciltsiz","8":"pa_tur-kitap","9":"pa_yayinevi-domingo-yayinevi","10":"pa_yazar-alain-de-botton","11":"pa_yazar-malcolm-gladwell","12":"pa_yazar-matt-ridley","13":"pa_yazar-steven-pinker","15":"first","16":"instock","17":"sale","18":"shipping-taxable","19":"purchasable","20":"product-type-simple"},"_links":{"self":[{"href":"https:\/\/roveyayinevi.com.tr\/index.php\/wp-json\/wp\/v2\/product\/709126","targetHints":{"allow":["GET"]}}],"collection":[{"href":"https:\/\/roveyayinevi.com.tr\/index.php\/wp-json\/wp\/v2\/product"}],"about":[{"href":"https:\/\/roveyayinevi.com.tr\/index.php\/wp-json\/wp\/v2\/types\/product"}],"wp:attachment":[{"href":"https:\/\/roveyayinevi.com.tr\/index.php\/wp-json\/wp\/v2\/media?parent=709126"}],"wp:term":[{"taxonomy":"product_brand","embeddable":true,"href":"https:\/\/roveyayinevi.com.tr\/index.php\/wp-json\/wp\/v2\/product_brand?post=709126"},{"taxonomy":"product_cat","embeddable":true,"href":"https:\/\/roveyayinevi.com.tr\/index.php\/wp-json\/wp\/v2\/product_cat?post=709126"},{"taxonomy":"product_tag","embeddable":true,"href":"https:\/\/roveyayinevi.com.tr\/index.php\/wp-json\/wp\/v2\/product_tag?post=709126"}],"curies":[{"name":"wp","href":"https:\/\/api.w.org\/{rel}","templated":true}]}}