{"id":709125,"date":"2025-08-27T16:22:05","date_gmt":"2025-08-27T13:22:05","guid":{"rendered":"https:\/\/roveyayinevi.com.tr\/index.php\/urun\/ada-defterleri\/"},"modified":"2026-04-16T02:17:57","modified_gmt":"2026-04-15T23:17:57","slug":"ada-defterleri","status":"publish","type":"product","link":"https:\/\/roveyayinevi.com.tr\/index.php\/urun\/ada-defterleri\/","title":{"rendered":"Ada Defterleri"},"content":{"rendered":"<p>\u201cAdal\u0131, adal\u0131d\u0131r. Bir g\u00fcn \u00e7ekip gitmeyi akl\u0131ndan ge\u00e7irse, \u00e7ekip gitse de, sonu\u00e7ta adal\u0131 kal\u0131r, adas\u0131n\u0131 arar, onun rahmidir buras\u0131. Ada yerlileri onlardan olu\u015fur, adas\u0131n\u0131 b\u00fcy\u00fck bir ev olarak g\u00f6renlerden.Benim gibiler, tuhaf\u0131n tuhaf\u0131: B\u00fct\u00fcn adalar\u0131n \u00e7ekim g\u00fcc\u00fcne kap\u0131lm\u0131\u015f, bir tek kendi adalar\u0131nda karar k\u0131lamayanlar. Adal\u0131 do\u011fmam\u0131\u015f\u0131m, her ada benimkisi olabilir.Olas\u0131ya, ada ada dola\u015f\u0131yorum.Hangi adadaysam bir ba\u015fkas\u0131n\u0131 d\u00fc\u015fleyerek.\u0130\u015fte B\u00fcy\u00fckada\u2019da, \u00f6n\u00fcmde Plati defteri, akl\u0131mda elli y\u0131l arayla iki Capri yolculu\u011fu, seyrediyorum.Seyir, her\u015feyin ba\u015f\u0131 sonu.\u201dEnis Batur\u2019un Adalar\u2019da konaklarken tuttu\u011fu notlar, zihinsel ve duygusal i\u00e7 d\u00fcnyas\u0131na \u0131\u015f\u0131k tutuyor. \u0130\u00e7ten diliyle Ada Defterleri, yazar\u0131n yaln\u0131zl\u0131k, dostluk, ya\u015fam, \u00f6l\u00fcm ve canyolda\u015fl\u0131\u011f\u0131 \u00fczerine fikirlerini okuruyla payla\u015f\u0131yor.Derin, d\u00fc\u015f\u00fcnd\u00fcren, zamans\u0131z yaz\u0131lar. <\/p>\n","protected":false},"excerpt":{"rendered":"<p>\u201cAdal\u0131, adal\u0131d\u0131r. Bir g\u00fcn \u00e7ekip gitmeyi akl\u0131ndan ge\u00e7irse, \u00e7ekip gitse de, sonu\u00e7ta adal\u0131 kal\u0131r, adas\u0131n\u0131 arar, onun rahmidir buras\u0131. Ada yerlileri onlardan olu\u015fur, adas\u0131n\u0131 b\u00fcy\u00fck bir<span class=\"excerpt-hellip\"> [\u2026]<\/span><\/p>\n","protected":false},"featured_media":0,"template":"","meta":{"_monsterinsights_skip_tracking":false,"_monsterinsights_sitenote_active":false,"_monsterinsights_sitenote_note":"","_monsterinsights_sitenote_category":0},"product_brand":[],"product_cat":[13701,12291],"product_tag":[],"class_list":{"0":"post-709125","1":"product","2":"type-product","3":"status-publish","5":"product_cat-ani-mektup-gunluk","6":"product_cat-edebiyat","7":"pa_cilt-ciltsiz","8":"pa_tur-kitap","9":"pa_yayinevi-kirmizi-kedi-yayinevi","10":"pa_yazar-enis-batur","12":"first","13":"instock","14":"sale","15":"shipping-taxable","16":"purchasable","17":"product-type-simple"},"_links":{"self":[{"href":"https:\/\/roveyayinevi.com.tr\/index.php\/wp-json\/wp\/v2\/product\/709125","targetHints":{"allow":["GET"]}}],"collection":[{"href":"https:\/\/roveyayinevi.com.tr\/index.php\/wp-json\/wp\/v2\/product"}],"about":[{"href":"https:\/\/roveyayinevi.com.tr\/index.php\/wp-json\/wp\/v2\/types\/product"}],"wp:attachment":[{"href":"https:\/\/roveyayinevi.com.tr\/index.php\/wp-json\/wp\/v2\/media?parent=709125"}],"wp:term":[{"taxonomy":"product_brand","embeddable":true,"href":"https:\/\/roveyayinevi.com.tr\/index.php\/wp-json\/wp\/v2\/product_brand?post=709125"},{"taxonomy":"product_cat","embeddable":true,"href":"https:\/\/roveyayinevi.com.tr\/index.php\/wp-json\/wp\/v2\/product_cat?post=709125"},{"taxonomy":"product_tag","embeddable":true,"href":"https:\/\/roveyayinevi.com.tr\/index.php\/wp-json\/wp\/v2\/product_tag?post=709125"}],"curies":[{"name":"wp","href":"https:\/\/api.w.org\/{rel}","templated":true}]}}