{"id":709124,"date":"2025-08-27T16:22:04","date_gmt":"2025-08-27T13:22:04","guid":{"rendered":"https:\/\/roveyayinevi.com.tr\/index.php\/urun\/gelenekli-turk-anlatilari\/"},"modified":"2026-04-16T02:17:57","modified_gmt":"2026-04-15T23:17:57","slug":"gelenekli-turk-anlatilari","status":"publish","type":"product","link":"https:\/\/roveyayinevi.com.tr\/index.php\/urun\/gelenekli-turk-anlatilari\/","title":{"rendered":"Gelenekli T\u00fcrk Anlat\u0131lar\u0131"},"content":{"rendered":"<p>Gelenekli T\u00fcrk anlat\u0131lar\u0131n\u0131n k\u00f6keni mitlere kadar uzan\u0131r. Mitolojik d\u00f6nemde T\u00fcrk halk\u0131 k\u00e2inat\u0131n, d\u00fcnyan\u0131n, insanlar\u0131n, di\u011fer varl\u0131klar\u0131n yarat\u0131l\u0131\u015f\u0131 ve sonlar\u0131 hakk\u0131nda duyduklar\u0131n\u0131, d\u00fc\u015f\u00fcnd\u00fcklerini, alg\u0131lad\u0131klar\u0131n\u0131, inand\u0131klar\u0131n\u0131 mitlerle (mitos) anlatm\u0131\u015ft\u0131r. Anlat\u0131 (narration, tahkiye) gelene\u011finin ba\u015flang\u0131c\u0131 say\u0131labilecek mitler insanlar\u0131n yarat\u0131l\u0131\u015fla ve sona eri\u015fle (k\u0131yamet) ilgili yorumlar\u0131ndan olu\u015fmakla birlikte, bu yorumlar zamanla inan\u00e7 kal\u0131plar\u0131na d\u00f6n\u00fc\u015f\u00fcr. Mitlerin \u00f6zel anlat\u0131c\u0131lar\u0131 olmamakla birlikte kam, \u015faman, ozan gibi adlar verilen sanat\u00e7\u0131-din adamlar\u0131 taraf\u0131ndan anlat\u0131lanlardan bir k\u0131sm\u0131 \u015fiir diliyle dile getirilince daha etkileyici ve kal\u0131c\u0131 olur. Halk\u0131n nesirle dile getirdiklerini naz\u0131m diliyle s\u00f6yleyen sanat\u00e7\u0131-din adamlar\u0131 \u201cmitos\u201dtan \u201cepos\u201da ge\u00e7i\u015fi sa\u011flar. Mitlerin bir k\u0131sm\u0131 efsaneye d\u00f6n\u00fc\u015f\u00fcrken, mitolojik efsaneler ve motiflerden bir k\u0131sm\u0131 da destanlar\u0131n olu\u015fumunda \u00f6nemli bir yer tutar. Mitolojik motifler yaln\u0131zca efsanelerde ve destanlarda de\u011fil, di\u011fer anlat\u0131 t\u00fcrlerinden masallarda ve destan gelene\u011finin devam\u0131 olan hik\u00e2yelerde de yer al\u0131r. Anlat\u0131lar aras\u0131 ge\u00e7i\u015fler yaln\u0131zca destandan hik\u00e2yeye ge\u00e7i\u015fle s\u0131n\u0131rl\u0131 kalmay\u0131p di\u011fer anlat\u0131 t\u00fcrleri aras\u0131nda da ge\u00e7i\u015fler olabilmektedir. Bayram Durbilmez&#8217;in muhtelif zamanlarda kaleme ald\u0131\u011f\u0131 akademik \u00e7al\u0131\u015fmalar\u0131ndan olu\u015fan kitapta hem halkbilimi hem de edebiyat ara\u015ft\u0131rmac\u0131lar\u0131n\u0131n ilgiyle okuyacaklar\u0131 halk hik\u00e2yeleri, efsaneler\/menkabeler, f\u0131kralar, gelenekli T\u00fcrk tiyatrosu hakk\u0131nda ve anlat\u0131lardaki baz\u0131 motiflerle ilgili ara\u015ft\u0131rmalara\/incelemelere yer verilmi\u015ftir. \ufffcTan\u0131t\u0131m Metni<\/p>\n","protected":false},"excerpt":{"rendered":"<p>Gelenekli T\u00fcrk anlat\u0131lar\u0131n\u0131n k\u00f6keni mitlere kadar uzan\u0131r. Mitolojik d\u00f6nemde T\u00fcrk halk\u0131 k\u00e2inat\u0131n, d\u00fcnyan\u0131n, insanlar\u0131n, di\u011fer varl\u0131klar\u0131n yarat\u0131l\u0131\u015f\u0131 ve sonlar\u0131 hakk\u0131nda duyduklar\u0131n\u0131, d\u00fc\u015f\u00fcnd\u00fcklerini, alg\u0131lad\u0131klar\u0131n\u0131, inand\u0131klar\u0131n\u0131 mitlerle (mitos)<span class=\"excerpt-hellip\"> [\u2026]<\/span><\/p>\n","protected":false},"featured_media":0,"template":"","meta":{"_monsterinsights_skip_tracking":false,"_monsterinsights_sitenote_active":false,"_monsterinsights_sitenote_note":"","_monsterinsights_sitenote_category":0},"product_brand":[],"product_cat":[12291,13706],"product_tag":[],"class_list":{"0":"post-709124","1":"product","2":"type-product","3":"status-publish","5":"product_cat-edebiyat","6":"product_cat-efsane-destan-masal","7":"pa_cilt-ciltsiz","8":"pa_tur-kitap","9":"pa_yayinevi-otuken-nesriyat","10":"pa_yazar-bayram-durbilmez","12":"first","13":"instock","14":"sale","15":"shipping-taxable","16":"purchasable","17":"product-type-simple"},"_links":{"self":[{"href":"https:\/\/roveyayinevi.com.tr\/index.php\/wp-json\/wp\/v2\/product\/709124","targetHints":{"allow":["GET"]}}],"collection":[{"href":"https:\/\/roveyayinevi.com.tr\/index.php\/wp-json\/wp\/v2\/product"}],"about":[{"href":"https:\/\/roveyayinevi.com.tr\/index.php\/wp-json\/wp\/v2\/types\/product"}],"wp:attachment":[{"href":"https:\/\/roveyayinevi.com.tr\/index.php\/wp-json\/wp\/v2\/media?parent=709124"}],"wp:term":[{"taxonomy":"product_brand","embeddable":true,"href":"https:\/\/roveyayinevi.com.tr\/index.php\/wp-json\/wp\/v2\/product_brand?post=709124"},{"taxonomy":"product_cat","embeddable":true,"href":"https:\/\/roveyayinevi.com.tr\/index.php\/wp-json\/wp\/v2\/product_cat?post=709124"},{"taxonomy":"product_tag","embeddable":true,"href":"https:\/\/roveyayinevi.com.tr\/index.php\/wp-json\/wp\/v2\/product_tag?post=709124"}],"curies":[{"name":"wp","href":"https:\/\/api.w.org\/{rel}","templated":true}]}}