{"id":709123,"date":"2025-08-27T16:22:04","date_gmt":"2025-08-27T13:22:04","guid":{"rendered":"https:\/\/roveyayinevi.com.tr\/index.php\/urun\/bir-bakista-heterosiklik-kimya\/"},"modified":"2026-04-16T02:17:57","modified_gmt":"2026-04-15T23:17:57","slug":"bir-bakista-heterosiklik-kimya","status":"publish","type":"product","link":"https:\/\/roveyayinevi.com.tr\/index.php\/urun\/bir-bakista-heterosiklik-kimya\/","title":{"rendered":"Bir Bak\u0131\u015fta Heterosiklik Kimya"},"content":{"rendered":"<p>\u0130\u00e7indekiler1-Heterosiklik bile\u015fiklerin adland\u0131r\u0131lmas\u01312-Heteroaromatik bile\u015fiklerin yap\u0131lar\u01313-Heterosiklik Kimyada genel reaksiyon tipleri4-Heterosiklik Kimyada paladyum5-Piridinler6-Diazinler7-Kinolinler ve \u0130zokinolinler8-Pirilyumlar, Benzopirilyumlar, Pironlar ve Benzopironlar9-Piroller10-\u0130ndoller11-Furanlar ve Tiyofenler12-1.2 Azoller ve 1,3 Azoller13-P\u00fcrinler14- \u0130kiden fazla heteroatom i\u00e7eren heterosiklikler ;15-Kayna\u015fma Noktas\u0131nda azot i\u00e7eren Heterosiklikler(k\u00f6pr\u00fcba\u015f\u0131 azotu)16-Aromatik Olmayan Heterosiklikler17- Do\u011fada Heterosiklikler18-T\u0131pta Heterosiklikler19-G\u00fcndelik ya\u015famda Heterosiklik olaylar ve uygulamalar\u0131 <\/p>\n","protected":false},"excerpt":{"rendered":"<p>\u0130\u00e7indekiler1-Heterosiklik bile\u015fiklerin adland\u0131r\u0131lmas\u01312-Heteroaromatik bile\u015fiklerin yap\u0131lar\u01313-Heterosiklik Kimyada genel reaksiyon tipleri4-Heterosiklik Kimyada paladyum5-Piridinler6-Diazinler7-Kinolinler ve \u0130zokinolinler8-Pirilyumlar, Benzopirilyumlar, Pironlar ve Benzopironlar9-Piroller10-\u0130ndoller11-Furanlar ve Tiyofenler12-1.2 Azoller ve 1,3 Azoller13-P\u00fcrinler14- \u0130kiden fazla heteroatom<span class=\"excerpt-hellip\"> [\u2026]<\/span><\/p>\n","protected":false},"featured_media":0,"template":"","meta":{"_monsterinsights_skip_tracking":false,"_monsterinsights_sitenote_active":false,"_monsterinsights_sitenote_note":"","_monsterinsights_sitenote_category":0},"product_brand":[],"product_cat":[12573,12566],"product_tag":[],"class_list":{"0":"post-709123","1":"product","2":"type-product","3":"status-publish","5":"product_cat-akademik-kitaplar","6":"product_cat-egitim","7":"pa_cilt-ciltli","8":"pa_tur-kitap","9":"pa_yayinevi-gazi-kitabevi","10":"pa_yazar-john-a-joule-keith-mills","12":"first","13":"instock","14":"sale","15":"shipping-taxable","16":"purchasable","17":"product-type-simple"},"_links":{"self":[{"href":"https:\/\/roveyayinevi.com.tr\/index.php\/wp-json\/wp\/v2\/product\/709123","targetHints":{"allow":["GET"]}}],"collection":[{"href":"https:\/\/roveyayinevi.com.tr\/index.php\/wp-json\/wp\/v2\/product"}],"about":[{"href":"https:\/\/roveyayinevi.com.tr\/index.php\/wp-json\/wp\/v2\/types\/product"}],"wp:attachment":[{"href":"https:\/\/roveyayinevi.com.tr\/index.php\/wp-json\/wp\/v2\/media?parent=709123"}],"wp:term":[{"taxonomy":"product_brand","embeddable":true,"href":"https:\/\/roveyayinevi.com.tr\/index.php\/wp-json\/wp\/v2\/product_brand?post=709123"},{"taxonomy":"product_cat","embeddable":true,"href":"https:\/\/roveyayinevi.com.tr\/index.php\/wp-json\/wp\/v2\/product_cat?post=709123"},{"taxonomy":"product_tag","embeddable":true,"href":"https:\/\/roveyayinevi.com.tr\/index.php\/wp-json\/wp\/v2\/product_tag?post=709123"}],"curies":[{"name":"wp","href":"https:\/\/api.w.org\/{rel}","templated":true}]}}