{"id":709122,"date":"2025-08-27T16:22:03","date_gmt":"2025-08-27T13:22:03","guid":{"rendered":"https:\/\/roveyayinevi.com.tr\/index.php\/urun\/ogrenciler-icin-nutuk\/"},"modified":"2026-04-16T02:17:57","modified_gmt":"2026-04-15T23:17:57","slug":"ogrenciler-icin-nutuk","status":"publish","type":"product","link":"https:\/\/roveyayinevi.com.tr\/index.php\/urun\/ogrenciler-icin-nutuk\/","title":{"rendered":"\u00d6\u011frenciler \u0130\u00e7in Nutuk"},"content":{"rendered":"<p>Atat\u00fcrk\u2019\u00fcn Gen\u00e7li\u011fe HitabesiEy T\u00fcrk Gen\u00e7li\u011fi!Birinci vazifen, T\u00fcrk istiklalini, T\u00fcrk Cumhuriyeti\u2019ni, ilelebet muhafaza ve m\u00fcdafaa etmektir.Mevcudiyetinin ve istikbalinin yeg\u00e2ne temeli budur. Bu temel senin en k\u0131ymetli hazinendir. \u0130stikbalde dahi seni bu hazineden mahrum etmek isteyecek, dahili ve harici bedhahlar\u0131n olacakt\u0131r. Bir g\u00fcn, istiklal ve cumhuriyeti m\u00fcdafaa mecburiyetine d\u00fc\u015fersen, vazifeye at\u0131lmak i\u00e7in, i\u00e7inde bulunaca\u011f\u0131n vaziyetin imk\u00e2n ve \u015feraitini d\u00fc\u015f\u00fcnmeyeceksin! Bu imk\u00e2n ve \u015ferait, \u00e7ok nam\u00fcsait bir mahiyette tezah\u00fcr edebilir. \u0130stiklal ve cumhuriyetine kastedecek d\u00fc\u015fmanlar, b\u00fct\u00fcn d\u00fcnyada emsali g\u00f6r\u00fclmemi\u015f bir galibiyetin m\u00fcmessili olabilirler. Cebren ve hile ile aziz vatan\u0131n b\u00fct\u00fcn kaleleri zapt edilmi\u015f, b\u00fct\u00fcn tersanelerine girilmi\u015f, b\u00fct\u00fcn ordular\u0131 da\u011f\u0131t\u0131lm\u0131\u015f ve memleketin her k\u00f6\u015fesi bilfiil i\u015fgal edilmi\u015f olabilir. B\u00fct\u00fcn bu \u015feraitten daha elim ve daha vahim olmak \u00fczere, memleketin dahilinde, iktidara sahip olanlar gaflet ve dalalet ve hatta h\u0131yanet i\u00e7inde bulunabilirler. Hatta bu iktidar sahipleri \u015fahsi menfaatlerini, m\u00fcstevlilerin siyasi emelleriyle tevhit edebilirler. Millet, fakr u zaruret i\u00e7inde harap ve bitap d\u00fc\u015fm\u00fc\u015f olabilir.Ey T\u00fcrk istikbalinin evlad\u0131! \u0130\u015fte, bu ahval ve \u015ferait i\u00e7inde dahi vazifen, T\u00fcrk istiklal ve cumhuriyetini kurtarmakt\u0131r! Muhta\u00e7 oldu\u011fun kudret, damarlar\u0131ndaki asil kanda mevcuttur!Mustafa Kemal <\/p>\n","protected":false},"excerpt":{"rendered":"<p>Atat\u00fcrk\u2019\u00fcn Gen\u00e7li\u011fe HitabesiEy T\u00fcrk Gen\u00e7li\u011fi!Birinci vazifen, T\u00fcrk istiklalini, T\u00fcrk Cumhuriyeti\u2019ni, ilelebet muhafaza ve m\u00fcdafaa etmektir.Mevcudiyetinin ve istikbalinin yeg\u00e2ne temeli budur. Bu temel senin en k\u0131ymetli hazinendir.<span class=\"excerpt-hellip\"> [\u2026]<\/span><\/p>\n","protected":false},"featured_media":0,"template":"","meta":{"_monsterinsights_skip_tracking":false,"_monsterinsights_sitenote_active":false,"_monsterinsights_sitenote_note":"","_monsterinsights_sitenote_category":0},"product_brand":[],"product_cat":[12274,14573],"product_tag":[],"class_list":{"0":"post-709122","1":"product","2":"type-product","3":"status-publish","5":"product_cat-cocuk-ve-genclik-kitaplari","6":"product_cat-referans-kitaplar-cocuk-ve-genclik-kitaplari","7":"pa_cilt-ciltsiz","8":"pa_tur-kitap","9":"pa_yayinevi-destek-yayinlari","10":"pa_yazar-mustafa-kemal-ataturk","12":"first","13":"instock","14":"sale","15":"shipping-taxable","16":"purchasable","17":"product-type-simple"},"_links":{"self":[{"href":"https:\/\/roveyayinevi.com.tr\/index.php\/wp-json\/wp\/v2\/product\/709122","targetHints":{"allow":["GET"]}}],"collection":[{"href":"https:\/\/roveyayinevi.com.tr\/index.php\/wp-json\/wp\/v2\/product"}],"about":[{"href":"https:\/\/roveyayinevi.com.tr\/index.php\/wp-json\/wp\/v2\/types\/product"}],"wp:attachment":[{"href":"https:\/\/roveyayinevi.com.tr\/index.php\/wp-json\/wp\/v2\/media?parent=709122"}],"wp:term":[{"taxonomy":"product_brand","embeddable":true,"href":"https:\/\/roveyayinevi.com.tr\/index.php\/wp-json\/wp\/v2\/product_brand?post=709122"},{"taxonomy":"product_cat","embeddable":true,"href":"https:\/\/roveyayinevi.com.tr\/index.php\/wp-json\/wp\/v2\/product_cat?post=709122"},{"taxonomy":"product_tag","embeddable":true,"href":"https:\/\/roveyayinevi.com.tr\/index.php\/wp-json\/wp\/v2\/product_tag?post=709122"}],"curies":[{"name":"wp","href":"https:\/\/api.w.org\/{rel}","templated":true}]}}